{"id":84177,"date":"2026-04-23T10:13:04","date_gmt":"2026-04-23T10:13:04","guid":{"rendered":"https:\/\/www.cm-benavente.pt\/?page_id=84177"},"modified":"2026-04-23T10:16:46","modified_gmt":"2026-04-23T10:16:46","slug":"informacao-de-veiculos-abandonados-na-via-publica","status":"publish","type":"page","link":"https:\/\/www.cm-benavente.pt\/index.php\/informacao-de-veiculos-abandonados-na-via-publica\/","title":{"rendered":"Informa\u00e7\u00e3o de ve\u00edculos abandonados na via p\u00fablica"},"content":{"rendered":"\t\t<div data-elementor-type=\"wp-page\" data-elementor-id=\"84177\" class=\"elementor elementor-84177\" data-elementor-post-type=\"page\">\n\t\t\t\t<div class=\"elementor-element elementor-element-55934d2f e-flex e-con-boxed e-con e-parent\" data-id=\"55934d2f\" data-element_type=\"container\" data-e-type=\"container\" data-settings=\"{&quot;tmea_shape_divider_top&quot;:&quot;none&quot;,&quot;tmea_shape_divider_bottom&quot;:&quot;none&quot;}\">\n\t\t\t\t\t<div class=\"e-con-inner\">\n\t\t\n\t\t<div class=\"elementor-element elementor-element-414211b elementor-widget elementor-widget-shortcode\" data-id=\"414211b\" data-element_type=\"widget\" data-e-type=\"widget\" data-widget_type=\"shortcode.default\">\n\t\t\t\t<div class=\"elementor-widget-container\">\n\t\t\t\t\t\t\t<div class=\"elementor-shortcode\"><div class=\"forminator-ui forminator-custom-form forminator-custom-form-84176 forminator-design--default  forminator_ajax\" data-forminator-render=\"0\" data-form=\"forminator-module-84176\" data-uid=\"69eba89e8048c\"><br\/><\/div><form\n\t\t\t\tid=\"forminator-module-84176\"\n\t\t\t\tclass=\"forminator-ui forminator-custom-form forminator-custom-form-84176 forminator-design--default  forminator_ajax\"\n\t\t\t\tmethod=\"post\"\n\t\t\t\tdata-forminator-render=\"0\"\n\t\t\t\tdata-form-id=\"84176\"\n\t\t\t\tenctype=\"multipart\/form-data\" data-color-option=\"theme\" data-design=\"default\" data-grid=\"open\" style=\"display: none;\"\n\t\t\t\tdata-uid=\"69eba89e8048c\"\n\t\t\t><div role=\"alert\" aria-live=\"polite\" class=\"forminator-response-message forminator-error\" aria-hidden=\"true\"><\/div><div class=\"forminator-row\"><div id=\"section-1\" class=\"forminator-field-section forminator-col forminator-col-12 \"><div class=\"forminator-field\"><h2 class=\"forminator-title\">Informa\u00e7\u00e3o de ve\u00edculo abandonado na via p\u00fablica<\/h2><h3 class=\"forminator-subtitle\">Nota: Fiscaliza\u00e7\u00e3o Municipal visita o local, sinaliza e ap\u00f3s 30 dias verifica se continua no mesmo local (via p\u00fablica). Se assim for, tenta avisar o propriet\u00e1rio, e coloca aviso.<\/h3><\/div><\/div><\/div><div class=\"forminator-row\"><div id=\"address-1\" class=\"forminator-field-address forminator-col forminator-col-12 \"><div class=\"forminator-row\"><div id=\"address-1-street_address\" class=\"forminator-col\"><div class=\"forminator-field\"><label for=\"forminator-field-address-1-street_address_69eba89e8048c\" id=\"forminator-field-address-1-street_address_69eba89e8048c-label\" class=\"forminator-label\">Rua<\/label><input type=\"text\" name=\"address-1-street_address\" placeholder=\"\" id=\"forminator-field-address-1-street_address_69eba89e8048c\" class=\"forminator-input\" data-required=\"\" aria-required=\"false\" autocomplete=\"address-line1\" value=\"\" \/><\/div><\/div><\/div><div class=\"forminator-row\"><div id=\"address-1-address_line\" class=\"forminator-col\"><div class=\"forminator-field\"><label for=\"forminator-field-address-1-address_line_69eba89e8048c\" id=\"forminator-field-address-1-address_line_69eba89e8048c-label\" class=\"forminator-label\">N\u00ba<\/label><input type=\"text\" name=\"address-1-address_line\" placeholder=\"\" id=\"forminator-field-address-1-address_line_69eba89e8048c\" class=\"forminator-input\" data-required=\"\" aria-required=\"false\" autocomplete=\"address-line2\" value=\"\" \/><\/div><\/div><\/div><div class=\"forminator-row\" data-multiple=\"false\"><div id=\"address-1-city\" class=\"forminator-col forminator-col-12\"><div class=\"forminator-field\"><label for=\"forminator-field-address-1-city_69eba89e8048c\" id=\"forminator-field-address-1-city_69eba89e8048c-label\" class=\"forminator-label\">Localidade<\/label><input type=\"text\" name=\"address-1-city\" placeholder=\"\" id=\"forminator-field-address-1-city_69eba89e8048c\" class=\"forminator-input\" data-required=\"\" aria-required=\"false\" autocomplete=\"address-level2\" value=\"\" \/><\/div><\/div><\/div><\/div><\/div><div class=\"forminator-row\"><div id=\"textarea-1\" class=\"forminator-field-textarea forminator-col forminator-col-12 \"><div class=\"forminator-field\"><label for=\"forminator-field-textarea-1_69eba89e8048c\" id=\"forminator-field-textarea-1_69eba89e8048c-label\" class=\"forminator-label\">Refer\u00eancias<\/label><textarea name=\"textarea-1\" placeholder=\"\" id=\"forminator-field-textarea-1_69eba89e8048c\" class=\"forminator-textarea\" rows=\"6\" style=\"--forminator-textarea-min-height:140px;\" ><\/textarea><\/div><\/div><\/div><div class=\"forminator-row\"><div id=\"text-1\" class=\"forminator-field-text forminator-col forminator-col-12 \"><div class=\"forminator-field\"><label for=\"forminator-field-text-1_69eba89e8048c\" id=\"forminator-field-text-1_69eba89e8048c-label\" class=\"forminator-label\">Matr\u00edcula<\/label><input type=\"text\" name=\"text-1\" value=\"\" placeholder=\"\" id=\"forminator-field-text-1_69eba89e8048c\" class=\"forminator-input forminator-name--field\" data-required=\"\" \/><\/div><\/div><\/div><div class=\"forminator-row\"><div id=\"text-2\" class=\"forminator-field-text forminator-col forminator-col-12 \"><div class=\"forminator-field\"><label for=\"forminator-field-text-2_69eba89e8048c\" id=\"forminator-field-text-2_69eba89e8048c-label\" class=\"forminator-label\">Cor<\/label><input type=\"text\" name=\"text-2\" value=\"\" placeholder=\"\" id=\"forminator-field-text-2_69eba89e8048c\" class=\"forminator-input forminator-name--field\" data-required=\"\" \/><\/div><\/div><\/div><div class=\"forminator-row\"><div id=\"text-3\" class=\"forminator-field-text forminator-col forminator-col-12 \"><div class=\"forminator-field\"><label for=\"forminator-field-text-3_69eba89e8048c\" id=\"forminator-field-text-3_69eba89e8048c-label\" class=\"forminator-label\">Marca<\/label><input type=\"text\" name=\"text-3\" value=\"\" placeholder=\"\" id=\"forminator-field-text-3_69eba89e8048c\" class=\"forminator-input forminator-name--field\" data-required=\"\" \/><\/div><\/div><\/div><div class=\"forminator-row\"><div id=\"text-4\" class=\"forminator-field-text forminator-col forminator-col-12 \"><div class=\"forminator-field\"><label for=\"forminator-field-text-4_69eba89e8048c\" id=\"forminator-field-text-4_69eba89e8048c-label\" class=\"forminator-label\">Modelo<\/label><input type=\"text\" name=\"text-4\" value=\"\" placeholder=\"\" id=\"forminator-field-text-4_69eba89e8048c\" class=\"forminator-input forminator-name--field\" data-required=\"\" \/><\/div><\/div><\/div><div class=\"forminator-row\"><div id=\"upload-1\" class=\"forminator-field-upload forminator-col forminator-col-12 \"><div class=\"forminator-field\"><label for=\"forminator-field-upload-1_69eba89e8048c\" id=\"forminator-field-upload-1_69eba89e8048c-label\" class=\"forminator-label\">Fotografias<\/label><div class=\"forminator-multi-upload \" data-element=\"upload-1_69eba89e8048c\"><input type=\"file\" name=\"upload-1[]\" id=\"forminator-field-upload-1_69eba89e8048c\" class=\"forminator-input-file forminator-field-upload-1_69eba89e8048c-84176\" multiple=\"multiple\" data-method=\"ajax\" accept=\".jpg,.jpeg,.jpe,.gif,.png,.bmp,.tiff,.tif,.webp,.avif,.ico,.heic,.heif,.heics,.heifs,.psd,.xcf,.json\" data-size=\"8000000\" data-size-message=\"Maximum file size allowed is 8 MB. \" data-filetype=\"jpg|jpeg|jpe|gif|png|bmp|tiff|tif|webp|avif|ico|heic|heif|heics|heifs|psd|xcf|json\" data-filetype-message=\"file extension is not allowed.\"><div class=\"forminator-multi-upload-message\" aria-hidden=\"true\"><span class=\"forminator-icon-upload\" aria-hidden=\"true\"><\/span><p>Drag and Drop (or) <a class=\"forminator-upload-file--forminator-field-upload-1_69eba89e8048c\" href=\"#\" onclick=\"return false;\">Choose Files<\/a><\/p><\/div><\/div><ul class=\"forminator-uploaded-files upload-container-upload-1_69eba89e8048c\"><\/ul><\/div><\/div><\/div><div class=\"forminator-row\"><div id=\"text-5\" class=\"forminator-field-text forminator-col forminator-col-12 \"><div class=\"forminator-field\"><label for=\"forminator-field-text-5_69eba89e8048c\" id=\"forminator-field-text-5_69eba89e8048c-label\" class=\"forminator-label\">H\u00e1 quanto tempo est\u00e1 parado<\/label><input type=\"text\" name=\"text-5\" value=\"\" placeholder=\"\" id=\"forminator-field-text-5_69eba89e8048c\" class=\"forminator-input forminator-name--field\" data-required=\"\" \/><\/div><\/div><\/div><div class=\"forminator-row\"><div id=\"checkbox-1\" class=\"forminator-field-checkbox forminator-col forminator-col-12 \"><div role=\"group\" class=\"forminator-field\" aria-labelledby=\"forminator-checkbox-group-forminator-field-checkbox-1-69eba89e8048c-label\"><span id=\"forminator-checkbox-group-forminator-field-checkbox-1-69eba89e8048c-label\" class=\"forminator-label\">Sinais de abandono<\/span><label id=\"forminator-field-checkbox-1-1-69eba89e8048c-label\" for=\"forminator-field-checkbox-1-1-69eba89e8048c\" class=\"forminator-checkbox\" title=\"pneus vazios\"><input type=\"checkbox\" name=\"checkbox-1[]\" value=\"one\" id=\"forminator-field-checkbox-1-1-69eba89e8048c\" aria-labelledby=\"forminator-field-checkbox-1-1-69eba89e8048c-label\" data-calculation=\"0\"   data-hidden-behavior=\"zero\"\/><span class=\"forminator-checkbox-box\" aria-hidden=\"true\"><\/span><span class=\"forminator-checkbox-label\">pneus vazios<\/span><\/label><label id=\"forminator-field-checkbox-1-2-69eba89e8048c-label\" for=\"forminator-field-checkbox-1-2-69eba89e8048c\" class=\"forminator-checkbox\" title=\"vidros partidos\"><input type=\"checkbox\" name=\"checkbox-1[]\" value=\"two\" id=\"forminator-field-checkbox-1-2-69eba89e8048c\" aria-labelledby=\"forminator-field-checkbox-1-2-69eba89e8048c-label\" data-calculation=\"0\"   data-hidden-behavior=\"zero\"\/><span class=\"forminator-checkbox-box\" aria-hidden=\"true\"><\/span><span class=\"forminator-checkbox-label\">vidros partidos<\/span><\/label><label id=\"forminator-field-checkbox-1-3-69eba89e8048c-label\" for=\"forminator-field-checkbox-1-3-69eba89e8048c\" class=\"forminator-checkbox\" title=\"sem inspe\u00e7\u00e3o \/ sem selo\"><input type=\"checkbox\" name=\"checkbox-1[]\" value=\"sem-inspe\u00e7\u00e3o---sem-selo\" id=\"forminator-field-checkbox-1-3-69eba89e8048c\" aria-labelledby=\"forminator-field-checkbox-1-3-69eba89e8048c-label\" data-calculation=\"0\"   data-hidden-behavior=\"zero\"\/><span class=\"forminator-checkbox-box\" aria-hidden=\"true\"><\/span><span class=\"forminator-checkbox-label\">sem inspe\u00e7\u00e3o \/ sem selo<\/span><\/label><label id=\"forminator-field-checkbox-1-4-69eba89e8048c-label\" for=\"forminator-field-checkbox-1-4-69eba89e8048c\" class=\"forminator-checkbox\" title=\"acumula\u00e7\u00e3o de lixo\"><input type=\"checkbox\" name=\"checkbox-1[]\" value=\"acumula\u00e7\u00e3o-de-lixo\" id=\"forminator-field-checkbox-1-4-69eba89e8048c\" aria-labelledby=\"forminator-field-checkbox-1-4-69eba89e8048c-label\" data-calculation=\"0\"   data-hidden-behavior=\"zero\"\/><span class=\"forminator-checkbox-box\" aria-hidden=\"true\"><\/span><span class=\"forminator-checkbox-label\">acumula\u00e7\u00e3o de lixo<\/span><\/label><\/div><\/div><\/div><input type=\"hidden\" name=\"referer_url\" value=\"\" \/><div class=\"forminator-row forminator-row-last\"><div class=\"forminator-col\"><div class=\"forminator-field\"><button class=\"forminator-button forminator-button-submit\">Enviar<\/button><\/div><\/div><\/div><input type=\"hidden\" id=\"forminator_nonce\" name=\"forminator_nonce\" value=\"4157aa8dbd\" \/><input type=\"hidden\" name=\"_wp_http_referer\" value=\"\/index.php\/wp-json\/wp\/v2\/pages\/84177\" \/><input type=\"hidden\" name=\"form_id\" value=\"84176\"><input type=\"hidden\" name=\"page_id\" value=\"84177\"><input type=\"hidden\" name=\"form_type\" value=\"default\"><input type=\"hidden\" name=\"current_url\" value=\"https:\/\/www.cm-benavente.pt\/index.php\/informacao-de-veiculos-abandonados-na-via-publica\/\"><input type=\"hidden\" name=\"render_id\" value=\"0\"><input type=\"hidden\" name=\"forminator-multifile-hidden\" class=\"forminator-multifile-hidden\"><input type=\"hidden\" name=\"action\" value=\"forminator_submit_form_custom-forms\"><\/form><\/div>\n\t\t\t\t\t\t<\/div>\n\t\t\t\t<\/div>\n\t\t\t\t\t<\/div>\n\t\t\t\t<\/div>\n\t\t\t\t<\/div>\n\t\t","protected":false},"excerpt":{"rendered":"","protected":false},"author":3,"featured_media":0,"parent":0,"menu_order":0,"comment_status":"closed","ping_status":"closed","template":"","meta":{"_vp_format_video_url":"","_vp_image_focal_point":[],"footnotes":""},"class_list":["post-84177","page","type-page","status-publish","hentry"],"_links":{"self":[{"href":"https:\/\/www.cm-benavente.pt\/index.php\/wp-json\/wp\/v2\/pages\/84177","targetHints":{"allow":["GET"]}}],"collection":[{"href":"https:\/\/www.cm-benavente.pt\/index.php\/wp-json\/wp\/v2\/pages"}],"about":[{"href":"https:\/\/www.cm-benavente.pt\/index.php\/wp-json\/wp\/v2\/types\/page"}],"author":[{"embeddable":true,"href":"https:\/\/www.cm-benavente.pt\/index.php\/wp-json\/wp\/v2\/users\/3"}],"replies":[{"embeddable":true,"href":"https:\/\/www.cm-benavente.pt\/index.php\/wp-json\/wp\/v2\/comments?post=84177"}],"version-history":[{"count":5,"href":"https:\/\/www.cm-benavente.pt\/index.php\/wp-json\/wp\/v2\/pages\/84177\/revisions"}],"predecessor-version":[{"id":84278,"href":"https:\/\/www.cm-benavente.pt\/index.php\/wp-json\/wp\/v2\/pages\/84177\/revisions\/84278"}],"wp:attachment":[{"href":"https:\/\/www.cm-benavente.pt\/index.php\/wp-json\/wp\/v2\/media?parent=84177"}],"curies":[{"name":"wp","href":"https:\/\/api.w.org\/{rel}","templated":true}]}}