{"id":5830,"date":"2021-07-01T16:19:33","date_gmt":"2021-07-01T16:19:33","guid":{"rendered":"https:\/\/terradasideias.net\/cmb\/?page_id=5830"},"modified":"2023-10-03T11:09:06","modified_gmt":"2023-10-03T11:09:06","slug":"projetos","status":"publish","type":"page","link":"https:\/\/www.cm-benavente.pt\/index.php\/viver\/educacao\/projetos\/","title":{"rendered":"Projetos"},"content":{"rendered":"\t\t<div data-elementor-type=\"wp-page\" data-elementor-id=\"5830\" class=\"elementor elementor-5830\" data-elementor-post-type=\"page\">\n\t\t\t\t\t\t<section class=\"elementor-section elementor-top-section elementor-element elementor-element-111a615 elementor-section-boxed elementor-section-height-default elementor-section-height-default\" data-id=\"111a615\" data-element_type=\"section\" data-e-type=\"section\" data-settings=\"{&quot;tmea_shape_divider_top&quot;:&quot;none&quot;,&quot;tmea_shape_divider_bottom&quot;:&quot;none&quot;}\">\n\t\t\t\t\t\t<div class=\"elementor-container elementor-column-gap-default\">\n\t\t\t\t\t<div class=\"elementor-column elementor-col-100 elementor-top-column elementor-element elementor-element-5e242d0\" data-id=\"5e242d0\" data-element_type=\"column\" data-e-type=\"column\">\n\t\t\t<div class=\"elementor-widget-wrap\">\n\t\t\t\t\t\t\t<\/div>\n\t\t<\/div>\n\t\t\t\t\t<\/div>\n\t\t<\/section>\n\t\t\t\t<section class=\"elementor-section elementor-top-section elementor-element elementor-element-6186a46 elementor-section-height-min-height elementor-section-boxed elementor-section-height-default elementor-section-items-middle\" data-id=\"6186a46\" data-element_type=\"section\" data-e-type=\"section\" data-settings=\"{&quot;background_background&quot;:&quot;slideshow&quot;,&quot;background_slideshow_ken_burns&quot;:&quot;yes&quot;,&quot;background_slideshow_gallery&quot;:[{&quot;id&quot;:11927,&quot;url&quot;:&quot;https:\\\/\\\/www.cm-benavente.pt\\\/wp-content\\\/uploads\\\/2021\\\/07\\\/3.jpg&quot;}],&quot;tmea_shape_divider_top&quot;:&quot;none&quot;,&quot;tmea_shape_divider_bottom&quot;:&quot;none&quot;,&quot;background_slideshow_loop&quot;:&quot;yes&quot;,&quot;background_slideshow_slide_duration&quot;:5000,&quot;background_slideshow_slide_transition&quot;:&quot;fade&quot;,&quot;background_slideshow_transition_duration&quot;:500,&quot;background_slideshow_ken_burns_zoom_direction&quot;:&quot;in&quot;}\">\n\t\t\t\t\t\t\t<div class=\"elementor-background-overlay\"><\/div>\n\t\t\t\t\t\t\t<div class=\"elementor-container elementor-column-gap-default\">\n\t\t\t\t\t<div class=\"elementor-column elementor-col-100 elementor-top-column elementor-element elementor-element-c5a820c elementor-invisible\" data-id=\"c5a820c\" data-element_type=\"column\" data-e-type=\"column\" data-settings=\"{&quot;animation&quot;:&quot;fadeIn&quot;}\">\n\t\t\t<div class=\"elementor-widget-wrap elementor-element-populated\">\n\t\t\t\t\t\t<div class=\"elementor-element elementor-element-1b21097 elementor-widget elementor-widget-heading\" data-id=\"1b21097\" data-element_type=\"widget\" data-e-type=\"widget\" data-widget_type=\"heading.default\">\n\t\t\t\t<div class=\"elementor-widget-container\">\n\t\t\t\t\t<h2 class=\"elementor-heading-title elementor-size-default\">EDUCA\u00c7\u00c3O<\/h2>\t\t\t\t<\/div>\n\t\t\t\t<\/div>\n\t\t\t\t<div class=\"elementor-element elementor-element-1efac38 elementor-widget elementor-widget-heading\" data-id=\"1efac38\" data-element_type=\"widget\" data-e-type=\"widget\" data-widget_type=\"heading.default\">\n\t\t\t\t<div class=\"elementor-widget-container\">\n\t\t\t\t\t<h2 class=\"elementor-heading-title elementor-size-default\">Projetos<\/h2>\t\t\t\t<\/div>\n\t\t\t\t<\/div>\n\t\t\t\t\t<\/div>\n\t\t<\/div>\n\t\t\t\t\t<\/div>\n\t\t<\/section>\n\t\t\t\t<section class=\"elementor-section elementor-top-section elementor-element elementor-element-6938cc6e elementor-section-boxed elementor-section-height-default elementor-section-height-default\" data-id=\"6938cc6e\" data-element_type=\"section\" data-e-type=\"section\" data-settings=\"{&quot;tmea_shape_divider_top&quot;:&quot;none&quot;,&quot;tmea_shape_divider_bottom&quot;:&quot;none&quot;}\">\n\t\t\t\t\t\t<div class=\"elementor-container elementor-column-gap-no\">\n\t\t\t\t\t<div class=\"elementor-column elementor-col-100 elementor-top-column elementor-element elementor-element-13ec2bfb\" data-id=\"13ec2bfb\" data-element_type=\"column\" data-e-type=\"column\">\n\t\t\t<div class=\"elementor-widget-wrap elementor-element-populated\">\n\t\t\t\t\t\t<div class=\"elementor-element elementor-element-9f8dc35 elementor-widget elementor-widget-image\" data-id=\"9f8dc35\" data-element_type=\"widget\" data-e-type=\"widget\" data-widget_type=\"image.default\">\n\t\t\t\t<div class=\"elementor-widget-container\">\n\t\t\t\t\t\t\t\t\t\t\t\t\t\t\t<img fetchpriority=\"high\" decoding=\"async\" width=\"1536\" height=\"351\" src=\"https:\/\/www.cm-benavente.pt\/wp-content\/uploads\/2021\/07\/LOGO_FRUTIBRINCAR-1536x351.png\" class=\"attachment-1536x1536 size-1536x1536 wp-image-11919\" alt=\"\" srcset=\"https:\/\/www.cm-benavente.pt\/wp-content\/uploads\/2021\/07\/LOGO_FRUTIBRINCAR-1536x351.png 1536w, https:\/\/www.cm-benavente.pt\/wp-content\/uploads\/2021\/07\/LOGO_FRUTIBRINCAR-300x69.png 300w, https:\/\/www.cm-benavente.pt\/wp-content\/uploads\/2021\/07\/LOGO_FRUTIBRINCAR-1024x234.png 1024w, https:\/\/www.cm-benavente.pt\/wp-content\/uploads\/2021\/07\/LOGO_FRUTIBRINCAR-768x175.png 768w, https:\/\/www.cm-benavente.pt\/wp-content\/uploads\/2021\/07\/LOGO_FRUTIBRINCAR.png 1721w\" sizes=\"(max-width: 1536px) 100vw, 1536px\" \/>\t\t\t\t\t\t\t\t\t\t\t\t\t\t\t<\/div>\n\t\t\t\t<\/div>\n\t\t\t\t\t<\/div>\n\t\t<\/div>\n\t\t\t\t\t<\/div>\n\t\t<\/section>\n\t\t\t\t<section class=\"elementor-section elementor-top-section elementor-element elementor-element-dc7d856 elementor-section-boxed elementor-section-height-default elementor-section-height-default\" data-id=\"dc7d856\" data-element_type=\"section\" data-e-type=\"section\" data-settings=\"{&quot;tmea_shape_divider_top&quot;:&quot;none&quot;,&quot;tmea_shape_divider_bottom&quot;:&quot;none&quot;}\">\n\t\t\t\t\t\t<div class=\"elementor-container elementor-column-gap-default\">\n\t\t\t\t\t<div class=\"elementor-column elementor-col-33 elementor-top-column elementor-element elementor-element-0561a8f\" data-id=\"0561a8f\" data-element_type=\"column\" data-e-type=\"column\">\n\t\t\t<div class=\"elementor-widget-wrap elementor-element-populated\">\n\t\t\t\t\n\t\t<div class=\"elementor-element elementor-element-8c966c8 elementor-widget elementor-widget-text-editor\" data-id=\"8c966c8\" data-element_type=\"widget\" data-e-type=\"widget\" data-widget_type=\"text-editor.default\">\n\t\t\t\t<div class=\"elementor-widget-container\">\n\t\t\t\t\t\t\t\t\t<p>Frutibrincar<\/p>\t\t\t\t\t\t\t\t<\/div>\n\t\t\t\t<\/div>\n\t\t\t\t\t<\/div>\n\t\t<\/div>\n\t\t\t\t<div class=\"elementor-column elementor-col-66 elementor-top-column elementor-element elementor-element-06b3fd2\" data-id=\"06b3fd2\" data-element_type=\"column\" data-e-type=\"column\">\n\t\t\t<div class=\"elementor-widget-wrap elementor-element-populated\">\n\t\t\t\t\t\t<div class=\"elementor-element elementor-element-22322fb elementor-widget elementor-widget-text-editor\" data-id=\"22322fb\" data-element_type=\"widget\" data-e-type=\"widget\" data-widget_type=\"text-editor.default\">\n\t\t\t\t<div class=\"elementor-widget-container\">\n\t\t\t\t\t\t\t\t\t<p>O objetivo \u00e9 promover o consumo de fruta e a ado\u00e7\u00e3o de h\u00e1bitos alimentares saud\u00e1veis. Esta atividade consiste na constru\u00e7\u00e3o de v\u00e1rias figuras usando diferentes variedades de fruta. Com a participa\u00e7\u00e3o de personagens j\u00e1 conhecidas pelas crian\u00e7as, a Dr.\u00aa B\u00e9 e a Paulinha, pretendemos mostrar que comer fruta, al\u00e9m de saud\u00e1vel, pode ser divertido. Deliciem-se com estas constru\u00e7\u00f5es que as nossas crian\u00e7as fizeram:<\/p>\t\t\t\t\t\t\t\t<\/div>\n\t\t\t\t<\/div>\n\t\t\t\t\t<\/div>\n\t\t<\/div>\n\t\t\t\t\t<\/div>\n\t\t<\/section>\n\t\t\t\t<section class=\"elementor-section elementor-top-section elementor-element elementor-element-0cd672d elementor-section-boxed elementor-section-height-default elementor-section-height-default\" data-id=\"0cd672d\" data-element_type=\"section\" data-e-type=\"section\" data-settings=\"{&quot;tmea_shape_divider_top&quot;:&quot;none&quot;,&quot;tmea_shape_divider_bottom&quot;:&quot;none&quot;}\">\n\t\t\t\t\t\t<div class=\"elementor-container elementor-column-gap-default\">\n\t\t\t\t\t<div class=\"elementor-column elementor-col-100 elementor-top-column elementor-element elementor-element-e8fd56d\" data-id=\"e8fd56d\" data-element_type=\"column\" data-e-type=\"column\">\n\t\t\t<div class=\"elementor-widget-wrap elementor-element-populated\">\n\t\t\t\t\t\t<div class=\"elementor-element elementor-element-4f23896 elementor-widget elementor-widget-gallery\" data-id=\"4f23896\" data-element_type=\"widget\" data-e-type=\"widget\" data-settings=\"{&quot;columns&quot;:6,&quot;lazyload&quot;:&quot;yes&quot;,&quot;gallery_layout&quot;:&quot;grid&quot;,&quot;columns_tablet&quot;:2,&quot;columns_mobile&quot;:1,&quot;gap&quot;:{&quot;unit&quot;:&quot;px&quot;,&quot;size&quot;:10,&quot;sizes&quot;:[]},&quot;gap_widescreen&quot;:{&quot;unit&quot;:&quot;px&quot;,&quot;size&quot;:&quot;&quot;,&quot;sizes&quot;:[]},&quot;gap_laptop&quot;:{&quot;unit&quot;:&quot;px&quot;,&quot;size&quot;:10,&quot;sizes&quot;:[]},&quot;gap_tablet_extra&quot;:{&quot;unit&quot;:&quot;px&quot;,&quot;size&quot;:10,&quot;sizes&quot;:[]},&quot;gap_tablet&quot;:{&quot;unit&quot;:&quot;px&quot;,&quot;size&quot;:10,&quot;sizes&quot;:[]},&quot;gap_mobile_extra&quot;:{&quot;unit&quot;:&quot;px&quot;,&quot;size&quot;:10,&quot;sizes&quot;:[]},&quot;gap_mobile&quot;:{&quot;unit&quot;:&quot;px&quot;,&quot;size&quot;:10,&quot;sizes&quot;:[]},&quot;link_to&quot;:&quot;file&quot;,&quot;aspect_ratio&quot;:&quot;3:2&quot;,&quot;overlay_background&quot;:&quot;yes&quot;,&quot;content_hover_animation&quot;:&quot;fade-in&quot;}\" data-widget_type=\"gallery.default\">\n\t\t\t\t<div class=\"elementor-widget-container\">\n\t\t\t\t\t\t\t<div class=\"elementor-gallery__container\">\n\t\t\t\t\t\t\t<a class=\"e-gallery-item elementor-gallery-item elementor-animated-content\" href=\"https:\/\/www.cm-benavente.pt\/wp-content\/uploads\/2021\/07\/1.jpg\" data-elementor-open-lightbox=\"yes\" data-elementor-lightbox-slideshow=\"4f23896\" data-elementor-lightbox-title=\"1\" data-e-action-hash=\"#elementor-action%3Aaction%3Dlightbox%26settings%3DeyJpZCI6MTE5MjYsInVybCI6Imh0dHBzOlwvXC93d3cuY20tYmVuYXZlbnRlLnB0XC93cC1jb250ZW50XC91cGxvYWRzXC8yMDIxXC8wN1wvMS5qcGciLCJzbGlkZXNob3ciOiI0ZjIzODk2In0%3D\">\n\t\t\t\t\t<div class=\"e-gallery-image elementor-gallery-item__image\" data-thumbnail=\"https:\/\/www.cm-benavente.pt\/wp-content\/uploads\/2021\/07\/1-300x200.jpg\" data-width=\"300\" data-height=\"200\" aria-label=\"\" role=\"img\" ><\/div>\n\t\t\t\t\t\t\t\t\t\t\t<div class=\"elementor-gallery-item__overlay\"><\/div>\n\t\t\t\t\t\t\t\t\t\t\t\t\t\t<\/a>\n\t\t\t\t\t\t\t<a class=\"e-gallery-item elementor-gallery-item elementor-animated-content\" href=\"https:\/\/www.cm-benavente.pt\/wp-content\/uploads\/2021\/07\/3.jpg\" data-elementor-open-lightbox=\"yes\" data-elementor-lightbox-slideshow=\"4f23896\" data-elementor-lightbox-title=\"3\" data-e-action-hash=\"#elementor-action%3Aaction%3Dlightbox%26settings%3DeyJpZCI6MTE5MjcsInVybCI6Imh0dHBzOlwvXC93d3cuY20tYmVuYXZlbnRlLnB0XC93cC1jb250ZW50XC91cGxvYWRzXC8yMDIxXC8wN1wvMy5qcGciLCJzbGlkZXNob3ciOiI0ZjIzODk2In0%3D\">\n\t\t\t\t\t<div class=\"e-gallery-image elementor-gallery-item__image\" data-thumbnail=\"https:\/\/www.cm-benavente.pt\/wp-content\/uploads\/2021\/07\/3-300x200.jpg\" data-width=\"300\" data-height=\"200\" aria-label=\"\" role=\"img\" ><\/div>\n\t\t\t\t\t\t\t\t\t\t\t<div class=\"elementor-gallery-item__overlay\"><\/div>\n\t\t\t\t\t\t\t\t\t\t\t\t\t\t<\/a>\n\t\t\t\t\t\t\t<a class=\"e-gallery-item elementor-gallery-item elementor-animated-content\" href=\"https:\/\/www.cm-benavente.pt\/wp-content\/uploads\/2021\/07\/4.jpg\" data-elementor-open-lightbox=\"yes\" data-elementor-lightbox-slideshow=\"4f23896\" data-elementor-lightbox-title=\"4\" data-e-action-hash=\"#elementor-action%3Aaction%3Dlightbox%26settings%3DeyJpZCI6MTE5MjgsInVybCI6Imh0dHBzOlwvXC93d3cuY20tYmVuYXZlbnRlLnB0XC93cC1jb250ZW50XC91cGxvYWRzXC8yMDIxXC8wN1wvNC5qcGciLCJzbGlkZXNob3ciOiI0ZjIzODk2In0%3D\">\n\t\t\t\t\t<div class=\"e-gallery-image elementor-gallery-item__image\" data-thumbnail=\"https:\/\/www.cm-benavente.pt\/wp-content\/uploads\/2021\/07\/4-300x200.jpg\" data-width=\"300\" data-height=\"200\" aria-label=\"\" role=\"img\" ><\/div>\n\t\t\t\t\t\t\t\t\t\t\t<div class=\"elementor-gallery-item__overlay\"><\/div>\n\t\t\t\t\t\t\t\t\t\t\t\t\t\t<\/a>\n\t\t\t\t\t\t\t<a class=\"e-gallery-item elementor-gallery-item elementor-animated-content\" href=\"https:\/\/www.cm-benavente.pt\/wp-content\/uploads\/2021\/07\/5.jpg\" data-elementor-open-lightbox=\"yes\" data-elementor-lightbox-slideshow=\"4f23896\" data-elementor-lightbox-title=\"5\" data-e-action-hash=\"#elementor-action%3Aaction%3Dlightbox%26settings%3DeyJpZCI6MTE5MjksInVybCI6Imh0dHBzOlwvXC93d3cuY20tYmVuYXZlbnRlLnB0XC93cC1jb250ZW50XC91cGxvYWRzXC8yMDIxXC8wN1wvNS5qcGciLCJzbGlkZXNob3ciOiI0ZjIzODk2In0%3D\">\n\t\t\t\t\t<div class=\"e-gallery-image elementor-gallery-item__image\" data-thumbnail=\"https:\/\/www.cm-benavente.pt\/wp-content\/uploads\/2021\/07\/5-300x200.jpg\" data-width=\"300\" data-height=\"200\" aria-label=\"\" role=\"img\" ><\/div>\n\t\t\t\t\t\t\t\t\t\t\t<div class=\"elementor-gallery-item__overlay\"><\/div>\n\t\t\t\t\t\t\t\t\t\t\t\t\t\t<\/a>\n\t\t\t\t\t\t\t<a class=\"e-gallery-item elementor-gallery-item elementor-animated-content\" href=\"https:\/\/www.cm-benavente.pt\/wp-content\/uploads\/2021\/07\/6.jpg\" data-elementor-open-lightbox=\"yes\" data-elementor-lightbox-slideshow=\"4f23896\" data-elementor-lightbox-title=\"6\" data-e-action-hash=\"#elementor-action%3Aaction%3Dlightbox%26settings%3DeyJpZCI6MTE5MzAsInVybCI6Imh0dHBzOlwvXC93d3cuY20tYmVuYXZlbnRlLnB0XC93cC1jb250ZW50XC91cGxvYWRzXC8yMDIxXC8wN1wvNi5qcGciLCJzbGlkZXNob3ciOiI0ZjIzODk2In0%3D\">\n\t\t\t\t\t<div class=\"e-gallery-image elementor-gallery-item__image\" data-thumbnail=\"https:\/\/www.cm-benavente.pt\/wp-content\/uploads\/2021\/07\/6-300x200.jpg\" data-width=\"300\" data-height=\"200\" aria-label=\"\" role=\"img\" ><\/div>\n\t\t\t\t\t\t\t\t\t\t\t<div class=\"elementor-gallery-item__overlay\"><\/div>\n\t\t\t\t\t\t\t\t\t\t\t\t\t\t<\/a>\n\t\t\t\t\t\t\t<a class=\"e-gallery-item elementor-gallery-item elementor-animated-content\" href=\"https:\/\/www.cm-benavente.pt\/wp-content\/uploads\/2021\/07\/7.jpg\" data-elementor-open-lightbox=\"yes\" data-elementor-lightbox-slideshow=\"4f23896\" data-elementor-lightbox-title=\"7\" data-e-action-hash=\"#elementor-action%3Aaction%3Dlightbox%26settings%3DeyJpZCI6MTE5MzEsInVybCI6Imh0dHBzOlwvXC93d3cuY20tYmVuYXZlbnRlLnB0XC93cC1jb250ZW50XC91cGxvYWRzXC8yMDIxXC8wN1wvNy5qcGciLCJzbGlkZXNob3ciOiI0ZjIzODk2In0%3D\">\n\t\t\t\t\t<div class=\"e-gallery-image elementor-gallery-item__image\" data-thumbnail=\"https:\/\/www.cm-benavente.pt\/wp-content\/uploads\/2021\/07\/7-300x200.jpg\" data-width=\"300\" data-height=\"200\" aria-label=\"\" role=\"img\" ><\/div>\n\t\t\t\t\t\t\t\t\t\t\t<div class=\"elementor-gallery-item__overlay\"><\/div>\n\t\t\t\t\t\t\t\t\t\t\t\t\t\t<\/a>\n\t\t\t\t\t<\/div>\n\t\t\t\t\t<\/div>\n\t\t\t\t<\/div>\n\t\t\t\t\t<\/div>\n\t\t<\/div>\n\t\t\t\t\t<\/div>\n\t\t<\/section>\n\t\t\t\t<section class=\"elementor-section elementor-top-section elementor-element elementor-element-a9d5e4b elementor-section-boxed elementor-section-height-default elementor-section-height-default\" data-id=\"a9d5e4b\" data-element_type=\"section\" data-e-type=\"section\" data-settings=\"{&quot;background_background&quot;:&quot;classic&quot;,&quot;tmea_shape_divider_top&quot;:&quot;none&quot;,&quot;tmea_shape_divider_bottom&quot;:&quot;none&quot;}\">\n\t\t\t\t\t\t<div class=\"elementor-container elementor-column-gap-default\">\n\t\t\t\t\t<div class=\"elementor-column elementor-col-33 elementor-top-column elementor-element elementor-element-f7049c5\" data-id=\"f7049c5\" data-element_type=\"column\" data-e-type=\"column\">\n\t\t\t<div class=\"elementor-widget-wrap elementor-element-populated\">\n\t\t\t\t\t\t<div class=\"elementor-element elementor-element-ac3458a elementor-widget elementor-widget-text-editor\" data-id=\"ac3458a\" data-element_type=\"widget\" data-e-type=\"widget\" data-widget_type=\"text-editor.default\">\n\t\t\t\t<div class=\"elementor-widget-container\">\n\t\t\t\t\t\t\t\t\t<p>At\u00e9 os super-her\u00f3is bebem e comem Hort\u00edcolas, Frutas <br \/>e Leite<\/p>\t\t\t\t\t\t\t\t<\/div>\n\t\t\t\t<\/div>\n\t\t\t\t\t<\/div>\n\t\t<\/div>\n\t\t\t\t<div class=\"elementor-column elementor-col-66 elementor-top-column elementor-element elementor-element-c61f671\" data-id=\"c61f671\" data-element_type=\"column\" data-e-type=\"column\">\n\t\t\t<div class=\"elementor-widget-wrap elementor-element-populated\">\n\t\t\t\t\t\t<div class=\"elementor-element elementor-element-c90f9dd elementor-widget elementor-widget-text-editor\" data-id=\"c90f9dd\" data-element_type=\"widget\" data-e-type=\"widget\" data-widget_type=\"text-editor.default\">\n\t\t\t\t<div class=\"elementor-widget-container\">\n\t\t\t\t\t\t\t\t\t<p>A C\u00e2mara Municipal de Benavente (CMB) aderiu mais uma vez ao programa do Regime Escolar (RE), de \u00e2mbito europeu, regulado pela Portaria n\u00ba 113\/2018, de 30 de abril. Este programa prev\u00ea a distribui\u00e7\u00e3o gratuita de frutas e hort\u00edcolas aos alunos do 1.\u00ba ciclo do ensino b\u00e1sico, 2 vezes por semana, durante 30 semanas, tendo como prop\u00f3sito incentivar o seu consumo di\u00e1rio, dentro e fora da escola. Ciente dos benef\u00edcios deste programa, a CMB decidiu incluir todas as crian\u00e7as do pr\u00e9-escolar, assumindo a totalidade dos custos.<\/p><p><br \/>Neste ano letivo iremos disponibilizar os seguintes hortofrut\u00edcolas: ma\u00e7\u00e3, pera, clementina, tangerina, laranja, banana, cereja, uvas, ameixa, p\u00eassego, quivi, cenoura e tomate-cereja.<\/p>\t\t\t\t\t\t\t\t<\/div>\n\t\t\t\t<\/div>\n\t\t\t\t\t<\/div>\n\t\t<\/div>\n\t\t\t\t\t<\/div>\n\t\t<\/section>\n\t\t\t\t<section class=\"elementor-section elementor-top-section elementor-element elementor-element-4967591 elementor-section-boxed elementor-section-height-default elementor-section-height-default\" data-id=\"4967591\" data-element_type=\"section\" data-e-type=\"section\" data-settings=\"{&quot;tmea_shape_divider_top&quot;:&quot;none&quot;,&quot;tmea_shape_divider_bottom&quot;:&quot;none&quot;}\">\n\t\t\t\t\t\t<div class=\"elementor-container elementor-column-gap-default\">\n\t\t\t\t\t<div class=\"elementor-column elementor-col-100 elementor-top-column elementor-element elementor-element-94be6a0\" data-id=\"94be6a0\" data-element_type=\"column\" data-e-type=\"column\">\n\t\t\t<div class=\"elementor-widget-wrap elementor-element-populated\">\n\t\t\t\t\t\t<div class=\"elementor-element elementor-element-c006da2 elementor-widget elementor-widget-tme-portfolio_grid\" data-id=\"c006da2\" data-element_type=\"widget\" data-e-type=\"widget\" data-widget_type=\"tme-portfolio_grid.default\">\n\t\t\t\t<div class=\"elementor-widget-container\">\n\t\t\t\t\t\n       <form id=\"tmea_fpg_form-c006da2\" name=\"tmea_fpg_form-c006da2\" class=\"tmea-fpg-toolbar\">\n                                 <\/form>\n        \n                  <ol class=\"tmea-fpg-container tmea-fpg-grid-view below-img tmea-fpg-zoom-in\" style=\"display:none;\">\n           \n            <li data-filter=\"benavente\" class=\"elementor-repeater-item-813ee6a\">\n            <div class=\"tmea-fpg-inner elementor-animation-float\">\n            <a href=\"https:\/\/www.cm-benavente.pt\/index.php\/viver\/acao-social\/projetos-socioeducativos\/\" target=\"_blank\">              <figure>\n                <img decoding=\"async\" src=\"https:\/\/www.cm-benavente.pt\/wp-content\/uploads\/2022\/02\/Untitled-1-04-2.jpg\" alt=\"\" \/>                <figcaption>\n                <h4 class=\"tmea-fpg-title\">Plano Salute<\/h4>                <\/figcaption>\n              <\/figure>\n              <\/a>            <\/div>\n            <\/li>\n           \n            <li data-filter=\"benavente\" class=\"elementor-repeater-item-05ebbcc\">\n            <div class=\"tmea-fpg-inner elementor-animation-float\">\n            <a href=\"https:\/\/www.cm-benavente.pt\/index.php\/viver\/acao-social\/projetos-socioeducativos\/\" target=\"_blank\">              <figure>\n                <img decoding=\"async\" src=\"https:\/\/www.cm-benavente.pt\/wp-content\/uploads\/2022\/02\/Untitled-1-03.jpg\" alt=\"\" \/>                <figcaption>\n                <h4 class=\"tmea-fpg-title\">PiiCiE LT<\/h4><p class=\"tmea-fpg-info\">\n\n<\/p>                <\/figcaption>\n              <\/figure>\n              <\/a>            <\/div>\n            <\/li>\n           \n            <li data-filter=\"benavente\" class=\"elementor-repeater-item-788fc89\">\n            <div class=\"tmea-fpg-inner elementor-animation-float\">\n            <a href=\"https:\/\/www.cm-benavente.pt\/wp-content\/uploads\/2023\/03\/SERVICO-EDUCATIVO-2020-2021-1.pdf\" target=\"_blank\">              <figure>\n                <img decoding=\"async\" src=\"https:\/\/www.cm-benavente.pt\/wp-content\/uploads\/2022\/02\/Untitled-1-02.jpg\" alt=\"\" \/>                <figcaption>\n                <h4 class=\"tmea-fpg-title\">Recursos Educativos <\/h4><p class=\"tmea-fpg-info\">\n<\/p>                <\/figcaption>\n              <\/figure>\n              <\/a>            <\/div>\n            <\/li>\n           \n            <li data-filter=\"benavente\" class=\"elementor-repeater-item-96e35f8\">\n            <div class=\"tmea-fpg-inner elementor-animation-float\">\n            <a href=\"https:\/\/www.cm-benavente.pt\/index.php\/viver\/educacao\/projetos\/miudos-em-movimento-aulas-de-expressoes\/\" target=\"_blank\" rel=\"nofollow\">              <figure>\n                <img decoding=\"async\" src=\"https:\/\/www.cm-benavente.pt\/wp-content\/uploads\/2022\/02\/Untitled-1-01.jpg\" alt=\"\" \/>                <figcaption>\n                <h4 class=\"tmea-fpg-title\">Mi\u00fados em movimento <\/h4><p class=\"tmea-fpg-info\">\n<\/p>                <\/figcaption>\n              <\/figure>\n              <\/a>            <\/div>\n            <\/li>\n                    <\/ol>\n    \t\t\t\t<\/div>\n\t\t\t\t<\/div>\n\t\t\t\t\t<\/div>\n\t\t<\/div>\n\t\t\t\t\t<\/div>\n\t\t<\/section>\n\t\t\t\t<\/div>\n\t\t","protected":false},"excerpt":{"rendered":"<p>EDUCA\u00c7\u00c3O Projetos Frutibrincar O objetivo \u00e9 promover o consumo de fruta e a ado\u00e7\u00e3o de h\u00e1bitos alimentares saud\u00e1veis. Esta atividade consiste na constru\u00e7\u00e3o de v\u00e1rias figuras usando diferentes variedades de fruta. Com a participa\u00e7\u00e3o de personagens j\u00e1 conhecidas pelas crian\u00e7as, a Dr.\u00aa B\u00e9 e a Paulinha, pretendemos mostrar que comer fruta, al\u00e9m de saud\u00e1vel, pode [&hellip;]<\/p>\n","protected":false},"author":6,"featured_media":0,"parent":24458,"menu_order":0,"comment_status":"closed","ping_status":"closed","template":"","meta":{"_vp_format_video_url":"","_vp_image_focal_point":[],"footnotes":""},"class_list":["post-5830","page","type-page","status-publish","hentry"],"_links":{"self":[{"href":"https:\/\/www.cm-benavente.pt\/index.php\/wp-json\/wp\/v2\/pages\/5830","targetHints":{"allow":["GET"]}}],"collection":[{"href":"https:\/\/www.cm-benavente.pt\/index.php\/wp-json\/wp\/v2\/pages"}],"about":[{"href":"https:\/\/www.cm-benavente.pt\/index.php\/wp-json\/wp\/v2\/types\/page"}],"author":[{"embeddable":true,"href":"https:\/\/www.cm-benavente.pt\/index.php\/wp-json\/wp\/v2\/users\/6"}],"replies":[{"embeddable":true,"href":"https:\/\/www.cm-benavente.pt\/index.php\/wp-json\/wp\/v2\/comments?post=5830"}],"version-history":[{"count":3,"href":"https:\/\/www.cm-benavente.pt\/index.php\/wp-json\/wp\/v2\/pages\/5830\/revisions"}],"predecessor-version":[{"id":49514,"href":"https:\/\/www.cm-benavente.pt\/index.php\/wp-json\/wp\/v2\/pages\/5830\/revisions\/49514"}],"up":[{"embeddable":true,"href":"https:\/\/www.cm-benavente.pt\/index.php\/wp-json\/wp\/v2\/pages\/24458"}],"wp:attachment":[{"href":"https:\/\/www.cm-benavente.pt\/index.php\/wp-json\/wp\/v2\/media?parent=5830"}],"curies":[{"name":"wp","href":"https:\/\/api.w.org\/{rel}","templated":true}]}}