{"id":48927,"date":"2023-08-11T09:05:00","date_gmt":"2023-08-11T09:05:00","guid":{"rendered":"https:\/\/www.cm-benavente.pt\/?page_id=48927"},"modified":"2025-10-06T09:03:40","modified_gmt":"2025-10-06T09:03:40","slug":"projetos-socioeducativos","status":"publish","type":"page","link":"https:\/\/www.cm-benavente.pt\/index.php\/viver\/acao-social\/projetos-socioeducativos\/","title":{"rendered":"Projetos Socioeducativos"},"content":{"rendered":"\t\t<div data-elementor-type=\"wp-page\" data-elementor-id=\"48927\" class=\"elementor elementor-48927\" data-elementor-post-type=\"page\">\n\t\t\t\t\t\t<section class=\"elementor-section elementor-top-section elementor-element elementor-element-9a7a526 elementor-section-boxed elementor-section-height-default elementor-section-height-default\" data-id=\"9a7a526\" data-element_type=\"section\" data-e-type=\"section\" data-settings=\"{&quot;tmea_shape_divider_top&quot;:&quot;none&quot;,&quot;tmea_shape_divider_bottom&quot;:&quot;none&quot;}\">\n\t\t\t\t\t\t<div class=\"elementor-container elementor-column-gap-default\">\n\t\t\t\t\t<div class=\"elementor-column elementor-col-100 elementor-top-column elementor-element elementor-element-ba74a1c\" data-id=\"ba74a1c\" data-element_type=\"column\" data-e-type=\"column\">\n\t\t\t<div class=\"elementor-widget-wrap\">\n\t\t\t\t\t\t\t<\/div>\n\t\t<\/div>\n\t\t\t\t\t<\/div>\n\t\t<\/section>\n\t\t\t\t<section class=\"elementor-section elementor-top-section elementor-element elementor-element-6622136 elementor-section-height-min-height elementor-section-boxed elementor-section-height-default elementor-section-items-middle\" data-id=\"6622136\" data-element_type=\"section\" data-e-type=\"section\" data-settings=\"{&quot;background_background&quot;:&quot;slideshow&quot;,&quot;background_slideshow_ken_burns&quot;:&quot;yes&quot;,&quot;background_slideshow_gallery&quot;:[{&quot;id&quot;:48716,&quot;url&quot;:&quot;https:\\\/\\\/www.cm-benavente.pt\\\/wp-content\\\/uploads\\\/2023\\\/08\\\/acao-social-claim-jpg.webp&quot;}],&quot;tmea_shape_divider_top&quot;:&quot;none&quot;,&quot;tmea_shape_divider_bottom&quot;:&quot;none&quot;,&quot;background_slideshow_loop&quot;:&quot;yes&quot;,&quot;background_slideshow_slide_duration&quot;:5000,&quot;background_slideshow_slide_transition&quot;:&quot;fade&quot;,&quot;background_slideshow_transition_duration&quot;:500,&quot;background_slideshow_ken_burns_zoom_direction&quot;:&quot;in&quot;}\">\n\t\t\t\t\t\t\t<div class=\"elementor-background-overlay\"><\/div>\n\t\t\t\t\t\t\t<div class=\"elementor-container elementor-column-gap-default\">\n\t\t\t\t\t<div class=\"elementor-column elementor-col-100 elementor-top-column elementor-element elementor-element-1e2ba80 elementor-invisible\" data-id=\"1e2ba80\" data-element_type=\"column\" data-e-type=\"column\" data-settings=\"{&quot;animation&quot;:&quot;fadeIn&quot;}\">\n\t\t\t<div class=\"elementor-widget-wrap elementor-element-populated\">\n\t\t\t\t\t\t<div class=\"elementor-element elementor-element-55ce6c5 elementor-widget elementor-widget-heading\" data-id=\"55ce6c5\" data-element_type=\"widget\" data-e-type=\"widget\" data-widget_type=\"heading.default\">\n\t\t\t\t<div class=\"elementor-widget-container\">\n\t\t\t\t\t<h2 class=\"elementor-heading-title elementor-size-default\">A\u00c7\u00c3O SOCIAL<\/h2>\t\t\t\t<\/div>\n\t\t\t\t<\/div>\n\t\t\t\t<div class=\"elementor-element elementor-element-6f218a4 elementor-widget elementor-widget-heading\" data-id=\"6f218a4\" data-element_type=\"widget\" data-e-type=\"widget\" data-widget_type=\"heading.default\">\n\t\t\t\t<div class=\"elementor-widget-container\">\n\t\t\t\t\t<h2 class=\"elementor-heading-title elementor-size-default\">Projetos Socioeducativos<\/h2>\t\t\t\t<\/div>\n\t\t\t\t<\/div>\n\t\t\t\t\t<\/div>\n\t\t<\/div>\n\t\t\t\t\t<\/div>\n\t\t<\/section>\n\t\t\t\t<section class=\"elementor-section elementor-top-section elementor-element elementor-element-a6161f9 elementor-section-boxed elementor-section-height-default elementor-section-height-default\" data-id=\"a6161f9\" data-element_type=\"section\" data-e-type=\"section\" data-settings=\"{&quot;tmea_shape_divider_top&quot;:&quot;none&quot;,&quot;tmea_shape_divider_bottom&quot;:&quot;none&quot;}\">\n\t\t\t\t\t\t<div class=\"elementor-container elementor-column-gap-default\">\n\t\t\t\t\t<div class=\"elementor-column elementor-col-50 elementor-top-column elementor-element elementor-element-9517523\" data-id=\"9517523\" data-element_type=\"column\" data-e-type=\"column\" data-settings=\"{&quot;background_background&quot;:&quot;classic&quot;}\">\n\t\t\t<div class=\"elementor-widget-wrap elementor-element-populated\">\n\t\t\t\t\t\t<div class=\"elementor-element elementor-element-68a308b elementor-widget elementor-widget-image\" data-id=\"68a308b\" data-element_type=\"widget\" data-e-type=\"widget\" data-widget_type=\"image.default\">\n\t\t\t\t<div class=\"elementor-widget-container\">\n\t\t\t\t\t\t\t\t\t\t\t\t\t\t\t\t<a href=\"https:\/\/www.cm-benavente.pt\/index.php\/3d-flip-book\/piicie-lt\/\" target=\"_blank\">\n\t\t\t\t\t\t\t<img fetchpriority=\"high\" decoding=\"async\" width=\"800\" height=\"400\" src=\"https:\/\/www.cm-benavente.pt\/wp-content\/uploads\/2025\/10\/PLANO_INTEGRADO_COMB_INSUCESSO_ESCOLAR-PIPSE-LT-1024x512.jpg\" class=\"attachment-large size-large wp-image-78213\" alt=\"\" srcset=\"https:\/\/www.cm-benavente.pt\/wp-content\/uploads\/2025\/10\/PLANO_INTEGRADO_COMB_INSUCESSO_ESCOLAR-PIPSE-LT-1024x512.jpg 1024w, https:\/\/www.cm-benavente.pt\/wp-content\/uploads\/2025\/10\/PLANO_INTEGRADO_COMB_INSUCESSO_ESCOLAR-PIPSE-LT-300x150.jpg 300w, https:\/\/www.cm-benavente.pt\/wp-content\/uploads\/2025\/10\/PLANO_INTEGRADO_COMB_INSUCESSO_ESCOLAR-PIPSE-LT-768x384.jpg 768w, https:\/\/www.cm-benavente.pt\/wp-content\/uploads\/2025\/10\/PLANO_INTEGRADO_COMB_INSUCESSO_ESCOLAR-PIPSE-LT-500x250.jpg 500w, https:\/\/www.cm-benavente.pt\/wp-content\/uploads\/2025\/10\/PLANO_INTEGRADO_COMB_INSUCESSO_ESCOLAR-PIPSE-LT-800x400.jpg 800w, https:\/\/www.cm-benavente.pt\/wp-content\/uploads\/2025\/10\/PLANO_INTEGRADO_COMB_INSUCESSO_ESCOLAR-PIPSE-LT.jpg 1249w\" sizes=\"(max-width: 800px) 100vw, 800px\" \/>\t\t\t\t\t\t\t\t<\/a>\n\t\t\t\t\t\t\t\t\t\t\t\t\t\t\t<\/div>\n\t\t\t\t<\/div>\n\t\t\n\t\t<div class=\"elementor-element elementor-element-edb6a42 elementor-widget elementor-widget-text-editor\" data-id=\"edb6a42\" data-element_type=\"widget\" data-e-type=\"widget\" data-widget_type=\"text-editor.default\">\n\t\t\t\t<div class=\"elementor-widget-container\">\n\t\t\t\t\t\t\t\t\t<p><strong><a href=\"https:\/\/www.cm-benavente.pt\/index.php\/3d-flip-book\/piicie-lt\/\" target=\"_blank\" rel=\"noopener\">Programa Intermunicipal de Promo\u00e7\u00e3o<br \/>do Sucesso Escolar da Lez\u00edria do Tejo<\/a><\/strong><\/p>\t\t\t\t\t\t\t\t<\/div>\n\t\t\t\t<\/div>\n\t\t\t\t\t<\/div>\n\t\t<\/div>\n\t\t\t\t<div class=\"elementor-column elementor-col-50 elementor-top-column elementor-element elementor-element-6041afc\" data-id=\"6041afc\" data-element_type=\"column\" data-e-type=\"column\" data-settings=\"{&quot;background_background&quot;:&quot;classic&quot;}\">\n\t\t\t<div class=\"elementor-widget-wrap elementor-element-populated\">\n\t\t\t\t\t\t<div class=\"elementor-element elementor-element-1457bb3 elementor-widget elementor-widget-image\" data-id=\"1457bb3\" data-element_type=\"widget\" data-e-type=\"widget\" data-widget_type=\"image.default\">\n\t\t\t\t<div class=\"elementor-widget-container\">\n\t\t\t\t\t\t\t\t\t\t\t\t\t\t\t\t<a href=\"https:\/\/www.cm-benavente.pt\/index.php\/3d-flip-book\/plano-salute\/\" target=\"_blank\">\n\t\t\t\t\t\t\t<img decoding=\"async\" width=\"800\" height=\"400\" src=\"https:\/\/www.cm-benavente.pt\/wp-content\/uploads\/2023\/03\/PLANO_SALUTE_-1024x512.png\" class=\"attachment-large size-large wp-image-42652\" alt=\"\" srcset=\"https:\/\/www.cm-benavente.pt\/wp-content\/uploads\/2023\/03\/PLANO_SALUTE_-1024x512.png 1024w, https:\/\/www.cm-benavente.pt\/wp-content\/uploads\/2023\/03\/PLANO_SALUTE_-300x150.png 300w, https:\/\/www.cm-benavente.pt\/wp-content\/uploads\/2023\/03\/PLANO_SALUTE_-768x384.png 768w, https:\/\/www.cm-benavente.pt\/wp-content\/uploads\/2023\/03\/PLANO_SALUTE_-500x250.png 500w, https:\/\/www.cm-benavente.pt\/wp-content\/uploads\/2023\/03\/PLANO_SALUTE_-800x400.png 800w, https:\/\/www.cm-benavente.pt\/wp-content\/uploads\/2023\/03\/PLANO_SALUTE_.png 1249w\" sizes=\"(max-width: 800px) 100vw, 800px\" \/>\t\t\t\t\t\t\t\t<\/a>\n\t\t\t\t\t\t\t\t\t\t\t\t\t\t\t<\/div>\n\t\t\t\t<\/div>\n\t\t\t\t<div class=\"elementor-element elementor-element-aabc13b elementor-widget elementor-widget-text-editor\" data-id=\"aabc13b\" data-element_type=\"widget\" data-e-type=\"widget\" data-widget_type=\"text-editor.default\">\n\t\t\t\t<div class=\"elementor-widget-container\">\n\t\t\t\t\t\t\t\t\t<p><strong><a href=\"https:\/\/www.cm-benavente.pt\/index.php\/3d-flip-book\/plano-salute\/\" target=\"_blank\" rel=\"noopener\">Promo\u00e7\u00e3o para a sa\u00fade<br \/>em contextos educativos<\/a><\/strong><\/p>\t\t\t\t\t\t\t\t<\/div>\n\t\t\t\t<\/div>\n\t\t\t\t\t<\/div>\n\t\t<\/div>\n\t\t\t\t\t<\/div>\n\t\t<\/section>\n\t\t\t\t<\/div>\n\t\t","protected":false},"excerpt":{"rendered":"<p>A\u00c7\u00c3O SOCIAL Projetos Socioeducativos Programa Intermunicipal de Promo\u00e7\u00e3odo Sucesso Escolar da Lez\u00edria do Tejo Promo\u00e7\u00e3o para a sa\u00fadeem contextos educativos<\/p>\n","protected":false},"author":3,"featured_media":0,"parent":36745,"menu_order":0,"comment_status":"closed","ping_status":"closed","template":"","meta":{"_vp_format_video_url":"","_vp_image_focal_point":[],"footnotes":""},"class_list":["post-48927","page","type-page","status-publish","hentry"],"_links":{"self":[{"href":"https:\/\/www.cm-benavente.pt\/index.php\/wp-json\/wp\/v2\/pages\/48927","targetHints":{"allow":["GET"]}}],"collection":[{"href":"https:\/\/www.cm-benavente.pt\/index.php\/wp-json\/wp\/v2\/pages"}],"about":[{"href":"https:\/\/www.cm-benavente.pt\/index.php\/wp-json\/wp\/v2\/types\/page"}],"author":[{"embeddable":true,"href":"https:\/\/www.cm-benavente.pt\/index.php\/wp-json\/wp\/v2\/users\/3"}],"replies":[{"embeddable":true,"href":"https:\/\/www.cm-benavente.pt\/index.php\/wp-json\/wp\/v2\/comments?post=48927"}],"version-history":[{"count":16,"href":"https:\/\/www.cm-benavente.pt\/index.php\/wp-json\/wp\/v2\/pages\/48927\/revisions"}],"predecessor-version":[{"id":78216,"href":"https:\/\/www.cm-benavente.pt\/index.php\/wp-json\/wp\/v2\/pages\/48927\/revisions\/78216"}],"up":[{"embeddable":true,"href":"https:\/\/www.cm-benavente.pt\/index.php\/wp-json\/wp\/v2\/pages\/36745"}],"wp:attachment":[{"href":"https:\/\/www.cm-benavente.pt\/index.php\/wp-json\/wp\/v2\/media?parent=48927"}],"curies":[{"name":"wp","href":"https:\/\/api.w.org\/{rel}","templated":true}]}}