{"id":45725,"date":"2023-04-18T09:45:54","date_gmt":"2023-04-18T09:45:54","guid":{"rendered":"https:\/\/www.cm-benavente.pt\/?page_id=45725"},"modified":"2026-04-29T19:54:16","modified_gmt":"2026-04-29T19:54:16","slug":"sessoes","status":"publish","type":"page","link":"https:\/\/www.cm-benavente.pt\/index.php\/municipio\/assembleia-municipal\/sessoes\/","title":{"rendered":"Sess\u00f5es"},"content":{"rendered":"\t\t<div data-elementor-type=\"wp-page\" data-elementor-id=\"45725\" class=\"elementor elementor-45725\" data-elementor-post-type=\"page\">\n\t\t\t\t\t\t<section class=\"elementor-section elementor-top-section elementor-element elementor-element-4e3ccf7 elementor-section-boxed elementor-section-height-default elementor-section-height-default\" data-id=\"4e3ccf7\" data-element_type=\"section\" data-e-type=\"section\" data-settings=\"{&quot;tmea_shape_divider_top&quot;:&quot;none&quot;,&quot;tmea_shape_divider_bottom&quot;:&quot;none&quot;}\">\n\t\t\t\t\t\t<div class=\"elementor-container elementor-column-gap-default\">\n\t\t\t\t\t<div class=\"elementor-column elementor-col-100 elementor-top-column elementor-element elementor-element-ff491f4\" data-id=\"ff491f4\" data-element_type=\"column\" data-e-type=\"column\">\n\t\t\t<div class=\"elementor-widget-wrap\">\n\t\t\t\t\t\t\t<\/div>\n\t\t<\/div>\n\t\t\t\t\t<\/div>\n\t\t<\/section>\n\t\t\t\t<section class=\"elementor-section elementor-top-section elementor-element elementor-element-ff00f07 elementor-section-boxed elementor-section-height-default elementor-section-height-default\" data-id=\"ff00f07\" data-element_type=\"section\" data-e-type=\"section\" data-settings=\"{&quot;animation&quot;:&quot;none&quot;,&quot;tmea_shape_divider_top&quot;:&quot;none&quot;,&quot;tmea_shape_divider_bottom&quot;:&quot;none&quot;}\">\n\t\t\t\t\t\t<div class=\"elementor-container elementor-column-gap-default\">\n\t\t\t\t\t<div class=\"elementor-column elementor-col-100 elementor-top-column elementor-element elementor-element-b25f79f\" data-id=\"b25f79f\" data-element_type=\"column\" data-e-type=\"column\" data-settings=\"{&quot;animation&quot;:&quot;none&quot;}\">\n\t\t\t<div class=\"elementor-widget-wrap elementor-element-populated\">\n\t\t\t\t\t\t<div class=\"elementor-element elementor-element-5dc1ec2 elementor-widget elementor-widget-heading\" data-id=\"5dc1ec2\" data-element_type=\"widget\" data-e-type=\"widget\" data-widget_type=\"heading.default\">\n\t\t\t\t<div class=\"elementor-widget-container\">\n\t\t\t\t\t<h1 class=\"elementor-heading-title elementor-size-default\">Sess\u00f5es da Assembleia<\/h1>\t\t\t\t<\/div>\n\t\t\t\t<\/div>\n\t\t\t\t\t<\/div>\n\t\t<\/div>\n\t\t\t\t\t<\/div>\n\t\t<\/section>\n\t\t\t\t<section class=\"elementor-section elementor-top-section elementor-element elementor-element-0cef417 elementor-section-boxed elementor-section-height-default elementor-section-height-default\" data-id=\"0cef417\" data-element_type=\"section\" data-e-type=\"section\" data-settings=\"{&quot;background_background&quot;:&quot;classic&quot;,&quot;tmea_shape_divider_top&quot;:&quot;none&quot;,&quot;tmea_shape_divider_bottom&quot;:&quot;none&quot;}\">\n\t\t\t\t\t\t<div class=\"elementor-container elementor-column-gap-default\">\n\t\t\t\t\t<div class=\"elementor-column elementor-col-100 elementor-top-column elementor-element elementor-element-eb38901\" data-id=\"eb38901\" data-element_type=\"column\" data-e-type=\"column\">\n\t\t\t<div class=\"elementor-widget-wrap elementor-element-populated\">\n\t\t\t\t\n\t\t<div class=\"elementor-element elementor-element-68b2cb1 elementor-widget elementor-widget-text-editor\" data-id=\"68b2cb1\" data-element_type=\"widget\" data-e-type=\"widget\" data-widget_type=\"text-editor.default\">\n\t\t\t\t<div class=\"elementor-widget-container\">\n\t\t\t\t\t\t\t\t\t<p>Transmiss\u00f5es em direto das Sess\u00f5es da Assembleia Municipal<\/p>\t\t\t\t\t\t\t\t<\/div>\n\t\t\t\t<\/div>\n\t\t\t\t<div class=\"elementor-element elementor-element-cfe8069 elementor-widget elementor-widget-text-editor\" data-id=\"cfe8069\" data-element_type=\"widget\" data-e-type=\"widget\" data-widget_type=\"text-editor.default\">\n\t\t\t\t<div class=\"elementor-widget-container\">\n\t\t\t\t\t\t\t\t\t<p>Selecione o ano que pretende consultar<\/p>\t\t\t\t\t\t\t\t<\/div>\n\t\t\t\t<\/div>\n\t\t\t\t<div class=\"elementor-element elementor-element-22822d0 elementor-widget elementor-widget-tme-accordion\" data-id=\"22822d0\" data-element_type=\"widget\" data-e-type=\"widget\" data-widget_type=\"tme-accordion.default\">\n\t\t\t\t<div class=\"elementor-widget-container\">\n\t\t\t\t\t            <div class=\"tme-accordions\" data-selfclose=\"false\" data-opensingle=\"true\" data-openspeed=\"200\" data-closespeed=\"200\" data-autoscroll=\"false\" data-scrollspeed=\"400\" data-scrolloffset=\"0\">\n               \n                <div id=\"tme-c86335f-94425909\"  class=\"tmeaccordion is-default\" data-tmeaccordion-options='{\"selfBlock\": false}'>\n                    <h5 class=\"tmeaccordion__head\">\t\t\t\t\t\t\t\t\t\t\t\t\t\t\t\t\t\t2026                    <\/h5>                    <div class=\"tmeaccordion__body\">\n                        <ul><li>II Sess\u00e3o ordin\u00e1ria da Assembleia 29\/04\/2026 - <a href=\"https:\/\/www.youtube.com\/watch?v=MY5x1Ab13Yc\" target=\"_blank\" rel=\"noopener\">Ver transmiss\u00e3o<\/a><\/li><li>I Sess\u00e3o ordin\u00e1ria da Assembleia 26\/02\/2026 - <a href=\"https:\/\/www.youtube.com\/watch?v=IjQVdMeUK9s\" target=\"_blank\" rel=\"noopener\">Ver transmiss\u00e3o<\/a><\/li><li>II Sess\u00e3o extraordin\u00e1ria da Assembleia 29\/01\/2026 - 2\u00aa Parte - <a href=\"https:\/\/www.youtube.com\/watch?v=N91xxVEr8Gk\" target=\"_blank\" rel=\"noopener\">Ver transmiss\u00e3o<\/a><\/li><li>II Sess\u00e3o extraordin\u00e1ria da Assembleia 29\/01\/2026 - 1\u00aa Parte - <a href=\"https:\/\/www.youtube.com\/watch?v=h5uL5-ZH4JM\" target=\"_blank\" rel=\"noopener\">Ver transmiss\u00e3o<\/a><\/li><li>I Sess\u00e3o extraordin\u00e1ria da Assembleia 13\/01\/2026 - <a href=\"https:\/\/www.youtube.com\/watch?v=fpTqx-2-P_4\" target=\"_blank\" rel=\"noopener\">Ver transmiss\u00e3o<\/a><\/li><\/ul>                    <\/div>\n                <\/div>\n               \n                <div id=\"tme-b29f4c6-94425909\"  class=\"tmeaccordion is-default\" data-tmeaccordion-options='{\"selfBlock\": false}'>\n                    <h5 class=\"tmeaccordion__head\">\t\t\t\t\t\t\t\t\t\t\t\t\t\t\t\t\t\t2025                    <\/h5>                    <div class=\"tmeaccordion__body\">\n                        <ul><li>I Sess\u00e3o ordin\u00e1ria da Assembleia 17\/12\/2025 - <a href=\"https:\/\/www.youtube.com\/watch?v=yGJjwoa2BDM\" target=\"_blank\" rel=\"noopener\">Ver transmiss\u00e3o<\/a><\/li><li>I Sess\u00e3o extraordin\u00e1ria da Assembleia 03\/12\/2025 - <a href=\"https:\/\/www.youtube.com\/watch?v=z_Ixl7fsgZY\" target=\"_blank\" rel=\"noopener\">Ver transmiss\u00e3o<\/a><\/li><li>Instala\u00e7\u00e3o dos \u00d3rg\u00e3os Representativos do Munic\u00edpio de Benavente - Mandato 2025\/2029 - <a href=\"https:\/\/www.youtube.com\/watch?v=lGkmlNJ63IU\" target=\"_blank\" rel=\"noopener\">Ver transmiss\u00e3o<\/a><\/li><li>IV Sess\u00e3o ordin\u00e1ria da Assembleia 29\/09\/2025 - <a href=\"https:\/\/www.youtube.com\/watch?v=ubFWUTQVz3c\" target=\"_blank\" rel=\"noopener\">Ver transmiss\u00e3o<\/a><\/li><li>I Sess\u00e3o extraordin\u00e1ria da Assembleia 31\/07\/2025 - <a href=\"https:\/\/www.youtube.com\/watch?v=4FHqz6QxvHQ\" target=\"_blank\" rel=\"noopener\">Ver transmiss\u00e3o<\/a><\/li><li>III Sess\u00e3o ordin\u00e1ria da Assembleia 30\/06\/2025 - <a href=\"https:\/\/www.youtube.com\/watch?v=l4g5JCKbzIk\" target=\"_blank\" rel=\"noopener\">Ver transmiss\u00e3o<\/a><\/li><li>II Sess\u00e3o ordin\u00e1ria da Assembleia 29\/04\/2025 - <a href=\"https:\/\/www.youtube.com\/watch?v=d1ZpIJ4OpO8\" target=\"_blank\" rel=\"noopener\">Ver transmiss\u00e3o<\/a><\/li><li>I Sess\u00e3o ordin\u00e1ria da Assembleia 28\/02\/2025 - <a href=\"https:\/\/www.youtube.com\/watch?v=9c3cDHjNYIc\" target=\"_blank\" rel=\"noopener\">Ver transmiss\u00e3o<\/a><\/li><\/ul>                    <\/div>\n                <\/div>\n               \n                <div id=\"tme-4a20cae-94425909\"  class=\"tmeaccordion is-default\" data-tmeaccordion-options='{\"selfBlock\": false}'>\n                    <h5 class=\"tmeaccordion__head\">\t\t\t\t\t\t\t\t\t\t\t\t\t\t\t\t\t\t2024                    <\/h5>                    <div class=\"tmeaccordion__body\">\n                        <ul><li>V Sess\u00e3o ordin\u00e1ria da Assembleia (continua\u00e7\u00e3o) 16\/12\/2024 - <a href=\"https:\/\/www.youtube.com\/watch?v=rt1pdfF3W2k\" target=\"_blank\" rel=\"noopener\">Ver transmiss\u00e3o<\/a><\/li><li>V Sess\u00e3o ordin\u00e1ria da Assembleia 12\/12\/2024 - <a href=\"https:\/\/www.youtube.com\/watch?v=ystVp0PGW9s\" target=\"_blank\" rel=\"noopener\">Ver transmiss\u00e3o<\/a><\/li><li>II Sess\u00e3o extraordin\u00e1ria da Assembleia 25\/10\/2024 - <a href=\"https:\/\/www.youtube.com\/watch?v=lpA4ABVXYRA\" target=\"_blank\" rel=\"noopener\">Ver transmiss\u00e3o<\/a><\/li><li>IV Sess\u00e3o ordin\u00e1ria da Assembleia 27\/09\/2024 - <a href=\"https:\/\/www.youtube.com\/watch?v=NUimYHC2QmY\" target=\"_blank\" rel=\"noopener\">Ver transmiss\u00e3o<\/a><\/li><li>III Sess\u00e3o ordin\u00e1ria da Assembleia 25\/06\/2024 - <a href=\"https:\/\/www.youtube.com\/watch?v=fMjxOCsOETw\" target=\"_blank\" rel=\"noopener\">Ver transmiss\u00e3o<\/a><\/li><li>II Sess\u00e3o ordin\u00e1ria da Assembleia 29\/04\/2024 - <a href=\"https:\/\/www.youtube.com\/watch?v=AGAbK0S0o6s\" target=\"_blank\" rel=\"noopener\">Ver transmiss\u00e3o<\/a><\/li><li>I Sess\u00e3o extraordin\u00e1ria da Assembleia 14\/03\/2024 - <a href=\"https:\/\/www.youtube.com\/watch?v=o-AWzIjBxjQ&amp;list=PLfDixJ56Wr-TUSrYz83SQ3zWkHEzM9nih&amp;index=9\" target=\"_blank\" rel=\"noopener\">Ver transmiss\u00e3o<\/a><\/li><li>I Sess\u00e3o ordin\u00e1ria da Assembleia 27\/02\/2024 - <a href=\"https:\/\/www.youtube.com\/watch?v=4Qgq6RiwT5A&amp;list=PLfDixJ56Wr-TUSrYz83SQ3zWkHEzM9nih&amp;index=8\" target=\"_blank\" rel=\"noopener\">Ver transmiss\u00e3o<\/a><\/li><\/ul>                    <\/div>\n                <\/div>\n               \n                <div id=\"tme-4945639-94425909\"  class=\"tmeaccordion is-default\" data-tmeaccordion-options='{\"selfBlock\": false}'>\n                    <h5 class=\"tmeaccordion__head\">\t\t\t\t\t\t\t\t\t\t\t\t\t\t\t\t\t\t2023                    <\/h5>                    <div class=\"tmeaccordion__body\">\n                        <ul><li>V Sess\u00e3o ordin\u00e1ria da Assembleia 20\/12\/2023 - <a href=\"https:\/\/www.youtube.com\/watch?v=NiSp5rZh1lQ\" target=\"_blank\" rel=\"noopener\">Ver transmiss\u00e3o<\/a><\/li><li>II Sess\u00e3o extraordin\u00e1ria da Assembleia 05\/12\/2023 - <a href=\"https:\/\/www.youtube.com\/watch?v=gWBBLT0zKjE\" target=\"_blank\" rel=\"noopener\">Ver transmiss\u00e3o<\/a><\/li><li>IV Sess\u00e3o ordin\u00e1ria da Assembleia 26\/09\/2023 - <a href=\"https:\/\/www.youtube.com\/watch?v=yTu7MQEo0xA\" target=\"_blank\" rel=\"noopener\">Ver transmiss\u00e3o<\/a><\/li><li>III Sess\u00e3o ordin\u00e1ria da Assembleia (continua\u00e7\u00e3o) 28\/06\/2023 - <a href=\"https:\/\/www.youtube.com\/watch?v=li3gyqh4vEY\" target=\"_blank\" rel=\"noopener\">Ver transmiss\u00e3o<\/a><\/li><li>III Sess\u00e3o ordin\u00e1ria da Assembleia 27\/06\/2023 - <a href=\"https:\/\/www.youtube.com\/watch?v=ndrYIv75g3s\" target=\"_blank\" rel=\"noopener\">Ver transmiss\u00e3o<\/a><\/li><li>I Sess\u00e3o Extraordin\u00e1ria da Assembleia e II Sess\u00e3o Ordin\u00e1ria da Assembleia 26\/04\/2023 - <a href=\"https:\/\/www.youtube.com\/watch?v=etu0fVuimS8\" target=\"_blank\" rel=\"noopener\">Ver transmiss\u00e3o<\/a><\/li><li>I Sess\u00e3o Ordin\u00e1ria da Assembleia (continua\u00e7\u00e3o) 06\/03\/2023 - <a href=\"https:\/\/www.youtube.com\/watch?v=FMR4BHS4p74\" target=\"_blank\" rel=\"noopener\">Ver transmiss\u00e3o<\/a><\/li><li>I Sess\u00e3o Ordin\u00e1ria da Assembleia 28\/02\/2023 - <a href=\"https:\/\/www.youtube.com\/watch?v=B1ZlbRDLAwc\" target=\"_blank\" rel=\"noopener\">Ver transmiss\u00e3o<\/a><\/li><\/ul>                    <\/div>\n                <\/div>\n               \n                <div id=\"tme-a19ee9c-94425909\"  class=\"tmeaccordion is-default\" data-tmeaccordion-options='{\"selfBlock\": false}'>\n                    <h5 class=\"tmeaccordion__head\">\t\t\t\t\t\t\t\t\t\t\t\t\t\t\t\t\t\t2022                    <\/h5>                    <div class=\"tmeaccordion__body\">\n                        <ul><li>Sess\u00e3o da Assembleia 14\/12\/2022 - <a href=\"https:\/\/www.youtube.com\/watch?v=6C0_k1T_RiE\" target=\"_blank\" rel=\"noopener\">Ver transmiss\u00e3o<\/a><\/li><li>IV Sess\u00e3o Ordin\u00e1ria da Assembleia 29\/09\/2022 - <a href=\"https:\/\/www.youtube.com\/watch?v=W1XxWU1bNxc\" target=\"_blank\" rel=\"noopener\">Ver transmiss\u00e3o<\/a><\/li><li>II Sess\u00e3o Extraordin\u00e1ria da Assembleia 29\/07\/2022 - <a href=\"https:\/\/www.youtube.com\/watch?v=7zdjIX4Ua4M\" target=\"_blank\" rel=\"noopener\">Ver transmiss\u00e3o<\/a><\/li><li>Sess\u00e3o da Assembleia 29\/06\/2022 - <a href=\"https:\/\/www.youtube.com\/watch?v=NbvB160Zkio\" target=\"_blank\" rel=\"noopener\">Ver transmiss\u00e3o<\/a><\/li><li>Sess\u00e3o da Assembleia 27\/04\/2022 - <a href=\"https:\/\/www.youtube.com\/watch?v=b4tRj2HVzWs\" target=\"_blank\" rel=\"noopener\">Ver transmiss\u00e3o<\/a><\/li><\/ul>                    <\/div>\n                <\/div>\n                \n            <\/div>\n            \t\t\t\t<\/div>\n\t\t\t\t<\/div>\n\t\t\t\t\t<\/div>\n\t\t<\/div>\n\t\t\t\t\t<\/div>\n\t\t<\/section>\n\t\t\t\t<\/div>\n\t\t","protected":false},"excerpt":{"rendered":"<p>Sess\u00f5es da Assembleia Transmiss\u00f5es em direto das Sess\u00f5es da Assembleia Municipal Selecione o ano que pretende consultar 2026 II Sess\u00e3o ordin\u00e1ria da Assembleia 29\/04\/2026 &#8211; Ver transmiss\u00e3o I Sess\u00e3o ordin\u00e1ria da Assembleia 26\/02\/2026 &#8211; Ver transmiss\u00e3o II Sess\u00e3o extraordin\u00e1ria da Assembleia 29\/01\/2026 &#8211; 2\u00aa Parte &#8211; Ver transmiss\u00e3o II Sess\u00e3o extraordin\u00e1ria da Assembleia 29\/01\/2026 &#8211; [&hellip;]<\/p>\n","protected":false},"author":3,"featured_media":0,"parent":36616,"menu_order":0,"comment_status":"closed","ping_status":"closed","template":"","meta":{"_vp_format_video_url":"","_vp_image_focal_point":[],"footnotes":""},"class_list":["post-45725","page","type-page","status-publish","hentry"],"_links":{"self":[{"href":"https:\/\/www.cm-benavente.pt\/index.php\/wp-json\/wp\/v2\/pages\/45725","targetHints":{"allow":["GET"]}}],"collection":[{"href":"https:\/\/www.cm-benavente.pt\/index.php\/wp-json\/wp\/v2\/pages"}],"about":[{"href":"https:\/\/www.cm-benavente.pt\/index.php\/wp-json\/wp\/v2\/types\/page"}],"author":[{"embeddable":true,"href":"https:\/\/www.cm-benavente.pt\/index.php\/wp-json\/wp\/v2\/users\/3"}],"replies":[{"embeddable":true,"href":"https:\/\/www.cm-benavente.pt\/index.php\/wp-json\/wp\/v2\/comments?post=45725"}],"version-history":[{"count":86,"href":"https:\/\/www.cm-benavente.pt\/index.php\/wp-json\/wp\/v2\/pages\/45725\/revisions"}],"predecessor-version":[{"id":84386,"href":"https:\/\/www.cm-benavente.pt\/index.php\/wp-json\/wp\/v2\/pages\/45725\/revisions\/84386"}],"up":[{"embeddable":true,"href":"https:\/\/www.cm-benavente.pt\/index.php\/wp-json\/wp\/v2\/pages\/36616"}],"wp:attachment":[{"href":"https:\/\/www.cm-benavente.pt\/index.php\/wp-json\/wp\/v2\/media?parent=45725"}],"curies":[{"name":"wp","href":"https:\/\/api.w.org\/{rel}","templated":true}]}}