{"id":42413,"date":"2023-03-17T11:52:24","date_gmt":"2023-03-17T11:52:24","guid":{"rendered":"https:\/\/www.cm-benavente.pt\/?page_id=42413"},"modified":"2023-03-17T12:23:27","modified_gmt":"2023-03-17T12:23:27","slug":"percurso-permanente-turistico-de-orientacao","status":"publish","type":"page","link":"https:\/\/www.cm-benavente.pt\/index.php\/descobrir\/patrimonio-natural\/percursos-natureza\/percurso-permanente-turistico-de-orientacao\/","title":{"rendered":"Percurso Permanente Tur\u00edstico de Orienta\u00e7\u00e3o"},"content":{"rendered":"\t\t<div data-elementor-type=\"wp-page\" data-elementor-id=\"42413\" class=\"elementor elementor-42413\" data-elementor-post-type=\"page\">\n\t\t\t\t\t\t<section class=\"elementor-section elementor-top-section elementor-element elementor-element-3b0651b elementor-section-boxed elementor-section-height-default elementor-section-height-default\" data-id=\"3b0651b\" data-element_type=\"section\" data-e-type=\"section\" data-settings=\"{&quot;tmea_shape_divider_top&quot;:&quot;none&quot;,&quot;tmea_shape_divider_bottom&quot;:&quot;none&quot;}\">\n\t\t\t\t\t\t<div class=\"elementor-container elementor-column-gap-default\">\n\t\t\t\t\t<div class=\"elementor-column elementor-col-100 elementor-top-column elementor-element elementor-element-13794e7\" data-id=\"13794e7\" data-element_type=\"column\" data-e-type=\"column\">\n\t\t\t<div class=\"elementor-widget-wrap\">\n\t\t\t\t\t\t\t<\/div>\n\t\t<\/div>\n\t\t\t\t\t<\/div>\n\t\t<\/section>\n\t\t\t\t<section class=\"elementor-section elementor-top-section elementor-element elementor-element-1294b30 elementor-section-height-min-height elementor-section-boxed elementor-section-height-default elementor-section-items-middle\" data-id=\"1294b30\" data-element_type=\"section\" data-e-type=\"section\" data-settings=\"{&quot;background_background&quot;:&quot;slideshow&quot;,&quot;background_slideshow_ken_burns&quot;:&quot;yes&quot;,&quot;tmea_shape_divider_top&quot;:&quot;none&quot;,&quot;tmea_shape_divider_bottom&quot;:&quot;none&quot;,&quot;background_slideshow_gallery&quot;:[],&quot;background_slideshow_loop&quot;:&quot;yes&quot;,&quot;background_slideshow_slide_duration&quot;:5000,&quot;background_slideshow_slide_transition&quot;:&quot;fade&quot;,&quot;background_slideshow_transition_duration&quot;:500,&quot;background_slideshow_ken_burns_zoom_direction&quot;:&quot;in&quot;}\">\n\t\t\t\t\t\t\t<div class=\"elementor-background-overlay\"><\/div>\n\t\t\t\t\t\t\t<div class=\"elementor-container elementor-column-gap-default\">\n\t\t\t\t\t<div class=\"elementor-column elementor-col-100 elementor-top-column elementor-element elementor-element-2a85b36 elementor-invisible\" data-id=\"2a85b36\" data-element_type=\"column\" data-e-type=\"column\" data-settings=\"{&quot;animation&quot;:&quot;fadeIn&quot;}\">\n\t\t\t<div class=\"elementor-widget-wrap elementor-element-populated\">\n\t\t\t\t\t\t<div class=\"elementor-element elementor-element-edd913a elementor-widget elementor-widget-heading\" data-id=\"edd913a\" data-element_type=\"widget\" data-e-type=\"widget\" data-widget_type=\"heading.default\">\n\t\t\t\t<div class=\"elementor-widget-container\">\n\t\t\t\t\t<h2 class=\"elementor-heading-title elementor-size-default\">PERCURSOS DE NATUREZA<\/h2>\t\t\t\t<\/div>\n\t\t\t\t<\/div>\n\t\t\t\t<div class=\"elementor-element elementor-element-76ddd56 elementor-widget elementor-widget-heading\" data-id=\"76ddd56\" data-element_type=\"widget\" data-e-type=\"widget\" data-widget_type=\"heading.default\">\n\t\t\t\t<div class=\"elementor-widget-container\">\n\t\t\t\t\t<h2 class=\"elementor-heading-title elementor-size-default\">Percurso Permanente Tur\u00edstico de Orienta\u00e7\u00e3o<\/h2>\t\t\t\t<\/div>\n\t\t\t\t<\/div>\n\t\t\t\t\t<\/div>\n\t\t<\/div>\n\t\t\t\t\t<\/div>\n\t\t<\/section>\n\t\t\t\t<section class=\"elementor-section elementor-top-section elementor-element elementor-element-1765b6c elementor-section-boxed elementor-section-height-default elementor-section-height-default\" data-id=\"1765b6c\" data-element_type=\"section\" data-e-type=\"section\" data-settings=\"{&quot;tmea_shape_divider_top&quot;:&quot;none&quot;,&quot;tmea_shape_divider_bottom&quot;:&quot;none&quot;}\">\n\t\t\t\t\t\t<div class=\"elementor-container elementor-column-gap-default\">\n\t\t\t\t\t<div class=\"elementor-column elementor-col-100 elementor-top-column elementor-element elementor-element-bbf2e8c\" data-id=\"bbf2e8c\" data-element_type=\"column\" data-e-type=\"column\">\n\t\t\t<div class=\"elementor-widget-wrap elementor-element-populated\">\n\t\t\t\t\t\t<div class=\"elementor-element elementor-element-55fbac3 elementor-widget elementor-widget-heading\" data-id=\"55fbac3\" data-element_type=\"widget\" data-e-type=\"widget\" data-widget_type=\"heading.default\">\n\t\t\t\t<div class=\"elementor-widget-container\">\n\t\t\t\t\t<h2 class=\"elementor-heading-title elementor-size-default\">Orienta\u00e7\u00e3o<\/h2>\t\t\t\t<\/div>\n\t\t\t\t<\/div>\n\t\t\n\t\t<div class=\"elementor-element elementor-element-270ca3d elementor-widget elementor-widget-text-editor\" data-id=\"270ca3d\" data-element_type=\"widget\" data-e-type=\"widget\" data-widget_type=\"text-editor.default\">\n\t\t\t\t<div class=\"elementor-widget-container\">\n\t\t\t\t\t\t\t\t\t<p>A Orienta\u00e7\u00e3o \u00e9 um desporto recente em Portugal, mas tem j\u00e1 mais de 100 anos de exist\u00eancia enquanto desporto organizado.<\/p><p>A primeira atividade de Orienta\u00e7\u00e3o desportiva foi organizada em 1897, em Bergen \u2013 Noruega.<br \/>Por c\u00e1 o in\u00edcio da Orienta\u00e7\u00e3o remonta a 1973, quando em Mafra foi organizado o primeiro Campeonato das For\u00e7as Armadas.<\/p><p>Em 1990 surgiu a\u00a0<a href=\"http:\/\/www.fpo.pt\/\" target=\"_blank\" rel=\"noopener\">Federa\u00e7\u00e3o Portuguesa de Orienta\u00e7\u00e3o<\/a>, o \u00f3rg\u00e3o m\u00e1ximo nacional da modalidade, respons\u00e1vel pela organiza\u00e7\u00e3o dos calend\u00e1rios competitivos, Sele\u00e7\u00f5es Nacionais, forma\u00e7\u00e3o, etc.<\/p><p>No chamado \u201cDesporto da Floresta\u201d, a competi\u00e7\u00e3o concilia-se com o lazer, num espa\u00e7o que proporciona um permanente contacto com a Natureza e onde cada participante escolhe o seu ritmo.<\/p><p>No caso do percurso permanente tur\u00edstico de Orienta\u00e7\u00e3o de Benavente, a floresta foi trocada pela malha urbana da Vila, levando os participantes aos nossos locais mais emblem\u00e1ticos.<\/p>\t\t\t\t\t\t\t\t<\/div>\n\t\t\t\t<\/div>\n\t\t\t\t<div class=\"elementor-element elementor-element-10f1ce2 elementor-widget elementor-widget-tme-accordion\" data-id=\"10f1ce2\" data-element_type=\"widget\" data-e-type=\"widget\" data-widget_type=\"tme-accordion.default\">\n\t\t\t\t<div class=\"elementor-widget-container\">\n\t\t\t\t\t            <div class=\"tme-accordions\" data-selfclose=\"false\" data-opensingle=\"false\" data-openspeed=\"200\" data-closespeed=\"200\" data-autoscroll=\"false\" data-scrollspeed=\"400\" data-scrolloffset=\"0\">\n               \n                <div id=\"tme-0f2e0ea-1685601165\"  class=\"tmeaccordion is-default\" data-tmeaccordion-options='{\"selfBlock\": false}'>\n                    <h5 class=\"tmeaccordion__head\">\t\t\t\t\t\t\t\t\t\t\t\t\t\t\t\t\t\tComo realizar o percurso permanente?                    <\/h5>                    <div class=\"tmeaccordion__body\">\n                        <p>\u00a0<\/p><p><a href=\"https:\/\/www.cm-benavente.pt\/wp-content\/uploads\/2023\/03\/percurso-permanente-turstico-benavente-2022_10_20_compressed_pgina_2-rotated.jpg\"><img fetchpriority=\"high\" decoding=\"async\" class=\"alignleft wp-image-42433 size-medium\" src=\"https:\/\/www.cm-benavente.pt\/wp-content\/uploads\/2023\/03\/percurso-permanente-turstico-benavente-2022_10_20_compressed_pgina_2-212x300.jpg\" alt=\"\" width=\"212\" height=\"300\" srcset=\"https:\/\/www.cm-benavente.pt\/wp-content\/uploads\/2023\/03\/percurso-permanente-turstico-benavente-2022_10_20_compressed_pgina_2-212x300.jpg 212w, https:\/\/www.cm-benavente.pt\/wp-content\/uploads\/2023\/03\/percurso-permanente-turstico-benavente-2022_10_20_compressed_pgina_2-724x1024.jpg 724w, https:\/\/www.cm-benavente.pt\/wp-content\/uploads\/2023\/03\/percurso-permanente-turstico-benavente-2022_10_20_compressed_pgina_2-768x1086.jpg 768w, https:\/\/www.cm-benavente.pt\/wp-content\/uploads\/2023\/03\/percurso-permanente-turstico-benavente-2022_10_20_compressed_pgina_2-1086x1536.jpg 1086w, https:\/\/www.cm-benavente.pt\/wp-content\/uploads\/2023\/03\/percurso-permanente-turstico-benavente-2022_10_20_compressed_pgina_2-500x707.jpg 500w, https:\/\/www.cm-benavente.pt\/wp-content\/uploads\/2023\/03\/percurso-permanente-turstico-benavente-2022_10_20_compressed_pgina_2-800x1131.jpg 800w, https:\/\/www.cm-benavente.pt\/wp-content\/uploads\/2023\/03\/percurso-permanente-turstico-benavente-2022_10_20_compressed_pgina_2-1280x1810.jpg 1280w, https:\/\/www.cm-benavente.pt\/wp-content\/uploads\/2023\/03\/percurso-permanente-turstico-benavente-2022_10_20_compressed_pgina_2-rotated.jpg 1340w\" sizes=\"(max-width: 212px) 100vw, 212px\" \/><\/a><\/p><p>Qualquer pessoa pode realizar o percurso permanente tur\u00edstico de Orienta\u00e7\u00e3o de Benavente, independentemente da sua condi\u00e7\u00e3o f\u00edsica e da sua habilidade para ler um mapa de Orienta\u00e7\u00e3o.<\/p><p>Para realizar o percurso \u00e9 preciso um mapa. Esse mapa pode ser recolhido em papel nos edif\u00edcios do Munic\u00edpio e tamb\u00e9m est\u00e1 dispon\u00edvel para\u00a0<a href=\"https:\/\/www.cm-benavente.pt\/downloads\/noticias\/8813-percurso-permanente-turistico-benavente-2022\"><em>download<\/em>\u00a0AQUI<\/a>.<\/p><p>Para melhorar a experi\u00eancia, recomendamos que realize o percurso com o mapa impresso em papel. No entanto, \u00e9 poss\u00edvel fazer o percurso levando o mapa em formato digital no seu telem\u00f3vel ou tablet.<\/p><p>Uma vez com o mapa na m\u00e3o pode observar que este tem diversas cores e s\u00edmbolos. No mapa vai encontrar uma legenda para as cores e s\u00edmbolos. Caso seja a primeira vez que faz um percurso de Orienta\u00e7\u00e3o, \u00e9 recomendado que perca algum tempo a observar a legenda.<\/p><p>O\u00a0<b>objetivo da Orienta\u00e7\u00e3o<\/b>\u00a0\u00e9 cumprir o percurso assinalado no mapa\u00a0<strong>pela ordem indicada<\/strong>\u00a0(partida, ponto 1, ponto 2, ponto 3, \u2026\u2026, final), o mais r\u00e1pido poss\u00edvel e recorrendo apenas ao mapa e a uma b\u00fassola (opcional, mas aconselh\u00e1vel).<\/p><p>No mapa encontra-se assinalado o percurso com a cor\u00a0<strong>magenta<\/strong>.<\/p><ul><li>O local de in\u00edcio (coordenadas GPS do in\u00edcio do percurso:\u00a0<a href=\"https:\/\/goo.gl\/maps\/ydT98UCQgWR4iHFR9\" target=\"_blank\" rel=\"noopener\">984709, -8.810777<\/a>) \u00e9 assinalado com um\u00a0<strong>tri\u00e2ngulo<\/strong>\u00a0<strong>magenta<\/strong>.<\/li><li>Os pontos de controlo s\u00e3o assinalados com\u00a0<strong>circunfer\u00eancias magenta<\/strong>\u00a0\u2013 ao lado de cada ponto de controlo, est\u00e1 um algarismo que indica qual o n\u00famero do ponto (por exemplo, ao lado do quinto ponto, est\u00e1 o algarismo \u201c5\u201d). Relembramos que o percurso deve ser realizado por ordem crescente.<\/li><li>O final do percurso \u00e9 assinalado com\u00a0<strong>duas circunfer\u00eancias conc\u00eantricas de cor magenta<\/strong>.<\/li><li>O percurso permanente tur\u00edstico de Orienta\u00e7\u00e3o de Benavente \u00e9 constitu\u00eddo pelo ponto de partida, 20 pontos de controlo e pelo ponto de chegada.<\/li><\/ul><p>Em cada ponto de controlo (tal como no ponto de partida e no ponto de chegada) vai encontrar uma placa que lhe indica que est\u00e1 no local certo. Em cada placa vai encontrar um\u00a0<em>QR Code<\/em>\u00a0para ser utilizado apenas por utilizadores da\u00a0<strong><em>APP iOrienteering<\/em><\/strong>.<\/p>                    <\/div>\n                <\/div>\n               \n                <div id=\"tme-1f32ee0-1685601165\"  class=\"tmeaccordion is-default\" data-tmeaccordion-options='{\"selfBlock\": false}'>\n                    <h5 class=\"tmeaccordion__head\">\t\t\t\t\t\t\t\t\t\t\t\t\t\t\t\t\t\tComo utilizar a APP iOrienteering?                    <\/h5>                    <div class=\"tmeaccordion__body\">\n                        <p>Para realizar o percurso permanente tur\u00edstico de Orienta\u00e7\u00e3o de Benavente apenas \u00e9 preciso um mapa (em papel ou digital). No entanto, \u00e9 poss\u00edvel melhorar a sua experi\u00eancia utilizando a\u00a0<em>APP iOrienteering<\/em>.<\/p><p>Esta APP, dispon\u00edvel para\u00a0<a href=\"https:\/\/play.google.com\/store\/apps\/details?id=com.iorienteering.mobile&amp;hl=pt_PT&amp;gl=US\" target=\"_blank\" rel=\"noopener\"><em>Android<\/em><\/a>\u00a0e\u00a0<a href=\"https:\/\/apps.apple.com\/pt\/app\/iorienteering\/id662759860\" target=\"_blank\" rel=\"noopener\">iOS<\/a>, faz a cronometragem do seu percurso e permite fazer uma lista de resultados de todos os utilizadores.<\/p><p>Para utilizar esta APP deve:<\/p><ol><li>Instalar a aplica\u00e7\u00e3o no seu telem\u00f3vel. Deve permitir o acesso \u00e0 localiza\u00e7\u00e3o e \u00e0 c\u00e2mara do dispositivo;<\/li><li>Criar uma conta (apenas \u00e9 poss\u00edvel aparecer na lista de resultados tendo conta criada);<\/li><li>Depois de ter criado a sua conta, deve:<ol><li>\u201c<strong>CARREGAR UM EVENTO<\/strong>\u201d<\/li><li>\u201c<strong>DIGITALIZAR O C\u00d3DIGO QR<\/strong>\u201d<ol><li>Neste momento, deve digitalizar o\u00a0<em>QR Code<\/em>\u00a0(presente no placard da partida OU no panfleto do percurso) que tem a indica\u00e7\u00e3o \u201c<strong>Abrir o percurso na APP iOrienteering<\/strong>\u201d.<\/li><\/ol><\/li><li>\u201c<strong>DIGITALIZAR O C\u00d3DIGO DE PARTIDA\u201d<\/strong><ol><li>Neste momento, deve digitalizar o\u00a0<em>QR Code<\/em>\u00a0(presente no placard da partida) que tem a indica\u00e7\u00e3o \u201c<strong>Iniciar o cron\u00f3metro na APP iOrienteering<\/strong>\u201d. A partir deste momento o tempo do seu percurso j\u00e1 est\u00e1 a contar.<\/li><\/ol><\/li><li>Sempre que chegar a um ponto de controlo, deve carregar em \u201c<strong>DIGITALIZAR POSTO DE CONTROLO<\/strong>\u201d. Nalguns dispositivos n\u00e3o \u00e9 necess\u00e1rio digitalizar o c\u00f3digo em cada ponto de controlo. Tal acontece por GPS \u2013 quando isto acontece, o telem\u00f3vel faz um \u201cBIP\u201d.<\/li><\/ol><\/li><\/ol><p>Chegando ao \u00faltimo ponto de controlo, deve digitalizar o\u00a0<em>QC Code<\/em>\u00a0presente na placa. Nesse momento o cron\u00f3metro para. Em seguida deve \u201ccarregar\u201d o seu resultado. S\u00f3 ap\u00f3s carregar o seu resultado \u00e9 que vai aparecer na lista de resultados p\u00fablica.<\/p>                    <\/div>\n                <\/div>\n                \n            <\/div>\n            \t\t\t\t<\/div>\n\t\t\t\t<\/div>\n\t\t\t\t\t<\/div>\n\t\t<\/div>\n\t\t\t\t\t<\/div>\n\t\t<\/section>\n\t\t\t\t<\/div>\n\t\t","protected":false},"excerpt":{"rendered":"<p>PERCURSOS DE NATUREZA Percurso Permanente Tur\u00edstico de Orienta\u00e7\u00e3o Orienta\u00e7\u00e3o A Orienta\u00e7\u00e3o \u00e9 um desporto recente em Portugal, mas tem j\u00e1 mais de 100 anos de exist\u00eancia enquanto desporto organizado. A primeira atividade de Orienta\u00e7\u00e3o desportiva foi organizada em 1897, em Bergen \u2013 Noruega.Por c\u00e1 o in\u00edcio da Orienta\u00e7\u00e3o remonta a 1973, quando em Mafra foi [&hellip;]<\/p>\n","protected":false},"author":3,"featured_media":0,"parent":3759,"menu_order":0,"comment_status":"closed","ping_status":"closed","template":"","meta":{"_vp_format_video_url":"","_vp_image_focal_point":[],"footnotes":""},"class_list":["post-42413","page","type-page","status-publish","hentry"],"_links":{"self":[{"href":"https:\/\/www.cm-benavente.pt\/index.php\/wp-json\/wp\/v2\/pages\/42413","targetHints":{"allow":["GET"]}}],"collection":[{"href":"https:\/\/www.cm-benavente.pt\/index.php\/wp-json\/wp\/v2\/pages"}],"about":[{"href":"https:\/\/www.cm-benavente.pt\/index.php\/wp-json\/wp\/v2\/types\/page"}],"author":[{"embeddable":true,"href":"https:\/\/www.cm-benavente.pt\/index.php\/wp-json\/wp\/v2\/users\/3"}],"replies":[{"embeddable":true,"href":"https:\/\/www.cm-benavente.pt\/index.php\/wp-json\/wp\/v2\/comments?post=42413"}],"version-history":[{"count":0,"href":"https:\/\/www.cm-benavente.pt\/index.php\/wp-json\/wp\/v2\/pages\/42413\/revisions"}],"up":[{"embeddable":true,"href":"https:\/\/www.cm-benavente.pt\/index.php\/wp-json\/wp\/v2\/pages\/3759"}],"wp:attachment":[{"href":"https:\/\/www.cm-benavente.pt\/index.php\/wp-json\/wp\/v2\/media?parent=42413"}],"curies":[{"name":"wp","href":"https:\/\/api.w.org\/{rel}","templated":true}]}}