{"id":42200,"date":"2023-03-14T16:17:45","date_gmt":"2023-03-14T16:17:45","guid":{"rendered":"https:\/\/www.cm-benavente.pt\/?page_id=42200"},"modified":"2024-09-13T14:47:11","modified_gmt":"2024-09-13T14:47:11","slug":"patrimonio-cultural-e-arquitetonico","status":"publish","type":"page","link":"https:\/\/www.cm-benavente.pt\/index.php\/descobrir\/patrimonio-cultural-e-arquitetonico\/","title":{"rendered":"Patrim\u00f3nio Cultural e Arquitet\u00f3nico"},"content":{"rendered":"\t\t<div data-elementor-type=\"wp-page\" data-elementor-id=\"42200\" class=\"elementor elementor-42200\" data-elementor-post-type=\"page\">\n\t\t\t\t\t\t<section class=\"elementor-section elementor-top-section elementor-element elementor-element-a6af92b elementor-section-boxed elementor-section-height-default elementor-section-height-default\" data-id=\"a6af92b\" data-element_type=\"section\" data-e-type=\"section\" data-settings=\"{&quot;tmea_shape_divider_top&quot;:&quot;none&quot;,&quot;tmea_shape_divider_bottom&quot;:&quot;none&quot;}\">\n\t\t\t\t\t\t<div class=\"elementor-container elementor-column-gap-default\">\n\t\t\t\t\t<div class=\"elementor-column elementor-col-100 elementor-top-column elementor-element elementor-element-071aaee\" data-id=\"071aaee\" data-element_type=\"column\" data-e-type=\"column\">\n\t\t\t<div class=\"elementor-widget-wrap\">\n\t\t\t\t\t\t\t<\/div>\n\t\t<\/div>\n\t\t\t\t\t<\/div>\n\t\t<\/section>\n\t\t\t\t<section class=\"elementor-section elementor-top-section elementor-element elementor-element-e8885e3 elementor-section-height-min-height elementor-section-boxed elementor-section-height-default elementor-section-items-middle\" data-id=\"e8885e3\" data-element_type=\"section\" data-e-type=\"section\" data-settings=\"{&quot;background_background&quot;:&quot;slideshow&quot;,&quot;background_slideshow_ken_burns&quot;:&quot;yes&quot;,&quot;background_slideshow_gallery&quot;:[{&quot;id&quot;:45577,&quot;url&quot;:&quot;https:\\\/\\\/www.cm-benavente.pt\\\/wp-content\\\/uploads\\\/2023\\\/04\\\/front-page-site-patrominio-cultura.jpg&quot;}],&quot;tmea_shape_divider_top&quot;:&quot;none&quot;,&quot;tmea_shape_divider_bottom&quot;:&quot;none&quot;,&quot;background_slideshow_loop&quot;:&quot;yes&quot;,&quot;background_slideshow_slide_duration&quot;:5000,&quot;background_slideshow_slide_transition&quot;:&quot;fade&quot;,&quot;background_slideshow_transition_duration&quot;:500,&quot;background_slideshow_ken_burns_zoom_direction&quot;:&quot;in&quot;}\">\n\t\t\t\t\t\t\t<div class=\"elementor-background-overlay\"><\/div>\n\t\t\t\t\t\t\t<div class=\"elementor-container elementor-column-gap-default\">\n\t\t\t\t\t<div class=\"elementor-column elementor-col-100 elementor-top-column elementor-element elementor-element-4464a2c elementor-invisible\" data-id=\"4464a2c\" data-element_type=\"column\" data-e-type=\"column\" data-settings=\"{&quot;animation&quot;:&quot;fadeIn&quot;}\">\n\t\t\t<div class=\"elementor-widget-wrap elementor-element-populated\">\n\t\t\t\t\t\t<div class=\"elementor-element elementor-element-e584cc9 elementor-widget elementor-widget-heading\" data-id=\"e584cc9\" data-element_type=\"widget\" data-e-type=\"widget\" data-widget_type=\"heading.default\">\n\t\t\t\t<div class=\"elementor-widget-container\">\n\t\t\t\t\t<h2 class=\"elementor-heading-title elementor-size-default\">DESCOBRIR<\/h2>\t\t\t\t<\/div>\n\t\t\t\t<\/div>\n\t\t\t\t<div class=\"elementor-element elementor-element-ded868f elementor-widget elementor-widget-heading\" data-id=\"ded868f\" data-element_type=\"widget\" data-e-type=\"widget\" data-widget_type=\"heading.default\">\n\t\t\t\t<div class=\"elementor-widget-container\">\n\t\t\t\t\t<h2 class=\"elementor-heading-title elementor-size-default\">Patrim\u00f3nio Cultural e Arquitet\u00f3nico<\/h2>\t\t\t\t<\/div>\n\t\t\t\t<\/div>\n\t\t\t\t\t<\/div>\n\t\t<\/div>\n\t\t\t\t\t<\/div>\n\t\t<\/section>\n\t\t\t\t<section class=\"elementor-section elementor-top-section elementor-element elementor-element-ab63d0f elementor-section-boxed elementor-section-height-default elementor-section-height-default\" data-id=\"ab63d0f\" data-element_type=\"section\" data-e-type=\"section\" data-settings=\"{&quot;tmea_shape_divider_top&quot;:&quot;none&quot;,&quot;tmea_shape_divider_bottom&quot;:&quot;none&quot;}\">\n\t\t\t\t\t\t<div class=\"elementor-container elementor-column-gap-default\">\n\t\t\t\t\t<div class=\"elementor-column elementor-col-100 elementor-top-column elementor-element elementor-element-2219807\" data-id=\"2219807\" data-element_type=\"column\" data-e-type=\"column\">\n\t\t\t<div class=\"elementor-widget-wrap elementor-element-populated\">\n\t\t\t\t\n\t\t<div class=\"elementor-element elementor-element-7c39216 elementor-widget elementor-widget-text-editor\" data-id=\"7c39216\" data-element_type=\"widget\" data-e-type=\"widget\" data-widget_type=\"text-editor.default\">\n\t\t\t\t<div class=\"elementor-widget-container\">\n\t\t\t\t\t\t\t\t\t<p>Entre Tejo e Alentejo, junto \u00e0 grande Lez\u00edria Ribatejana fica o concelho de Benavente, orgulhoso das suas famosas ganadarias de reconhecido valor em todo o pa\u00eds, e da figura t\u00edpica e corajosa que \u00e9 o campino que com as suas vestes garridas d\u00e1 especial colorido \u00e0 lez\u00edria e \u00e0s festas tradicionais, com grandes exibi\u00e7\u00f5es nos jogos de cabrestos e na picaria \u00e0 vara larga, espet\u00e1culos t\u00edpicos desta regi\u00e3o.<\/p><p>O turista pode ainda desfrutar do magn\u00edfico espet\u00e1culo da Reserva Natural do Estu\u00e1rio do Tejo, onde milhares de aves migrat\u00f3rias e esp\u00e9cies ribeirinhas enchem de beleza uma vasta extens\u00e3o de dezenas de quil\u00f3metros quadrados de vida e habitat selvagem, dando uma maior autenticidade \u00e0 enorme riqueza espont\u00e2nea, cen\u00e1rio natural deste concelho.<\/p><p>O olhar perde-se ainda no verde dos arrozais, a garganta seca-se, na avidez de embarcar de uma s\u00f3 vez, um copo de vinho das videiras de Catapereiro; o Tejo, o rio de prosperidade e sobressaltos a espraiar-se na Lez\u00edria; o Sorraia espelhando-se na claridade da campina, onde as cegonhas fazem ninhos que a Primavera aquece.<\/p>\t\t\t\t\t\t\t\t<\/div>\n\t\t\t\t<\/div>\n\t\t\t\t\t<\/div>\n\t\t<\/div>\n\t\t\t\t\t<\/div>\n\t\t<\/section>\n\t\t\t\t<section class=\"elementor-section elementor-top-section elementor-element elementor-element-0516bf4 elementor-section-boxed elementor-section-height-default elementor-section-height-default\" data-id=\"0516bf4\" data-element_type=\"section\" data-e-type=\"section\" data-settings=\"{&quot;background_background&quot;:&quot;classic&quot;,&quot;tmea_shape_divider_top&quot;:&quot;none&quot;,&quot;tmea_shape_divider_bottom&quot;:&quot;none&quot;}\">\n\t\t\t\t\t\t<div class=\"elementor-container elementor-column-gap-custom\">\n\t\t\t\t\t<div class=\"elementor-column elementor-col-33 elementor-top-column elementor-element elementor-element-207aeb6\" data-id=\"207aeb6\" data-element_type=\"column\" data-e-type=\"column\" data-settings=\"{&quot;background_background&quot;:&quot;classic&quot;}\">\n\t\t\t<div class=\"elementor-widget-wrap elementor-element-populated\">\n\t\t\t\t\t\t<div class=\"elementor-element elementor-element-cac2fbd elementor-widget elementor-widget-heading\" data-id=\"cac2fbd\" data-element_type=\"widget\" data-e-type=\"widget\" data-widget_type=\"heading.default\">\n\t\t\t\t<div class=\"elementor-widget-container\">\n\t\t\t\t\t<h2 class=\"elementor-heading-title elementor-size-default\"><a href=\"https:\/\/www.cm-benavente.pt\/index.php\/descobrir\/patrimonio-cultural-e-arquitetonico\/identidade-e-memoria\/\">Hist\u00f3ria e Identidade<\/a><\/h2>\t\t\t\t<\/div>\n\t\t\t\t<\/div>\n\t\t\t\t<div class=\"elementor-element elementor-element-8601bad elementor-widget elementor-widget-text-editor\" data-id=\"8601bad\" data-element_type=\"widget\" data-e-type=\"widget\" data-widget_type=\"text-editor.default\">\n\t\t\t\t<div class=\"elementor-widget-container\">\n\t\t\t\t\t\t\t\t\t<p><a href=\"https:\/\/www.cm-benavente.pt\/index.php\/descobrir\/patrimonio-cultural-e-arquitetonico\/identidade-e-memoria\/\">Ver mais \u00bb<\/a><\/p>\t\t\t\t\t\t\t\t<\/div>\n\t\t\t\t<\/div>\n\t\t\t\t\t<\/div>\n\t\t<\/div>\n\t\t\t\t<div class=\"elementor-column elementor-col-33 elementor-top-column elementor-element elementor-element-6a9987b\" data-id=\"6a9987b\" data-element_type=\"column\" data-e-type=\"column\" data-settings=\"{&quot;background_background&quot;:&quot;classic&quot;}\">\n\t\t\t<div class=\"elementor-widget-wrap elementor-element-populated\">\n\t\t\t\t\t\t<div class=\"elementor-element elementor-element-8128d3f elementor-widget elementor-widget-heading\" data-id=\"8128d3f\" data-element_type=\"widget\" data-e-type=\"widget\" data-widget_type=\"heading.default\">\n\t\t\t\t<div class=\"elementor-widget-container\">\n\t\t\t\t\t<h2 class=\"elementor-heading-title elementor-size-default\"><a href=\"https:\/\/www.cm-benavente.pt\/index.php\/descobrir\/patrimonio-cultural-e-arquitetonico\/patrimonio\/\">Patrim\u00f3nio<\/a><\/h2>\t\t\t\t<\/div>\n\t\t\t\t<\/div>\n\t\t\t\t<div class=\"elementor-element elementor-element-ff38bc2 elementor-widget elementor-widget-text-editor\" data-id=\"ff38bc2\" data-element_type=\"widget\" data-e-type=\"widget\" data-widget_type=\"text-editor.default\">\n\t\t\t\t<div class=\"elementor-widget-container\">\n\t\t\t\t\t\t\t\t\t<p><a href=\"https:\/\/www.cm-benavente.pt\/index.php\/descobrir\/patrimonio-cultural-e-arquitetonico\/patrimonio\/\">Ver mais \u00bb<\/a><\/p>\t\t\t\t\t\t\t\t<\/div>\n\t\t\t\t<\/div>\n\t\t\t\t\t<\/div>\n\t\t<\/div>\n\t\t\t\t<div class=\"elementor-column elementor-col-33 elementor-top-column elementor-element elementor-element-a12e23d\" data-id=\"a12e23d\" data-element_type=\"column\" data-e-type=\"column\" data-settings=\"{&quot;background_background&quot;:&quot;classic&quot;}\">\n\t\t\t<div class=\"elementor-widget-wrap elementor-element-populated\">\n\t\t\t\t\t\t<div class=\"elementor-element elementor-element-2e323a1 elementor-widget elementor-widget-heading\" data-id=\"2e323a1\" data-element_type=\"widget\" data-e-type=\"widget\" data-widget_type=\"heading.default\">\n\t\t\t\t<div class=\"elementor-widget-container\">\n\t\t\t\t\t<h2 class=\"elementor-heading-title elementor-size-default\"><a href=\"https:\/\/www.cm-benavente.pt\/index.php\/descobrir\/patrimonio-cultural-e-arquitetonico\/festas-e-tradicao\/\">Festas e Tradi\u00e7\u00e3o<\/a><\/h2>\t\t\t\t<\/div>\n\t\t\t\t<\/div>\n\t\t\t\t<div class=\"elementor-element elementor-element-993b7e2 elementor-widget elementor-widget-text-editor\" data-id=\"993b7e2\" data-element_type=\"widget\" data-e-type=\"widget\" data-widget_type=\"text-editor.default\">\n\t\t\t\t<div class=\"elementor-widget-container\">\n\t\t\t\t\t\t\t\t\t<p><a href=\"https:\/\/www.cm-benavente.pt\/index.php\/descobrir\/patrimonio-cultural-e-arquitetonico\/festas-e-tradicao\/\">Ver mais \u00bb<\/a><\/p>\t\t\t\t\t\t\t\t<\/div>\n\t\t\t\t<\/div>\n\t\t\t\t\t<\/div>\n\t\t<\/div>\n\t\t\t\t\t<\/div>\n\t\t<\/section>\n\t\t\t\t<\/div>\n\t\t","protected":false},"excerpt":{"rendered":"<p>DESCOBRIR Patrim\u00f3nio Cultural e Arquitet\u00f3nico Entre Tejo e Alentejo, junto \u00e0 grande Lez\u00edria Ribatejana fica o concelho de Benavente, orgulhoso das suas famosas ganadarias de reconhecido valor em todo o pa\u00eds, e da figura t\u00edpica e corajosa que \u00e9 o campino que com as suas vestes garridas d\u00e1 especial colorido \u00e0 lez\u00edria e \u00e0s festas [&hellip;]<\/p>\n","protected":false},"author":3,"featured_media":0,"parent":3767,"menu_order":0,"comment_status":"closed","ping_status":"closed","template":"","meta":{"_vp_format_video_url":"","_vp_image_focal_point":[],"footnotes":""},"class_list":["post-42200","page","type-page","status-publish","hentry"],"_links":{"self":[{"href":"https:\/\/www.cm-benavente.pt\/index.php\/wp-json\/wp\/v2\/pages\/42200","targetHints":{"allow":["GET"]}}],"collection":[{"href":"https:\/\/www.cm-benavente.pt\/index.php\/wp-json\/wp\/v2\/pages"}],"about":[{"href":"https:\/\/www.cm-benavente.pt\/index.php\/wp-json\/wp\/v2\/types\/page"}],"author":[{"embeddable":true,"href":"https:\/\/www.cm-benavente.pt\/index.php\/wp-json\/wp\/v2\/users\/3"}],"replies":[{"embeddable":true,"href":"https:\/\/www.cm-benavente.pt\/index.php\/wp-json\/wp\/v2\/comments?post=42200"}],"version-history":[{"count":9,"href":"https:\/\/www.cm-benavente.pt\/index.php\/wp-json\/wp\/v2\/pages\/42200\/revisions"}],"predecessor-version":[{"id":59109,"href":"https:\/\/www.cm-benavente.pt\/index.php\/wp-json\/wp\/v2\/pages\/42200\/revisions\/59109"}],"up":[{"embeddable":true,"href":"https:\/\/www.cm-benavente.pt\/index.php\/wp-json\/wp\/v2\/pages\/3767"}],"wp:attachment":[{"href":"https:\/\/www.cm-benavente.pt\/index.php\/wp-json\/wp\/v2\/media?parent=42200"}],"curies":[{"name":"wp","href":"https:\/\/api.w.org\/{rel}","templated":true}]}}