{"id":42008,"date":"2023-03-13T14:54:19","date_gmt":"2023-03-13T14:54:19","guid":{"rendered":"https:\/\/www.cm-benavente.pt\/?page_id=42008"},"modified":"2023-06-06T14:04:41","modified_gmt":"2023-06-06T14:04:41","slug":"controlo-de-pragas","status":"publish","type":"page","link":"https:\/\/www.cm-benavente.pt\/index.php\/viver\/ambiente\/controlo-de-pragas\/","title":{"rendered":"Controlo de Pragas"},"content":{"rendered":"\t\t<div data-elementor-type=\"wp-page\" data-elementor-id=\"42008\" class=\"elementor elementor-42008\" data-elementor-post-type=\"page\">\n\t\t\t\t\t\t<section class=\"elementor-section elementor-top-section elementor-element elementor-element-f363e24 elementor-section-boxed elementor-section-height-default elementor-section-height-default\" data-id=\"f363e24\" data-element_type=\"section\" data-e-type=\"section\" data-settings=\"{&quot;tmea_shape_divider_top&quot;:&quot;none&quot;,&quot;tmea_shape_divider_bottom&quot;:&quot;none&quot;}\">\n\t\t\t\t\t\t<div class=\"elementor-container elementor-column-gap-default\">\n\t\t\t\t\t<div class=\"elementor-column elementor-col-100 elementor-top-column elementor-element elementor-element-89b0da3\" data-id=\"89b0da3\" data-element_type=\"column\" data-e-type=\"column\">\n\t\t\t<div class=\"elementor-widget-wrap\">\n\t\t\t\t\t\t\t<\/div>\n\t\t<\/div>\n\t\t\t\t\t<\/div>\n\t\t<\/section>\n\t\t\t\t<section class=\"elementor-section elementor-top-section elementor-element elementor-element-0f575f3 elementor-section-height-min-height elementor-section-boxed elementor-section-height-default elementor-section-items-middle\" data-id=\"0f575f3\" data-element_type=\"section\" data-e-type=\"section\" data-settings=\"{&quot;background_background&quot;:&quot;slideshow&quot;,&quot;background_slideshow_ken_burns&quot;:&quot;yes&quot;,&quot;background_slideshow_gallery&quot;:[{&quot;id&quot;:46805,&quot;url&quot;:&quot;https:\\\/\\\/www.cm-benavente.pt\\\/wp-content\\\/uploads\\\/2023\\\/06\\\/barata_praga-scaled.jpg&quot;}],&quot;tmea_shape_divider_top&quot;:&quot;none&quot;,&quot;tmea_shape_divider_bottom&quot;:&quot;none&quot;,&quot;background_slideshow_loop&quot;:&quot;yes&quot;,&quot;background_slideshow_slide_duration&quot;:5000,&quot;background_slideshow_slide_transition&quot;:&quot;fade&quot;,&quot;background_slideshow_transition_duration&quot;:500,&quot;background_slideshow_ken_burns_zoom_direction&quot;:&quot;in&quot;}\">\n\t\t\t\t\t\t\t<div class=\"elementor-background-overlay\"><\/div>\n\t\t\t\t\t\t\t<div class=\"elementor-container elementor-column-gap-default\">\n\t\t\t\t\t<div class=\"elementor-column elementor-col-100 elementor-top-column elementor-element elementor-element-c8e38cc elementor-invisible\" data-id=\"c8e38cc\" data-element_type=\"column\" data-e-type=\"column\" data-settings=\"{&quot;animation&quot;:&quot;fadeIn&quot;}\">\n\t\t\t<div class=\"elementor-widget-wrap elementor-element-populated\">\n\t\t\t\t\t\t<div class=\"elementor-element elementor-element-dfad3e3 elementor-widget elementor-widget-heading\" data-id=\"dfad3e3\" data-element_type=\"widget\" data-e-type=\"widget\" data-widget_type=\"heading.default\">\n\t\t\t\t<div class=\"elementor-widget-container\">\n\t\t\t\t\t<h2 class=\"elementor-heading-title elementor-size-default\">AMBIENTE<\/h2>\t\t\t\t<\/div>\n\t\t\t\t<\/div>\n\t\t\t\t<div class=\"elementor-element elementor-element-9c246b1 elementor-widget elementor-widget-heading\" data-id=\"9c246b1\" data-element_type=\"widget\" data-e-type=\"widget\" data-widget_type=\"heading.default\">\n\t\t\t\t<div class=\"elementor-widget-container\">\n\t\t\t\t\t<h2 class=\"elementor-heading-title elementor-size-default\">Controlo de Pragas<\/h2>\t\t\t\t<\/div>\n\t\t\t\t<\/div>\n\t\t\t\t\t<\/div>\n\t\t<\/div>\n\t\t\t\t\t<\/div>\n\t\t<\/section>\n\t\t\t\t<section class=\"elementor-section elementor-top-section elementor-element elementor-element-6e1fdc3 elementor-section-boxed elementor-section-height-default elementor-section-height-default\" data-id=\"6e1fdc3\" data-element_type=\"section\" data-e-type=\"section\" data-settings=\"{&quot;tmea_shape_divider_top&quot;:&quot;none&quot;,&quot;tmea_shape_divider_bottom&quot;:&quot;none&quot;}\">\n\t\t\t\t\t\t<div class=\"elementor-container elementor-column-gap-default\">\n\t\t\t\t\t<div class=\"elementor-column elementor-col-100 elementor-top-column elementor-element elementor-element-1c043be\" data-id=\"1c043be\" data-element_type=\"column\" data-e-type=\"column\">\n\t\t\t<div class=\"elementor-widget-wrap elementor-element-populated\">\n\t\t\t\t\n\t\t<div class=\"elementor-element elementor-element-4eb3d39 elementor-widget elementor-widget-text-editor\" data-id=\"4eb3d39\" data-element_type=\"widget\" data-e-type=\"widget\" data-widget_type=\"text-editor.default\">\n\t\t\t\t<div class=\"elementor-widget-container\">\n\t\t\t\t\t\t\t\t\t<p>Os servi\u00e7os municipais desenvolvem a\u00e7\u00f5es \u2013 de forma regular e calendarizada, ou em interven\u00e7\u00f5es pontuais \u2013 para garantir o controlo de pragas em todo o munic\u00edpio.<\/p>\t\t\t\t\t\t\t\t<\/div>\n\t\t\t\t<\/div>\n\t\t\t\t\t<\/div>\n\t\t<\/div>\n\t\t\t\t\t<\/div>\n\t\t<\/section>\n\t\t\t\t<section class=\"elementor-section elementor-top-section elementor-element elementor-element-ff58b08 elementor-section-boxed elementor-section-height-default elementor-section-height-default\" data-id=\"ff58b08\" data-element_type=\"section\" data-e-type=\"section\" data-settings=\"{&quot;tmea_shape_divider_top&quot;:&quot;none&quot;,&quot;tmea_shape_divider_bottom&quot;:&quot;none&quot;}\">\n\t\t\t\t\t\t<div class=\"elementor-container elementor-column-gap-default\">\n\t\t\t\t\t<div class=\"elementor-column elementor-col-33 elementor-top-column elementor-element elementor-element-006558e\" data-id=\"006558e\" data-element_type=\"column\" data-e-type=\"column\">\n\t\t\t<div class=\"elementor-widget-wrap elementor-element-populated\">\n\t\t\t\t\t\t<div class=\"elementor-element elementor-element-306c727 elementor-widget elementor-widget-heading\" data-id=\"306c727\" data-element_type=\"widget\" data-e-type=\"widget\" data-widget_type=\"heading.default\">\n\t\t\t\t<div class=\"elementor-widget-container\">\n\t\t\t\t\t<h2 class=\"elementor-heading-title elementor-size-default\">Informa\u00e7\u00e3o sobre os procedimentos para diminuir a nidifica\u00e7\u00e3o de pombos nos telhados e varandas dos pr\u00e9dios<\/h2>\t\t\t\t<\/div>\n\t\t\t\t<\/div>\n\t\t\t\t\t<\/div>\n\t\t<\/div>\n\t\t\t\t<div class=\"elementor-column elementor-col-66 elementor-top-column elementor-element elementor-element-6997952\" data-id=\"6997952\" data-element_type=\"column\" data-e-type=\"column\">\n\t\t\t<div class=\"elementor-widget-wrap elementor-element-populated\">\n\t\t\t\t\t\t<div class=\"elementor-element elementor-element-9d38cbc elementor-widget elementor-widget-text-editor\" data-id=\"9d38cbc\" data-element_type=\"widget\" data-e-type=\"widget\" data-widget_type=\"text-editor.default\">\n\t\t\t\t<div class=\"elementor-widget-container\">\n\t\t\t\t\t\t\t\t\t<p>Limpeza dos algerozes dos edif\u00edcios nos meses de Mar\u00e7o a Julho e em Setembro, uma vez que ao remover fezes, restos de ninhos, penas e ovos, previne entupimentos (Nota: estas limpezas requerem algumas precau\u00e7\u00f5es, principalmente o humedecimento das poeiras antes da sua remo\u00e7\u00e3o, bem como a utiliza\u00e7\u00e3o de luvas e m\u00e1scara a proteger a boca e o nariz);<\/p><p>Aplica\u00e7\u00e3o de pastas ou g\u00e9is repelentes em parapeitos ou outras superf\u00edcies do edif\u00edcio (estes produtos causam uma ligeira sensa\u00e7\u00e3o de calor e irrita\u00e7\u00e3o nas patas das aves e inibem o seu poiso);<\/p><p>Coloca\u00e7\u00e3o de esp\u00edculas ou fios de nylon (ou de pesca) esticados a 10 cm da superf\u00edcie e presos nas pontas em beirais, terra\u00e7os e outras superf\u00edcies de poiso afastando, deste modo, os pombos;<\/p><p>Deda\u00e7\u00e3o do acesso aos forros do telhado e consertar as falhas na estrutura do edif\u00edcio, impedindo a entrada e a constru\u00e7\u00e3o dos ninhos no seu interior;<\/p><p>Utiliza\u00e7\u00e3o de modelos de aves predadoras dos pombos, como falc\u00f5es e outras aves de rapina, que funcionam como espantalhos, ou objetos refletores da luz solar ou de cor brilhante, que causam inc\u00f3modo visual.<\/p>\t\t\t\t\t\t\t\t<\/div>\n\t\t\t\t<\/div>\n\t\t\t\t\t<\/div>\n\t\t<\/div>\n\t\t\t\t\t<\/div>\n\t\t<\/section>\n\t\t\t\t<\/div>\n\t\t","protected":false},"excerpt":{"rendered":"<p>AMBIENTE Controlo de Pragas Os servi\u00e7os municipais desenvolvem a\u00e7\u00f5es \u2013 de forma regular e calendarizada, ou em interven\u00e7\u00f5es pontuais \u2013 para garantir o controlo de pragas em todo o munic\u00edpio. Informa\u00e7\u00e3o sobre os procedimentos para diminuir a nidifica\u00e7\u00e3o de pombos nos telhados e varandas dos pr\u00e9dios Limpeza dos algerozes dos edif\u00edcios nos meses de Mar\u00e7o [&hellip;]<\/p>\n","protected":false},"author":3,"featured_media":0,"parent":3769,"menu_order":0,"comment_status":"closed","ping_status":"closed","template":"","meta":{"_vp_format_video_url":"","_vp_image_focal_point":[],"footnotes":""},"class_list":["post-42008","page","type-page","status-publish","hentry"],"_links":{"self":[{"href":"https:\/\/www.cm-benavente.pt\/index.php\/wp-json\/wp\/v2\/pages\/42008","targetHints":{"allow":["GET"]}}],"collection":[{"href":"https:\/\/www.cm-benavente.pt\/index.php\/wp-json\/wp\/v2\/pages"}],"about":[{"href":"https:\/\/www.cm-benavente.pt\/index.php\/wp-json\/wp\/v2\/types\/page"}],"author":[{"embeddable":true,"href":"https:\/\/www.cm-benavente.pt\/index.php\/wp-json\/wp\/v2\/users\/3"}],"replies":[{"embeddable":true,"href":"https:\/\/www.cm-benavente.pt\/index.php\/wp-json\/wp\/v2\/comments?post=42008"}],"version-history":[{"count":6,"href":"https:\/\/www.cm-benavente.pt\/index.php\/wp-json\/wp\/v2\/pages\/42008\/revisions"}],"predecessor-version":[{"id":46811,"href":"https:\/\/www.cm-benavente.pt\/index.php\/wp-json\/wp\/v2\/pages\/42008\/revisions\/46811"}],"up":[{"embeddable":true,"href":"https:\/\/www.cm-benavente.pt\/index.php\/wp-json\/wp\/v2\/pages\/3769"}],"wp:attachment":[{"href":"https:\/\/www.cm-benavente.pt\/index.php\/wp-json\/wp\/v2\/media?parent=42008"}],"curies":[{"name":"wp","href":"https:\/\/api.w.org\/{rel}","templated":true}]}}