{"id":42006,"date":"2023-03-13T14:53:58","date_gmt":"2023-03-13T14:53:58","guid":{"rendered":"https:\/\/www.cm-benavente.pt\/?page_id=42006"},"modified":"2023-06-13T15:52:33","modified_gmt":"2023-06-13T15:52:33","slug":"veiculos-em-estacionamento-abusivo-ou-indevido","status":"publish","type":"page","link":"https:\/\/www.cm-benavente.pt\/index.php\/viver\/ambiente\/veiculos-em-estacionamento-abusivo-ou-indevido\/","title":{"rendered":"Ve\u00edculos em Estacionamento Abusivo ou Indevido"},"content":{"rendered":"\t\t<div data-elementor-type=\"wp-page\" data-elementor-id=\"42006\" class=\"elementor elementor-42006\" data-elementor-post-type=\"page\">\n\t\t\t\t\t\t<section class=\"elementor-section elementor-top-section elementor-element elementor-element-3bb7d4e elementor-section-boxed elementor-section-height-default elementor-section-height-default\" data-id=\"3bb7d4e\" data-element_type=\"section\" data-e-type=\"section\" data-settings=\"{&quot;tmea_shape_divider_top&quot;:&quot;none&quot;,&quot;tmea_shape_divider_bottom&quot;:&quot;none&quot;}\">\n\t\t\t\t\t\t<div class=\"elementor-container elementor-column-gap-default\">\n\t\t\t\t\t<div class=\"elementor-column elementor-col-100 elementor-top-column elementor-element elementor-element-53fb8b7\" data-id=\"53fb8b7\" data-element_type=\"column\" data-e-type=\"column\">\n\t\t\t<div class=\"elementor-widget-wrap\">\n\t\t\t\t\t\t\t<\/div>\n\t\t<\/div>\n\t\t\t\t\t<\/div>\n\t\t<\/section>\n\t\t\t\t<section class=\"elementor-section elementor-top-section elementor-element elementor-element-a571ea5 elementor-section-height-min-height elementor-section-boxed elementor-section-height-default elementor-section-items-middle\" data-id=\"a571ea5\" data-element_type=\"section\" data-e-type=\"section\" data-settings=\"{&quot;background_background&quot;:&quot;slideshow&quot;,&quot;background_slideshow_ken_burns&quot;:&quot;yes&quot;,&quot;background_slideshow_gallery&quot;:[{&quot;id&quot;:47139,&quot;url&quot;:&quot;https:\\\/\\\/www.cm-benavente.pt\\\/wp-content\\\/uploads\\\/2023\\\/06\\\/carro-abandonado_re.jpg&quot;}],&quot;tmea_shape_divider_top&quot;:&quot;none&quot;,&quot;tmea_shape_divider_bottom&quot;:&quot;none&quot;,&quot;background_slideshow_loop&quot;:&quot;yes&quot;,&quot;background_slideshow_slide_duration&quot;:5000,&quot;background_slideshow_slide_transition&quot;:&quot;fade&quot;,&quot;background_slideshow_transition_duration&quot;:500,&quot;background_slideshow_ken_burns_zoom_direction&quot;:&quot;in&quot;}\">\n\t\t\t\t\t\t\t<div class=\"elementor-background-overlay\"><\/div>\n\t\t\t\t\t\t\t<div class=\"elementor-container elementor-column-gap-default\">\n\t\t\t\t\t<div class=\"elementor-column elementor-col-100 elementor-top-column elementor-element elementor-element-b09d2c6 elementor-invisible\" data-id=\"b09d2c6\" data-element_type=\"column\" data-e-type=\"column\" data-settings=\"{&quot;animation&quot;:&quot;fadeIn&quot;}\">\n\t\t\t<div class=\"elementor-widget-wrap elementor-element-populated\">\n\t\t\t\t\t\t<div class=\"elementor-element elementor-element-77d8f0c elementor-widget elementor-widget-heading\" data-id=\"77d8f0c\" data-element_type=\"widget\" data-e-type=\"widget\" data-widget_type=\"heading.default\">\n\t\t\t\t<div class=\"elementor-widget-container\">\n\t\t\t\t\t<h2 class=\"elementor-heading-title elementor-size-default\">AMBIENTE<\/h2>\t\t\t\t<\/div>\n\t\t\t\t<\/div>\n\t\t\t\t<div class=\"elementor-element elementor-element-caa0461 elementor-widget elementor-widget-heading\" data-id=\"caa0461\" data-element_type=\"widget\" data-e-type=\"widget\" data-widget_type=\"heading.default\">\n\t\t\t\t<div class=\"elementor-widget-container\">\n\t\t\t\t\t<h2 class=\"elementor-heading-title elementor-size-default\">Ve\u00edculos em Estacionamento Abusivo ou Indevido<\/h2>\t\t\t\t<\/div>\n\t\t\t\t<\/div>\n\t\t\t\t\t<\/div>\n\t\t<\/div>\n\t\t\t\t\t<\/div>\n\t\t<\/section>\n\t\t\t\t<section class=\"elementor-section elementor-top-section elementor-element elementor-element-adb4fd8 elementor-section-boxed elementor-section-height-default elementor-section-height-default\" data-id=\"adb4fd8\" data-element_type=\"section\" data-e-type=\"section\" data-settings=\"{&quot;tmea_shape_divider_top&quot;:&quot;none&quot;,&quot;tmea_shape_divider_bottom&quot;:&quot;none&quot;}\">\n\t\t\t\t\t\t<div class=\"elementor-container elementor-column-gap-default\">\n\t\t\t\t\t<div class=\"elementor-column elementor-col-100 elementor-top-column elementor-element elementor-element-aff9c1a\" data-id=\"aff9c1a\" data-element_type=\"column\" data-e-type=\"column\">\n\t\t\t<div class=\"elementor-widget-wrap elementor-element-populated\">\n\t\t\t\t\n\t\t<div class=\"elementor-element elementor-element-573986b elementor-widget elementor-widget-text-editor\" data-id=\"573986b\" data-element_type=\"widget\" data-e-type=\"widget\" data-widget_type=\"text-editor.default\">\n\t\t\t\t<div class=\"elementor-widget-container\">\n\t\t\t\t\t\t\t\t\t<p>O C\u00f3digo da Estrada em vigor estabelece, no seu artigo 163\u00ba:<\/p><p>1 &#8211; Considera-se estacionamento indevido ou abusivo:<\/p><ol><li>a) O de ve\u00edculo, durante 30 dias ininterruptos, em local da via p\u00fablica ou em parque ou zona de estacionamento isentos do pagamento de qualquer taxa;<\/li><li>b) O de ve\u00edculo, em parque de estacionamento, quando as taxas correspondentes a cinco dias de utiliza\u00e7\u00e3o n\u00e3o tiverem sido pagas;<\/li><li>c) O de ve\u00edculo, em zona de estacionamento condicionado ao pagamento de taxa, quando esta n\u00e3o tiver sido paga ou tiverem decorrido duas horas para al\u00e9m do per\u00edodo de tempo pago;<\/li><li>d) O de ve\u00edculo que permanecer em local de estacionamento limitado mais de duas horas para al\u00e9m do per\u00edodo de tempo permitido;<\/li><li>e) O de ve\u00edculos agr\u00edcolas, m\u00e1quinas industriais, reboques e semirreboques n\u00e3o atrelados ao ve\u00edculo trator e o de ve\u00edculos publicit\u00e1rios que permane\u00e7am no mesmo local por tempo superior a 72 horas, ou a 30 dias, se estacionarem em parques a esse fim destinados;<\/li><li>f) O que se verifique por tempo superior a 48 horas, quando se trate de ve\u00edculos que apresentem sinais exteriores evidentes de abandono, de inutiliza\u00e7\u00e3o ou de impossibilidade de se deslocarem com seguran\u00e7a pelos seus pr\u00f3prios meios;<\/li><li>g) O de ve\u00edculos ostentando qualquer informa\u00e7\u00e3o com vista \u00e0 sua transa\u00e7\u00e3o, em parque de estacionamento;<\/li><li>h) O de ve\u00edculos sem chapa de matr\u00edcula ou com chapa que n\u00e3o permita a correta leitura da matr\u00edcula.<\/li><\/ol><p>2 &#8211; Os prazos previstos nas al\u00edneas a) e e) do n\u00famero anterior n\u00e3o se interrompem, desde que os ve\u00edculos sejam apenas deslocados de um para outro lugar de estacionamento, ou se mantenham no mesmo parque ou zona de estacionamento.<\/p><p>Os ve\u00edculos que se enquadrem no previsto no artigo 163\u00ba do C\u00f3digo da Estrada podem ser sinalizados pela C\u00e2mara Municipal para remo\u00e7\u00e3o da via p\u00fablica, quando verificados os requisitos legais. Ap\u00f3s a identifica\u00e7\u00e3o do ve\u00edculo, \u00e9 feita consulta ao IRN &#8211; Instituto dos Registos e Notariado \u2013 e os propriet\u00e1rios s\u00e3o notificados da inten\u00e7\u00e3o de remo\u00e7\u00e3o. Havendo lugar \u00e0 remo\u00e7\u00e3o dos ve\u00edculos da via p\u00fablica, os propriet\u00e1rios s\u00e3o novamente notificados da remo\u00e7\u00e3o efetuada, por carta ou edital, de acordo com os prazos legalmente previstos. Findos estes prazos, e caso n\u00e3o seja apresentada reclama\u00e7\u00e3o pelos propriet\u00e1rios, as viaturas s\u00e3o objeto de avalia\u00e7\u00e3o por parte do Munic\u00edpio e poder\u00e3o seguir para abate, sendo emitido o respetivo Certificado de Destrui\u00e7\u00e3o.<\/p><p>No caso de o propriet\u00e1rio querer reaver a viatura ap\u00f3s a remo\u00e7\u00e3o da via p\u00fablica, desde que dentro do prazo legal estipulado para tal, o levantamento est\u00e1 sujeito ao pagamento de taxas.<\/p><p><strong>COMO COMUNICAR SITUA\u00c7\u00d5ES DE VIATURAS EM ESTACIONAMENTO INDEVIDO?<\/strong><\/p><p>Enviando e-mail para <a href=\"mailto:gap@cm-benavente.pt\">gap@cm-benavente.pt<\/a><\/p>\t\t\t\t\t\t\t\t<\/div>\n\t\t\t\t<\/div>\n\t\t\t\t\t<\/div>\n\t\t<\/div>\n\t\t\t\t\t<\/div>\n\t\t<\/section>\n\t\t\t\t<\/div>\n\t\t","protected":false},"excerpt":{"rendered":"<p>AMBIENTE Ve\u00edculos em Estacionamento Abusivo ou Indevido O C\u00f3digo da Estrada em vigor estabelece, no seu artigo 163\u00ba: 1 &#8211; Considera-se estacionamento indevido ou abusivo: a) O de ve\u00edculo, durante 30 dias ininterruptos, em local da via p\u00fablica ou em parque ou zona de estacionamento isentos do pagamento de qualquer taxa; b) O de ve\u00edculo, [&hellip;]<\/p>\n","protected":false},"author":3,"featured_media":0,"parent":3769,"menu_order":0,"comment_status":"closed","ping_status":"closed","template":"","meta":{"_vp_format_video_url":"","_vp_image_focal_point":[],"footnotes":""},"class_list":["post-42006","page","type-page","status-publish","hentry"],"_links":{"self":[{"href":"https:\/\/www.cm-benavente.pt\/index.php\/wp-json\/wp\/v2\/pages\/42006","targetHints":{"allow":["GET"]}}],"collection":[{"href":"https:\/\/www.cm-benavente.pt\/index.php\/wp-json\/wp\/v2\/pages"}],"about":[{"href":"https:\/\/www.cm-benavente.pt\/index.php\/wp-json\/wp\/v2\/types\/page"}],"author":[{"embeddable":true,"href":"https:\/\/www.cm-benavente.pt\/index.php\/wp-json\/wp\/v2\/users\/3"}],"replies":[{"embeddable":true,"href":"https:\/\/www.cm-benavente.pt\/index.php\/wp-json\/wp\/v2\/comments?post=42006"}],"version-history":[{"count":3,"href":"https:\/\/www.cm-benavente.pt\/index.php\/wp-json\/wp\/v2\/pages\/42006\/revisions"}],"predecessor-version":[{"id":47142,"href":"https:\/\/www.cm-benavente.pt\/index.php\/wp-json\/wp\/v2\/pages\/42006\/revisions\/47142"}],"up":[{"embeddable":true,"href":"https:\/\/www.cm-benavente.pt\/index.php\/wp-json\/wp\/v2\/pages\/3769"}],"wp:attachment":[{"href":"https:\/\/www.cm-benavente.pt\/index.php\/wp-json\/wp\/v2\/media?parent=42006"}],"curies":[{"name":"wp","href":"https:\/\/api.w.org\/{rel}","templated":true}]}}