{"id":41995,"date":"2023-03-13T14:52:02","date_gmt":"2023-03-13T14:52:02","guid":{"rendered":"https:\/\/www.cm-benavente.pt\/?page_id=41995"},"modified":"2025-05-20T09:35:57","modified_gmt":"2025-05-20T09:35:57","slug":"biodiversidade","status":"publish","type":"page","link":"https:\/\/www.cm-benavente.pt\/index.php\/viver\/ambiente\/biodiversidade\/","title":{"rendered":"Biodiversidade"},"content":{"rendered":"\t\t<div data-elementor-type=\"wp-page\" data-elementor-id=\"41995\" class=\"elementor elementor-41995\" data-elementor-post-type=\"page\">\n\t\t\t\t\t\t<section class=\"elementor-section elementor-top-section elementor-element elementor-element-4421fbb elementor-section-boxed elementor-section-height-default elementor-section-height-default\" data-id=\"4421fbb\" data-element_type=\"section\" data-e-type=\"section\" data-settings=\"{&quot;tmea_shape_divider_top&quot;:&quot;none&quot;,&quot;tmea_shape_divider_bottom&quot;:&quot;none&quot;}\">\n\t\t\t\t\t\t<div class=\"elementor-container elementor-column-gap-default\">\n\t\t\t\t\t<div class=\"elementor-column elementor-col-100 elementor-top-column elementor-element elementor-element-f35f73d\" data-id=\"f35f73d\" data-element_type=\"column\" data-e-type=\"column\">\n\t\t\t<div class=\"elementor-widget-wrap\">\n\t\t\t\t\t\t\t<\/div>\n\t\t<\/div>\n\t\t\t\t\t<\/div>\n\t\t<\/section>\n\t\t\t\t<section class=\"elementor-section elementor-top-section elementor-element elementor-element-bc9da01 elementor-section-height-min-height elementor-section-boxed elementor-section-height-default elementor-section-items-middle\" data-id=\"bc9da01\" data-element_type=\"section\" data-e-type=\"section\" data-settings=\"{&quot;background_background&quot;:&quot;slideshow&quot;,&quot;background_slideshow_ken_burns&quot;:&quot;yes&quot;,&quot;background_slideshow_gallery&quot;:[{&quot;id&quot;:42153,&quot;url&quot;:&quot;https:\\\/\\\/www.cm-benavente.pt\\\/wp-content\\\/uploads\\\/2023\\\/03\\\/DSCF2169-copiar-2.jpg&quot;}],&quot;tmea_shape_divider_top&quot;:&quot;none&quot;,&quot;tmea_shape_divider_bottom&quot;:&quot;none&quot;,&quot;background_slideshow_loop&quot;:&quot;yes&quot;,&quot;background_slideshow_slide_duration&quot;:5000,&quot;background_slideshow_slide_transition&quot;:&quot;fade&quot;,&quot;background_slideshow_transition_duration&quot;:500,&quot;background_slideshow_ken_burns_zoom_direction&quot;:&quot;in&quot;}\">\n\t\t\t\t\t\t\t<div class=\"elementor-background-overlay\"><\/div>\n\t\t\t\t\t\t\t<div class=\"elementor-container elementor-column-gap-default\">\n\t\t\t\t\t<div class=\"elementor-column elementor-col-100 elementor-top-column elementor-element elementor-element-3a89269 elementor-invisible\" data-id=\"3a89269\" data-element_type=\"column\" data-e-type=\"column\" data-settings=\"{&quot;animation&quot;:&quot;fadeIn&quot;}\">\n\t\t\t<div class=\"elementor-widget-wrap elementor-element-populated\">\n\t\t\t\t\t\t<div class=\"elementor-element elementor-element-17e4c72 elementor-widget elementor-widget-heading\" data-id=\"17e4c72\" data-element_type=\"widget\" data-e-type=\"widget\" data-widget_type=\"heading.default\">\n\t\t\t\t<div class=\"elementor-widget-container\">\n\t\t\t\t\t<h2 class=\"elementor-heading-title elementor-size-default\">AMBIENTE<\/h2>\t\t\t\t<\/div>\n\t\t\t\t<\/div>\n\t\t\t\t<div class=\"elementor-element elementor-element-c4e1a7d elementor-widget elementor-widget-heading\" data-id=\"c4e1a7d\" data-element_type=\"widget\" data-e-type=\"widget\" data-widget_type=\"heading.default\">\n\t\t\t\t<div class=\"elementor-widget-container\">\n\t\t\t\t\t<h2 class=\"elementor-heading-title elementor-size-default\">Biodiversidade<\/h2>\t\t\t\t<\/div>\n\t\t\t\t<\/div>\n\t\t\t\t\t<\/div>\n\t\t<\/div>\n\t\t\t\t\t<\/div>\n\t\t<\/section>\n\t\t\t\t<section class=\"elementor-section elementor-top-section elementor-element elementor-element-94d8df8 elementor-section-boxed elementor-section-height-default elementor-section-height-default\" data-id=\"94d8df8\" data-element_type=\"section\" data-e-type=\"section\" data-settings=\"{&quot;tmea_shape_divider_top&quot;:&quot;none&quot;,&quot;tmea_shape_divider_bottom&quot;:&quot;none&quot;}\">\n\t\t\t\t\t\t<div class=\"elementor-container elementor-column-gap-default\">\n\t\t\t\t\t<div class=\"elementor-column elementor-col-100 elementor-top-column elementor-element elementor-element-1388b8d\" data-id=\"1388b8d\" data-element_type=\"column\" data-e-type=\"column\">\n\t\t\t<div class=\"elementor-widget-wrap elementor-element-populated\">\n\t\t\t\t\n\t\t<div class=\"elementor-element elementor-element-0dc9273 elementor-widget elementor-widget-text-editor\" data-id=\"0dc9273\" data-element_type=\"widget\" data-e-type=\"widget\" data-widget_type=\"text-editor.default\">\n\t\t\t\t<div class=\"elementor-widget-container\">\n\t\t\t\t\t\t\t\t\t<p>S\u00e3o promovidas a\u00e7\u00f5es e campanhas de sensibiliza\u00e7\u00e3o e conserva\u00e7\u00e3o da biodiversidade local envolvendo atores locais, atrav\u00e9s da defini\u00e7\u00e3o de percursos interpretativos em espa\u00e7os com interesse paisag\u00edstico e do ponto de vista da biodiversidade.<\/p>\t\t\t\t\t\t\t\t<\/div>\n\t\t\t\t<\/div>\n\t\t\t\t<div class=\"elementor-element elementor-element-28d22ba elementor-widget elementor-widget-heading\" data-id=\"28d22ba\" data-element_type=\"widget\" data-e-type=\"widget\" data-widget_type=\"heading.default\">\n\t\t\t\t<div class=\"elementor-widget-container\">\n\t\t\t\t\t<h2 class=\"elementor-heading-title elementor-size-default\">Zonas verdes | Zonas vivas<\/h2>\t\t\t\t<\/div>\n\t\t\t\t<\/div>\n\t\t\t\t<div class=\"elementor-element elementor-element-73e829b elementor-widget elementor-widget-heading\" data-id=\"73e829b\" data-element_type=\"widget\" data-e-type=\"widget\" data-widget_type=\"heading.default\">\n\t\t\t\t<div class=\"elementor-widget-container\">\n\t\t\t\t\t<h3 class=\"elementor-heading-title elementor-size-default\">Polinizadores, a\u00e7\u00e3o de Restauro Ecol\u00f3gico<\/h3>\t\t\t\t<\/div>\n\t\t\t\t<\/div>\n\t\t<div class=\"elementor-element elementor-element-4d804e6 e-grid e-con-boxed e-con e-parent\" data-id=\"4d804e6\" data-element_type=\"container\" data-e-type=\"container\" data-settings=\"{&quot;tmea_shape_divider_top&quot;:&quot;none&quot;,&quot;tmea_shape_divider_bottom&quot;:&quot;none&quot;}\">\n\t\t\t\t\t<div class=\"e-con-inner\">\n\t\t\t\t<div class=\"elementor-element elementor-element-6c07432 elementor-widget elementor-widget-text-editor\" data-id=\"6c07432\" data-element_type=\"widget\" data-e-type=\"widget\" data-widget_type=\"text-editor.default\">\n\t\t\t\t<div class=\"elementor-widget-container\">\n\t\t\t\t\t\t\t\t\t<p>Um grande n\u00famero de fatores concorre para que tenhamos vegetais \u00e0 nossa mesa!<\/p><p>Os agricultores, as cadeias de distribui\u00e7\u00e3o, os mercados onde os adquirimos, s\u00e3o essenciais para atingir esse fim \u00faltimo, que \u00e9 a garantia de termos, todos os dias, disponibilidade de vegetais frescos. Mas nada disso seria poss\u00edvel, ou seria muito mais dif\u00edcil, sem os animais polinizadores!<\/p><p>Abelhas, borboletas, besouros e joaninhas, mas tamb\u00e9m outros animais como as aranhas ou mesmo os morcegos, enfrentam a possibilidade de extin\u00e7\u00e3o devido \u00e0s profundas altera\u00e7\u00f5es que ocorrem no seu habitat, entre elas a utiliza\u00e7\u00e3o de fitof\u00e1rmacos de largo espectro e a monocultura agr\u00edcola, assistindo-se atualmente em todo o mundo a um decr\u00e9scimo acentuado do n\u00famero destes polinizadores.<\/p><p>De facto, os insetos, e de entre estes as abelhas em particular, s\u00e3o animais fundamentais no processo agr\u00edcola, atrav\u00e9s da poliniza\u00e7\u00e3o. De entre as ajudas que podem ser dadas a estes polinizadores incans\u00e1veis, assinala-se a gest\u00e3o cuidada das zonas verdes, como jardins ou parques usados pela comunidade e que pontuam as nossas \u00e1reas urbanas, funcionando como locais de apoio ao seu infatig\u00e1vel movimento. Nestes espa\u00e7os podem facilmente ser criadas \u00e1reas de ref\u00fagio para polinizadores, que proporcionam a estas esp\u00e9cies os necess\u00e1rios recursos alimentares.<\/p><p>Dentro desta l\u00f3gica e \u00e0 semelhan\u00e7a de outros munic\u00edpios, nacionais e europeus, e ap\u00f3s o sucesso atingido com a a\u00e7\u00e3o piloto que ocorreu no ano de 2024, o munic\u00edpio de Benavente retoma esta iniciativa em v\u00e1rios locais do nosso territ\u00f3rio urbano. Dos 700 m<sup>2<\/sup> que fizeram parte daquela a\u00e7\u00e3o, vamos este ano tentar multiplicar por 10 a \u00e1rea afeta a esta a\u00e7\u00e3o de restauro ecol\u00f3gico.\u00a0<\/p>\t\t\t\t\t\t\t\t<\/div>\n\t\t\t\t<\/div>\n\t\t\t\t<div class=\"elementor-element elementor-element-5bd58e0 elementor-widget elementor-widget-image\" data-id=\"5bd58e0\" data-element_type=\"widget\" data-e-type=\"widget\" data-widget_type=\"image.default\">\n\t\t\t\t<div class=\"elementor-widget-container\">\n\t\t\t\t\t\t\t\t\t\t\t\t\t\t\t\t<a href=\"https:\/\/www.cm-benavente.pt\/wp-content\/uploads\/2025\/05\/Cartaz-polinizadores-2025-scaled.jpg\" data-elementor-open-lightbox=\"yes\" data-elementor-lightbox-title=\"Cartaz polinizadores 2025\" data-e-action-hash=\"#elementor-action%3Aaction%3Dlightbox%26settings%3DeyJpZCI6NzM0OTMsInVybCI6Imh0dHBzOlwvXC93d3cuY20tYmVuYXZlbnRlLnB0XC93cC1jb250ZW50XC91cGxvYWRzXC8yMDI1XC8wNVwvQ2FydGF6LXBvbGluaXphZG9yZXMtMjAyNS1zY2FsZWQuanBnIn0%3D\">\n\t\t\t\t\t\t\t<img fetchpriority=\"high\" decoding=\"async\" width=\"768\" height=\"1024\" src=\"https:\/\/www.cm-benavente.pt\/wp-content\/uploads\/2025\/05\/Cartaz-polinizadores-2025-768x1024.jpg\" class=\"attachment-large size-large wp-image-73493\" alt=\"\" srcset=\"https:\/\/www.cm-benavente.pt\/wp-content\/uploads\/2025\/05\/Cartaz-polinizadores-2025-768x1024.jpg 768w, https:\/\/www.cm-benavente.pt\/wp-content\/uploads\/2025\/05\/Cartaz-polinizadores-2025-225x300.jpg 225w, https:\/\/www.cm-benavente.pt\/wp-content\/uploads\/2025\/05\/Cartaz-polinizadores-2025-300x400.jpg 300w, https:\/\/www.cm-benavente.pt\/wp-content\/uploads\/2025\/05\/Cartaz-polinizadores-2025-1152x1536.jpg 1152w, https:\/\/www.cm-benavente.pt\/wp-content\/uploads\/2025\/05\/Cartaz-polinizadores-2025-1536x2048.jpg 1536w, https:\/\/www.cm-benavente.pt\/wp-content\/uploads\/2025\/05\/Cartaz-polinizadores-2025-500x667.jpg 500w, https:\/\/www.cm-benavente.pt\/wp-content\/uploads\/2025\/05\/Cartaz-polinizadores-2025-800x1067.jpg 800w, https:\/\/www.cm-benavente.pt\/wp-content\/uploads\/2025\/05\/Cartaz-polinizadores-2025-1280x1707.jpg 1280w, https:\/\/www.cm-benavente.pt\/wp-content\/uploads\/2025\/05\/Cartaz-polinizadores-2025-scaled.jpg 1920w\" sizes=\"(max-width: 768px) 100vw, 768px\" \/>\t\t\t\t\t\t\t\t<\/a>\n\t\t\t\t\t\t\t\t\t\t\t\t\t\t\t<\/div>\n\t\t\t\t<\/div>\n\t\t\t\t\t<\/div>\n\t\t\t\t<\/div>\n\t\t\t\t<div class=\"elementor-element elementor-element-c1ecf31 elementor-widget elementor-widget-text-editor\" data-id=\"c1ecf31\" data-element_type=\"widget\" data-e-type=\"widget\" data-widget_type=\"text-editor.default\">\n\t\t\t\t<div class=\"elementor-widget-container\">\n\t\t\t\t\t\t\t\t\t<p>Com in\u00edcio no Dia Mundial das Abelhas, a 20 de maio, esta iniciativa de Restauro Ecol\u00f3gico implica que, at\u00e9 ao final do per\u00edodo de flora\u00e7\u00e3o, continuaremos sem cortar a vegeta\u00e7\u00e3o herb\u00e1cea, promovendo a cria\u00e7\u00e3o de \u00e1reas de ocorr\u00eancia de flora silvestre e espont\u00e2nea que possa servir de alimento e ref\u00fagio \u00e0s esp\u00e9cies polinizadoras, visando garantir condi\u00e7\u00f5es favor\u00e1veis para os nossos amigos polinizadores, contribuintes essenciais para o equil\u00edbrio ecol\u00f3gico.<\/p>\t\t\t\t\t\t\t\t<\/div>\n\t\t\t\t<\/div>\n\t\t\t\t\t<\/div>\n\t\t<\/div>\n\t\t\t\t\t<\/div>\n\t\t<\/section>\n\t\t\t\t<\/div>\n\t\t","protected":false},"excerpt":{"rendered":"<p>AMBIENTE Biodiversidade S\u00e3o promovidas a\u00e7\u00f5es e campanhas de sensibiliza\u00e7\u00e3o e conserva\u00e7\u00e3o da biodiversidade local envolvendo atores locais, atrav\u00e9s da defini\u00e7\u00e3o de percursos interpretativos em espa\u00e7os com interesse paisag\u00edstico e do ponto de vista da biodiversidade. Zonas verdes | Zonas vivas Polinizadores, a\u00e7\u00e3o de Restauro Ecol\u00f3gico Um grande n\u00famero de fatores concorre para que tenhamos vegetais [&hellip;]<\/p>\n","protected":false},"author":3,"featured_media":0,"parent":3769,"menu_order":0,"comment_status":"closed","ping_status":"closed","template":"","meta":{"_vp_format_video_url":"","_vp_image_focal_point":[],"footnotes":""},"class_list":["post-41995","page","type-page","status-publish","hentry"],"_links":{"self":[{"href":"https:\/\/www.cm-benavente.pt\/index.php\/wp-json\/wp\/v2\/pages\/41995","targetHints":{"allow":["GET"]}}],"collection":[{"href":"https:\/\/www.cm-benavente.pt\/index.php\/wp-json\/wp\/v2\/pages"}],"about":[{"href":"https:\/\/www.cm-benavente.pt\/index.php\/wp-json\/wp\/v2\/types\/page"}],"author":[{"embeddable":true,"href":"https:\/\/www.cm-benavente.pt\/index.php\/wp-json\/wp\/v2\/users\/3"}],"replies":[{"embeddable":true,"href":"https:\/\/www.cm-benavente.pt\/index.php\/wp-json\/wp\/v2\/comments?post=41995"}],"version-history":[{"count":9,"href":"https:\/\/www.cm-benavente.pt\/index.php\/wp-json\/wp\/v2\/pages\/41995\/revisions"}],"predecessor-version":[{"id":73503,"href":"https:\/\/www.cm-benavente.pt\/index.php\/wp-json\/wp\/v2\/pages\/41995\/revisions\/73503"}],"up":[{"embeddable":true,"href":"https:\/\/www.cm-benavente.pt\/index.php\/wp-json\/wp\/v2\/pages\/3769"}],"wp:attachment":[{"href":"https:\/\/www.cm-benavente.pt\/index.php\/wp-json\/wp\/v2\/media?parent=41995"}],"curies":[{"name":"wp","href":"https:\/\/api.w.org\/{rel}","templated":true}]}}