{"id":3776,"date":"2021-06-17T18:03:04","date_gmt":"2021-06-17T18:03:04","guid":{"rendered":"https:\/\/terradasideias.net\/cmb\/?page_id=1295"},"modified":"2024-10-30T11:20:12","modified_gmt":"2024-10-30T11:20:12","slug":"espaco-do-cidadao","status":"publish","type":"page","link":"https:\/\/www.cm-benavente.pt\/index.php\/viver\/espaco-do-cidadao\/","title":{"rendered":"Espa\u00e7o do Cidad\u00e3o"},"content":{"rendered":"\t\t<div data-elementor-type=\"wp-page\" data-elementor-id=\"3776\" class=\"elementor elementor-3776\" data-elementor-post-type=\"page\">\n\t\t\t\t\t\t<section class=\"elementor-section elementor-top-section elementor-element elementor-element-825ea37 elementor-section-boxed elementor-section-height-default elementor-section-height-default\" data-id=\"825ea37\" data-element_type=\"section\" data-e-type=\"section\" data-settings=\"{&quot;tmea_shape_divider_top&quot;:&quot;none&quot;,&quot;tmea_shape_divider_bottom&quot;:&quot;none&quot;}\">\n\t\t\t\t\t\t<div class=\"elementor-container elementor-column-gap-default\">\n\t\t\t\t\t<div class=\"elementor-column elementor-col-100 elementor-top-column elementor-element elementor-element-a58bd7a\" data-id=\"a58bd7a\" data-element_type=\"column\" data-e-type=\"column\">\n\t\t\t<div class=\"elementor-widget-wrap\">\n\t\t\t\t\t\t\t<\/div>\n\t\t<\/div>\n\t\t\t\t\t<\/div>\n\t\t<\/section>\n\t\t\t\t<section class=\"elementor-section elementor-top-section elementor-element elementor-element-2a378dd elementor-section-height-min-height elementor-section-boxed elementor-section-height-default elementor-section-items-middle\" data-id=\"2a378dd\" data-element_type=\"section\" data-e-type=\"section\" data-settings=\"{&quot;background_background&quot;:&quot;slideshow&quot;,&quot;background_slideshow_ken_burns&quot;:&quot;yes&quot;,&quot;background_slideshow_gallery&quot;:[{&quot;id&quot;:47145,&quot;url&quot;:&quot;https:\\\/\\\/www.cm-benavente.pt\\\/wp-content\\\/uploads\\\/2023\\\/06\\\/espaco_cidadao_cover-100_2.jpg&quot;}],&quot;tmea_shape_divider_top&quot;:&quot;none&quot;,&quot;tmea_shape_divider_bottom&quot;:&quot;none&quot;,&quot;background_slideshow_loop&quot;:&quot;yes&quot;,&quot;background_slideshow_slide_duration&quot;:5000,&quot;background_slideshow_slide_transition&quot;:&quot;fade&quot;,&quot;background_slideshow_transition_duration&quot;:500,&quot;background_slideshow_ken_burns_zoom_direction&quot;:&quot;in&quot;}\">\n\t\t\t\t\t\t\t<div class=\"elementor-background-overlay\"><\/div>\n\t\t\t\t\t\t\t<div class=\"elementor-container elementor-column-gap-default\">\n\t\t\t\t\t<div class=\"elementor-column elementor-col-100 elementor-top-column elementor-element elementor-element-3494f7e elementor-invisible\" data-id=\"3494f7e\" data-element_type=\"column\" data-e-type=\"column\" data-settings=\"{&quot;animation&quot;:&quot;fadeIn&quot;}\">\n\t\t\t<div class=\"elementor-widget-wrap elementor-element-populated\">\n\t\t\t\t\t\t<div class=\"elementor-element elementor-element-647304f elementor-widget elementor-widget-heading\" data-id=\"647304f\" data-element_type=\"widget\" data-e-type=\"widget\" data-widget_type=\"heading.default\">\n\t\t\t\t<div class=\"elementor-widget-container\">\n\t\t\t\t\t<h2 class=\"elementor-heading-title elementor-size-default\">VIVER<\/h2>\t\t\t\t<\/div>\n\t\t\t\t<\/div>\n\t\t\t\t<div class=\"elementor-element elementor-element-e5da016 elementor-widget elementor-widget-heading\" data-id=\"e5da016\" data-element_type=\"widget\" data-e-type=\"widget\" data-widget_type=\"heading.default\">\n\t\t\t\t<div class=\"elementor-widget-container\">\n\t\t\t\t\t<h2 class=\"elementor-heading-title elementor-size-default\">Espa\u00e7o do Cidad\u00e3o<\/h2>\t\t\t\t<\/div>\n\t\t\t\t<\/div>\n\t\t\t\t\t<\/div>\n\t\t<\/div>\n\t\t\t\t\t<\/div>\n\t\t<\/section>\n\t\t\t\t<section class=\"elementor-section elementor-top-section elementor-element elementor-element-d36f829 elementor-section-boxed elementor-section-height-default elementor-section-height-default\" data-id=\"d36f829\" data-element_type=\"section\" data-e-type=\"section\" data-settings=\"{&quot;tmea_shape_divider_top&quot;:&quot;none&quot;,&quot;tmea_shape_divider_bottom&quot;:&quot;none&quot;}\">\n\t\t\t\t\t\t<div class=\"elementor-container elementor-column-gap-default\">\n\t\t\t\t\t<div class=\"elementor-column elementor-col-100 elementor-top-column elementor-element elementor-element-b75f891\" data-id=\"b75f891\" data-element_type=\"column\" data-e-type=\"column\">\n\t\t\t<div class=\"elementor-widget-wrap elementor-element-populated\">\n\t\t\t\t\n\t\t<div class=\"elementor-element elementor-element-504cea1 elementor-widget elementor-widget-text-editor\" data-id=\"504cea1\" data-element_type=\"widget\" data-e-type=\"widget\" data-widget_type=\"text-editor.default\">\n\t\t\t\t<div class=\"elementor-widget-container\">\n\t\t\t\t\t\t\t\t\t<p>Espa\u00e7o do Cidad\u00e3o &#8211; Samora Correia<\/p>\t\t\t\t\t\t\t\t<\/div>\n\t\t\t\t<\/div>\n\t\t\t\t\t<\/div>\n\t\t<\/div>\n\t\t\t\t\t<\/div>\n\t\t<\/section>\n\t\t\t\t<section class=\"elementor-section elementor-top-section elementor-element elementor-element-9b78b5c elementor-section-boxed elementor-section-height-default elementor-section-height-default\" data-id=\"9b78b5c\" data-element_type=\"section\" data-e-type=\"section\" data-settings=\"{&quot;tmea_shape_divider_top&quot;:&quot;none&quot;,&quot;tmea_shape_divider_bottom&quot;:&quot;none&quot;}\">\n\t\t\t\t\t\t<div class=\"elementor-container elementor-column-gap-default\">\n\t\t\t\t\t<div class=\"elementor-column elementor-col-100 elementor-top-column elementor-element elementor-element-0381206\" data-id=\"0381206\" data-element_type=\"column\" data-e-type=\"column\">\n\t\t\t<div class=\"elementor-widget-wrap elementor-element-populated\">\n\t\t\t\t\t\t<div class=\"elementor-element elementor-element-72ebc71 elementor-widget elementor-widget-image\" data-id=\"72ebc71\" data-element_type=\"widget\" data-e-type=\"widget\" data-widget_type=\"image.default\">\n\t\t\t\t<div class=\"elementor-widget-container\">\n\t\t\t\t\t\t\t\t\t\t\t\t\t\t\t<img fetchpriority=\"high\" decoding=\"async\" width=\"1200\" height=\"630\" src=\"https:\/\/www.cm-benavente.pt\/wp-content\/uploads\/2022\/10\/espaco.jpg\" class=\"attachment-full size-full wp-image-36666\" alt=\"espa\u00e7o cidad\u00e3o benavente\" srcset=\"https:\/\/www.cm-benavente.pt\/wp-content\/uploads\/2022\/10\/espaco.jpg 1200w, https:\/\/www.cm-benavente.pt\/wp-content\/uploads\/2022\/10\/espaco-300x158.jpg 300w, https:\/\/www.cm-benavente.pt\/wp-content\/uploads\/2022\/10\/espaco-1024x538.jpg 1024w, https:\/\/www.cm-benavente.pt\/wp-content\/uploads\/2022\/10\/espaco-768x403.jpg 768w\" sizes=\"(max-width: 1200px) 100vw, 1200px\" \/>\t\t\t\t\t\t\t\t\t\t\t\t\t\t\t<\/div>\n\t\t\t\t<\/div>\n\t\t\t\t\t<\/div>\n\t\t<\/div>\n\t\t\t\t\t<\/div>\n\t\t<\/section>\n\t\t\t\t<section class=\"elementor-section elementor-top-section elementor-element elementor-element-64b9bc2 elementor-section-boxed elementor-section-height-default elementor-section-height-default\" data-id=\"64b9bc2\" data-element_type=\"section\" data-e-type=\"section\" data-settings=\"{&quot;tmea_shape_divider_top&quot;:&quot;none&quot;,&quot;tmea_shape_divider_bottom&quot;:&quot;none&quot;}\">\n\t\t\t\t\t\t<div class=\"elementor-container elementor-column-gap-default\">\n\t\t\t\t\t<div class=\"elementor-column elementor-col-50 elementor-top-column elementor-element elementor-element-9a626a2\" data-id=\"9a626a2\" data-element_type=\"column\" data-e-type=\"column\">\n\t\t\t<div class=\"elementor-widget-wrap elementor-element-populated\">\n\t\t\t\t\t\t<div class=\"elementor-element elementor-element-36f0440 elementor-widget elementor-widget-text-editor\" data-id=\"36f0440\" data-element_type=\"widget\" data-e-type=\"widget\" data-widget_type=\"text-editor.default\">\n\t\t\t\t<div class=\"elementor-widget-container\">\n\t\t\t\t\t\t\t\t\t<p><strong>Lista de Servi\u00e7os dispon\u00edveis no Espa\u00e7o do Cidad\u00e3o em Samora Correia:<\/strong><\/p>\t\t\t\t\t\t\t\t<\/div>\n\t\t\t\t<\/div>\n\t\t\t\t<div class=\"elementor-element elementor-element-f487c24 elementor-widget elementor-widget-gallery\" data-id=\"f487c24\" data-element_type=\"widget\" data-e-type=\"widget\" data-settings=\"{&quot;columns&quot;:3,&quot;aspect_ratio&quot;:&quot;1:1&quot;,&quot;lazyload&quot;:&quot;yes&quot;,&quot;gallery_layout&quot;:&quot;grid&quot;,&quot;columns_tablet&quot;:2,&quot;columns_mobile&quot;:1,&quot;gap&quot;:{&quot;unit&quot;:&quot;px&quot;,&quot;size&quot;:10,&quot;sizes&quot;:[]},&quot;gap_widescreen&quot;:{&quot;unit&quot;:&quot;px&quot;,&quot;size&quot;:&quot;&quot;,&quot;sizes&quot;:[]},&quot;gap_laptop&quot;:{&quot;unit&quot;:&quot;px&quot;,&quot;size&quot;:10,&quot;sizes&quot;:[]},&quot;gap_tablet_extra&quot;:{&quot;unit&quot;:&quot;px&quot;,&quot;size&quot;:10,&quot;sizes&quot;:[]},&quot;gap_tablet&quot;:{&quot;unit&quot;:&quot;px&quot;,&quot;size&quot;:10,&quot;sizes&quot;:[]},&quot;gap_mobile_extra&quot;:{&quot;unit&quot;:&quot;px&quot;,&quot;size&quot;:10,&quot;sizes&quot;:[]},&quot;gap_mobile&quot;:{&quot;unit&quot;:&quot;px&quot;,&quot;size&quot;:10,&quot;sizes&quot;:[]},&quot;link_to&quot;:&quot;file&quot;,&quot;overlay_background&quot;:&quot;yes&quot;,&quot;content_hover_animation&quot;:&quot;fade-in&quot;}\" data-widget_type=\"gallery.default\">\n\t\t\t\t<div class=\"elementor-widget-container\">\n\t\t\t\t\t\t\t<div class=\"elementor-gallery__container\">\n\t\t\t\t\t\t\t<a class=\"e-gallery-item elementor-gallery-item elementor-animated-content\" href=\"https:\/\/www.cm-benavente.pt\/wp-content\/uploads\/2024\/10\/1_ESPACO-CIDADAO_Samora-Correia_2024.jpg\" data-elementor-open-lightbox=\"yes\" data-elementor-lightbox-slideshow=\"f487c24\" data-elementor-lightbox-title=\"1_ESPA\u00c7O CIDAD\u00c3O_Samora Correia_2024\" data-e-action-hash=\"#elementor-action%3Aaction%3Dlightbox%26settings%3DeyJpZCI6NjA5NzYsInVybCI6Imh0dHBzOlwvXC93d3cuY20tYmVuYXZlbnRlLnB0XC93cC1jb250ZW50XC91cGxvYWRzXC8yMDI0XC8xMFwvMV9FU1BBQ08tQ0lEQURBT19TYW1vcmEtQ29ycmVpYV8yMDI0LmpwZyIsInNsaWRlc2hvdyI6ImY0ODdjMjQifQ%3D%3D\">\n\t\t\t\t\t<div class=\"e-gallery-image elementor-gallery-item__image\" data-thumbnail=\"https:\/\/www.cm-benavente.pt\/wp-content\/uploads\/2024\/10\/1_ESPACO-CIDADAO_Samora-Correia_2024-1024x1024.jpg\" data-width=\"800\" data-height=\"800\" aria-label=\"\" role=\"img\" ><\/div>\n\t\t\t\t\t\t\t\t\t\t\t<div class=\"elementor-gallery-item__overlay\"><\/div>\n\t\t\t\t\t\t\t\t\t\t\t\t\t\t<\/a>\n\t\t\t\t\t\t\t<a class=\"e-gallery-item elementor-gallery-item elementor-animated-content\" href=\"https:\/\/www.cm-benavente.pt\/wp-content\/uploads\/2024\/10\/2_ESPACO-CIDADAO_Samora-Correia_2024.jpg\" data-elementor-open-lightbox=\"yes\" data-elementor-lightbox-slideshow=\"f487c24\" data-elementor-lightbox-title=\"2_ESPA\u00c7O CIDAD\u00c3O_Samora Correia_2024\" data-e-action-hash=\"#elementor-action%3Aaction%3Dlightbox%26settings%3DeyJpZCI6NjA5NzIsInVybCI6Imh0dHBzOlwvXC93d3cuY20tYmVuYXZlbnRlLnB0XC93cC1jb250ZW50XC91cGxvYWRzXC8yMDI0XC8xMFwvMl9FU1BBQ08tQ0lEQURBT19TYW1vcmEtQ29ycmVpYV8yMDI0LmpwZyIsInNsaWRlc2hvdyI6ImY0ODdjMjQifQ%3D%3D\">\n\t\t\t\t\t<div class=\"e-gallery-image elementor-gallery-item__image\" data-thumbnail=\"https:\/\/www.cm-benavente.pt\/wp-content\/uploads\/2024\/10\/2_ESPACO-CIDADAO_Samora-Correia_2024-1024x1024.jpg\" data-width=\"800\" data-height=\"800\" aria-label=\"\" role=\"img\" ><\/div>\n\t\t\t\t\t\t\t\t\t\t\t<div class=\"elementor-gallery-item__overlay\"><\/div>\n\t\t\t\t\t\t\t\t\t\t\t\t\t\t<\/a>\n\t\t\t\t\t\t\t<a class=\"e-gallery-item elementor-gallery-item elementor-animated-content\" href=\"https:\/\/www.cm-benavente.pt\/wp-content\/uploads\/2024\/10\/3_ESPACO-CIDADAO_Samora-Correia_2024.jpg\" data-elementor-open-lightbox=\"yes\" data-elementor-lightbox-slideshow=\"f487c24\" data-elementor-lightbox-title=\"3_ESPA\u00c7O CIDAD\u00c3O_Samora Correia_2024\" data-e-action-hash=\"#elementor-action%3Aaction%3Dlightbox%26settings%3DeyJpZCI6NjA5NzUsInVybCI6Imh0dHBzOlwvXC93d3cuY20tYmVuYXZlbnRlLnB0XC93cC1jb250ZW50XC91cGxvYWRzXC8yMDI0XC8xMFwvM19FU1BBQ08tQ0lEQURBT19TYW1vcmEtQ29ycmVpYV8yMDI0LmpwZyIsInNsaWRlc2hvdyI6ImY0ODdjMjQifQ%3D%3D\">\n\t\t\t\t\t<div class=\"e-gallery-image elementor-gallery-item__image\" data-thumbnail=\"https:\/\/www.cm-benavente.pt\/wp-content\/uploads\/2024\/10\/3_ESPACO-CIDADAO_Samora-Correia_2024-1024x1024.jpg\" data-width=\"800\" data-height=\"800\" aria-label=\"\" role=\"img\" ><\/div>\n\t\t\t\t\t\t\t\t\t\t\t<div class=\"elementor-gallery-item__overlay\"><\/div>\n\t\t\t\t\t\t\t\t\t\t\t\t\t\t<\/a>\n\t\t\t\t\t\t\t<a class=\"e-gallery-item elementor-gallery-item elementor-animated-content\" href=\"https:\/\/www.cm-benavente.pt\/wp-content\/uploads\/2024\/10\/4_ESPACO-CIDADAO_Samora-Correia_2024.jpg\" data-elementor-open-lightbox=\"yes\" data-elementor-lightbox-slideshow=\"f487c24\" data-elementor-lightbox-title=\"4_ESPA\u00c7O CIDAD\u00c3O_Samora Correia_2024\" data-e-action-hash=\"#elementor-action%3Aaction%3Dlightbox%26settings%3DeyJpZCI6NjA5NzEsInVybCI6Imh0dHBzOlwvXC93d3cuY20tYmVuYXZlbnRlLnB0XC93cC1jb250ZW50XC91cGxvYWRzXC8yMDI0XC8xMFwvNF9FU1BBQ08tQ0lEQURBT19TYW1vcmEtQ29ycmVpYV8yMDI0LmpwZyIsInNsaWRlc2hvdyI6ImY0ODdjMjQifQ%3D%3D\">\n\t\t\t\t\t<div class=\"e-gallery-image elementor-gallery-item__image\" data-thumbnail=\"https:\/\/www.cm-benavente.pt\/wp-content\/uploads\/2024\/10\/4_ESPACO-CIDADAO_Samora-Correia_2024-1024x1024.jpg\" data-width=\"800\" data-height=\"800\" aria-label=\"\" role=\"img\" ><\/div>\n\t\t\t\t\t\t\t\t\t\t\t<div class=\"elementor-gallery-item__overlay\"><\/div>\n\t\t\t\t\t\t\t\t\t\t\t\t\t\t<\/a>\n\t\t\t\t\t\t\t<a class=\"e-gallery-item elementor-gallery-item elementor-animated-content\" href=\"https:\/\/www.cm-benavente.pt\/wp-content\/uploads\/2024\/10\/5_ESPACO-CIDADAO_Samora-Correia_2024.jpg\" data-elementor-open-lightbox=\"yes\" data-elementor-lightbox-slideshow=\"f487c24\" data-elementor-lightbox-title=\"5_ESPA\u00c7O CIDAD\u00c3O_Samora Correia_2024\" data-e-action-hash=\"#elementor-action%3Aaction%3Dlightbox%26settings%3DeyJpZCI6NjA5NzQsInVybCI6Imh0dHBzOlwvXC93d3cuY20tYmVuYXZlbnRlLnB0XC93cC1jb250ZW50XC91cGxvYWRzXC8yMDI0XC8xMFwvNV9FU1BBQ08tQ0lEQURBT19TYW1vcmEtQ29ycmVpYV8yMDI0LmpwZyIsInNsaWRlc2hvdyI6ImY0ODdjMjQifQ%3D%3D\">\n\t\t\t\t\t<div class=\"e-gallery-image elementor-gallery-item__image\" data-thumbnail=\"https:\/\/www.cm-benavente.pt\/wp-content\/uploads\/2024\/10\/5_ESPACO-CIDADAO_Samora-Correia_2024-1024x1024.jpg\" data-width=\"800\" data-height=\"800\" aria-label=\"\" role=\"img\" ><\/div>\n\t\t\t\t\t\t\t\t\t\t\t<div class=\"elementor-gallery-item__overlay\"><\/div>\n\t\t\t\t\t\t\t\t\t\t\t\t\t\t<\/a>\n\t\t\t\t\t\t\t<a class=\"e-gallery-item elementor-gallery-item elementor-animated-content\" href=\"https:\/\/www.cm-benavente.pt\/wp-content\/uploads\/2024\/10\/6_ESPACO-CIDADAO_Samora-Correia_2024.jpg\" data-elementor-open-lightbox=\"yes\" data-elementor-lightbox-slideshow=\"f487c24\" data-elementor-lightbox-title=\"6_ESPA\u00c7O CIDAD\u00c3O_Samora Correia_2024\" data-e-action-hash=\"#elementor-action%3Aaction%3Dlightbox%26settings%3DeyJpZCI6NjA5NzMsInVybCI6Imh0dHBzOlwvXC93d3cuY20tYmVuYXZlbnRlLnB0XC93cC1jb250ZW50XC91cGxvYWRzXC8yMDI0XC8xMFwvNl9FU1BBQ08tQ0lEQURBT19TYW1vcmEtQ29ycmVpYV8yMDI0LmpwZyIsInNsaWRlc2hvdyI6ImY0ODdjMjQifQ%3D%3D\">\n\t\t\t\t\t<div class=\"e-gallery-image elementor-gallery-item__image\" data-thumbnail=\"https:\/\/www.cm-benavente.pt\/wp-content\/uploads\/2024\/10\/6_ESPACO-CIDADAO_Samora-Correia_2024-1024x1024.jpg\" data-width=\"800\" data-height=\"800\" aria-label=\"\" role=\"img\" ><\/div>\n\t\t\t\t\t\t\t\t\t\t\t<div class=\"elementor-gallery-item__overlay\"><\/div>\n\t\t\t\t\t\t\t\t\t\t\t\t\t\t<\/a>\n\t\t\t\t\t<\/div>\n\t\t\t\t\t<\/div>\n\t\t\t\t<\/div>\n\t\t\t\t\t<\/div>\n\t\t<\/div>\n\t\t\t\t<div class=\"elementor-column elementor-col-50 elementor-top-column elementor-element elementor-element-ea4a0c8\" data-id=\"ea4a0c8\" data-element_type=\"column\" data-e-type=\"column\">\n\t\t\t<div class=\"elementor-widget-wrap elementor-element-populated\">\n\t\t\t\t\t\t<div class=\"elementor-element elementor-element-3eec42c elementor-widget elementor-widget-text-editor\" data-id=\"3eec42c\" data-element_type=\"widget\" data-e-type=\"widget\" data-widget_type=\"text-editor.default\">\n\t\t\t\t<div class=\"elementor-widget-container\">\n\t\t\t\t\t\t\t\t\t<p>Funciona nas instala\u00e7\u00f5es da Extens\u00e3o de Servi\u00e7os da C\u00e2mara Municipal de Benavente.<br \/>O hor\u00e1rio ser\u00e1 o mesmo da extens\u00e3o de servi\u00e7os, inclusive a Tesouraria.<\/p><p><strong>Hor\u00e1rio de funcionamento:<\/strong><br \/>das 09.00h \u00e0s 12.30h<br \/>das 14.00h \u00e0s 17.30h<\/p><p>Nota: Todos os servi\u00e7os que exijam pagamento s\u00f3 podem ser efetuados com a tesouraria aberta<br \/>09.00h &#8211; 12.30h e 14.00h &#8211; 15.30h<\/p><p>Se necessitar de mais informa\u00e7\u00f5es utilize o telefone ou o email:<br \/><a href=\"tel:263519690\">263 519 690<\/a><br \/><a href=\"mailto:espaco.cidadao@cm-benavente.pt\" target=\"_blank\" rel=\"noopener\">Email<\/a><\/p>\t\t\t\t\t\t\t\t<\/div>\n\t\t\t\t<\/div>\n\t\t\t\t\t<\/div>\n\t\t<\/div>\n\t\t\t\t\t<\/div>\n\t\t<\/section>\n\t\t<div class=\"elementor-element elementor-element-05e67e2 e-flex e-con-boxed e-con e-parent\" data-id=\"05e67e2\" data-element_type=\"container\" data-e-type=\"container\" data-settings=\"{&quot;tmea_shape_divider_top&quot;:&quot;none&quot;,&quot;tmea_shape_divider_bottom&quot;:&quot;none&quot;}\">\n\t\t\t\t\t<div class=\"e-con-inner\">\n\t\t\t\t<div class=\"elementor-element elementor-element-ca56f7f elementor-widget elementor-widget-text-editor\" data-id=\"ca56f7f\" data-element_type=\"widget\" data-e-type=\"widget\" data-widget_type=\"text-editor.default\">\n\t\t\t\t<div class=\"elementor-widget-container\">\n\t\t\t\t\t\t\t\t\t<p>Espa\u00e7o do Cidad\u00e3o &#8211; Benavente<\/p>\t\t\t\t\t\t\t\t<\/div>\n\t\t\t\t<\/div>\n\t\t\t\t\t<\/div>\n\t\t\t\t<\/div>\n\t\t<div class=\"elementor-element elementor-element-d0aad79 e-flex e-con-boxed e-con e-parent\" data-id=\"d0aad79\" data-element_type=\"container\" data-e-type=\"container\" data-settings=\"{&quot;tmea_shape_divider_top&quot;:&quot;none&quot;,&quot;tmea_shape_divider_bottom&quot;:&quot;none&quot;}\">\n\t\t\t\t\t<div class=\"e-con-inner\">\n\t\t<div class=\"elementor-element elementor-element-4332e98 e-con-full e-flex e-con e-child\" data-id=\"4332e98\" data-element_type=\"container\" data-e-type=\"container\" data-settings=\"{&quot;tmea_shape_divider_top&quot;:&quot;none&quot;,&quot;tmea_shape_divider_bottom&quot;:&quot;none&quot;}\">\n\t\t\t\t<div class=\"elementor-element elementor-element-ebdfdcd elementor-widget elementor-widget-image\" data-id=\"ebdfdcd\" data-element_type=\"widget\" data-e-type=\"widget\" data-widget_type=\"image.default\">\n\t\t\t\t<div class=\"elementor-widget-container\">\n\t\t\t\t\t\t\t\t\t\t\t\t\t\t\t<img decoding=\"async\" width=\"800\" height=\"800\" src=\"https:\/\/www.cm-benavente.pt\/wp-content\/uploads\/2024\/10\/Espaco-do-cidadao_final-1024x1024-1.jpg\" class=\"attachment-large size-large wp-image-60977\" alt=\"\" srcset=\"https:\/\/www.cm-benavente.pt\/wp-content\/uploads\/2024\/10\/Espaco-do-cidadao_final-1024x1024-1.jpg 1024w, https:\/\/www.cm-benavente.pt\/wp-content\/uploads\/2024\/10\/Espaco-do-cidadao_final-1024x1024-1-300x300.jpg 300w, https:\/\/www.cm-benavente.pt\/wp-content\/uploads\/2024\/10\/Espaco-do-cidadao_final-1024x1024-1-150x150.jpg 150w, https:\/\/www.cm-benavente.pt\/wp-content\/uploads\/2024\/10\/Espaco-do-cidadao_final-1024x1024-1-768x768.jpg 768w, https:\/\/www.cm-benavente.pt\/wp-content\/uploads\/2024\/10\/Espaco-do-cidadao_final-1024x1024-1-500x500.jpg 500w, https:\/\/www.cm-benavente.pt\/wp-content\/uploads\/2024\/10\/Espaco-do-cidadao_final-1024x1024-1-800x800.jpg 800w\" sizes=\"(max-width: 800px) 100vw, 800px\" \/>\t\t\t\t\t\t\t\t\t\t\t\t\t\t\t<\/div>\n\t\t\t\t<\/div>\n\t\t\t\t<\/div>\n\t\t<div class=\"elementor-element elementor-element-f83c095 e-con-full e-flex e-con e-child\" data-id=\"f83c095\" data-element_type=\"container\" data-e-type=\"container\" data-settings=\"{&quot;tmea_shape_divider_top&quot;:&quot;none&quot;,&quot;tmea_shape_divider_bottom&quot;:&quot;none&quot;}\">\n\t\t\t\t<div class=\"elementor-element elementor-element-370fe37 elementor-widget elementor-widget-text-editor\" data-id=\"370fe37\" data-element_type=\"widget\" data-e-type=\"widget\" data-widget_type=\"text-editor.default\">\n\t\t\t\t<div class=\"elementor-widget-container\">\n\t\t\t\t\t\t\t\t\t<p>Funciona nas instala\u00e7\u00f5es da Junta de Freguesia de Benavente<br \/>(<a href=\"https:\/\/maps.app.goo.gl\/wvAmmUyPHQwzQGGS7\" target=\"_blank\" rel=\"noopener\">Rua do Di\u00e1rio de Not\u00edcias, n.\u00ba 2 2130-181 Benavente<\/a>)<\/p><p><strong>Hor\u00e1rio de funcionamento:<\/strong><br \/>Ter\u00e7as, Quintas e Sextas,<br \/>das 14h00 \u00e0s 17h30<\/p><p>Se necessitar de mais informa\u00e7\u00f5es utilize o telefone:<br \/><a href=\"tel:263589583\">263 589 583<\/a><\/p><p><a href=\"https:\/\/www.jf-benavente.pt\/site\/wp-content\/uploads\/2024\/08\/Cat%C3%A1logo-de-servi%C3%A7os-EC-1.pdf\" target=\"_blank\" rel=\"noopener\"><strong>VEJA O CAT\u00c1LOGO DE SERVI\u00c7OS<\/strong><\/a><\/p>\t\t\t\t\t\t\t\t<\/div>\n\t\t\t\t<\/div>\n\t\t\t\t<\/div>\n\t\t\t\t\t<\/div>\n\t\t\t\t<\/div>\n\t\t\t\t<\/div>\n\t\t","protected":false},"excerpt":{"rendered":"<p>VIVER Espa\u00e7o do Cidad\u00e3o Espa\u00e7o do Cidad\u00e3o &#8211; Samora Correia Lista de Servi\u00e7os dispon\u00edveis no Espa\u00e7o do Cidad\u00e3o em Samora Correia: Funciona nas instala\u00e7\u00f5es da Extens\u00e3o de Servi\u00e7os da C\u00e2mara Municipal de Benavente.O hor\u00e1rio ser\u00e1 o mesmo da extens\u00e3o de servi\u00e7os, inclusive a Tesouraria. Hor\u00e1rio de funcionamento:das 09.00h \u00e0s 12.30hdas 14.00h \u00e0s 17.30h Nota: Todos [&hellip;]<\/p>\n","protected":false},"author":6,"featured_media":0,"parent":3744,"menu_order":0,"comment_status":"closed","ping_status":"closed","template":"","meta":{"_vp_format_video_url":"","_vp_image_focal_point":[],"footnotes":""},"class_list":["post-3776","page","type-page","status-publish","hentry"],"_links":{"self":[{"href":"https:\/\/www.cm-benavente.pt\/index.php\/wp-json\/wp\/v2\/pages\/3776","targetHints":{"allow":["GET"]}}],"collection":[{"href":"https:\/\/www.cm-benavente.pt\/index.php\/wp-json\/wp\/v2\/pages"}],"about":[{"href":"https:\/\/www.cm-benavente.pt\/index.php\/wp-json\/wp\/v2\/types\/page"}],"author":[{"embeddable":true,"href":"https:\/\/www.cm-benavente.pt\/index.php\/wp-json\/wp\/v2\/users\/6"}],"replies":[{"embeddable":true,"href":"https:\/\/www.cm-benavente.pt\/index.php\/wp-json\/wp\/v2\/comments?post=3776"}],"version-history":[{"count":21,"href":"https:\/\/www.cm-benavente.pt\/index.php\/wp-json\/wp\/v2\/pages\/3776\/revisions"}],"predecessor-version":[{"id":60986,"href":"https:\/\/www.cm-benavente.pt\/index.php\/wp-json\/wp\/v2\/pages\/3776\/revisions\/60986"}],"up":[{"embeddable":true,"href":"https:\/\/www.cm-benavente.pt\/index.php\/wp-json\/wp\/v2\/pages\/3744"}],"wp:attachment":[{"href":"https:\/\/www.cm-benavente.pt\/index.php\/wp-json\/wp\/v2\/media?parent=3776"}],"curies":[{"name":"wp","href":"https:\/\/api.w.org\/{rel}","templated":true}]}}