{"id":3757,"date":"2021-06-05T18:52:58","date_gmt":"2021-06-05T18:52:58","guid":{"rendered":"https:\/\/terradasideias.net\/cmb\/?page_id=717"},"modified":"2024-07-08T14:26:38","modified_gmt":"2024-07-08T14:26:38","slug":"avisos-editais-e-certidoes","status":"publish","type":"page","link":"https:\/\/www.cm-benavente.pt\/index.php\/municipio\/transparencia-municipal\/avisos-editais-e-certidoes\/","title":{"rendered":"Avisos, Editais e Certid\u00f5es"},"content":{"rendered":"\t\t<div data-elementor-type=\"wp-page\" data-elementor-id=\"3757\" class=\"elementor elementor-3757\" data-elementor-post-type=\"page\">\n\t\t\t\t\t\t<section class=\"elementor-section elementor-top-section elementor-element elementor-element-d17d633 elementor-section-boxed elementor-section-height-default elementor-section-height-default\" data-id=\"d17d633\" data-element_type=\"section\" data-e-type=\"section\" data-settings=\"{&quot;tmea_shape_divider_top&quot;:&quot;none&quot;,&quot;tmea_shape_divider_bottom&quot;:&quot;none&quot;}\">\n\t\t\t\t\t\t<div class=\"elementor-container elementor-column-gap-default\">\n\t\t\t\t\t<div class=\"elementor-column elementor-col-100 elementor-top-column elementor-element elementor-element-9025a80\" data-id=\"9025a80\" data-element_type=\"column\" data-e-type=\"column\">\n\t\t\t<div class=\"elementor-widget-wrap\">\n\t\t\t\t\t\t\t<\/div>\n\t\t<\/div>\n\t\t\t\t\t<\/div>\n\t\t<\/section>\n\t\t\t\t<section class=\"elementor-section elementor-top-section elementor-element elementor-element-b389578 elementor-section-boxed elementor-section-height-default elementor-section-height-default\" data-id=\"b389578\" data-element_type=\"section\" data-e-type=\"section\" data-settings=\"{&quot;animation&quot;:&quot;none&quot;,&quot;tmea_shape_divider_top&quot;:&quot;none&quot;,&quot;tmea_shape_divider_bottom&quot;:&quot;none&quot;}\">\n\t\t\t\t\t\t<div class=\"elementor-container elementor-column-gap-default\">\n\t\t\t\t\t<div class=\"elementor-column elementor-col-100 elementor-top-column elementor-element elementor-element-b327ec1\" data-id=\"b327ec1\" data-element_type=\"column\" data-e-type=\"column\" data-settings=\"{&quot;animation&quot;:&quot;none&quot;}\">\n\t\t\t<div class=\"elementor-widget-wrap elementor-element-populated\">\n\t\t\t\t\t\t<div class=\"elementor-element elementor-element-2753c9d elementor-widget elementor-widget-heading\" data-id=\"2753c9d\" data-element_type=\"widget\" data-e-type=\"widget\" data-widget_type=\"heading.default\">\n\t\t\t\t<div class=\"elementor-widget-container\">\n\t\t\t\t\t<h1 class=\"elementor-heading-title elementor-size-default\">Avisos, Editais e Certid\u00f5es <\/h1>\t\t\t\t<\/div>\n\t\t\t\t<\/div>\n\t\t\t\t\t<\/div>\n\t\t<\/div>\n\t\t\t\t\t<\/div>\n\t\t<\/section>\n\t\t\t\t<section class=\"elementor-section elementor-top-section elementor-element elementor-element-11ce088 elementor-section-boxed elementor-section-height-default elementor-section-height-default\" data-id=\"11ce088\" data-element_type=\"section\" data-e-type=\"section\" data-settings=\"{&quot;background_background&quot;:&quot;classic&quot;,&quot;tmea_shape_divider_top&quot;:&quot;none&quot;,&quot;tmea_shape_divider_bottom&quot;:&quot;none&quot;}\">\n\t\t\t\t\t\t<div class=\"elementor-container elementor-column-gap-default\">\n\t\t\t\t\t<div class=\"elementor-column elementor-col-50 elementor-top-column elementor-element elementor-element-2c60261\" data-id=\"2c60261\" data-element_type=\"column\" data-e-type=\"column\">\n\t\t\t<div class=\"elementor-widget-wrap elementor-element-populated\">\n\t\t\t\t\n\t\t<div class=\"elementor-element elementor-element-df5913f elementor-widget elementor-widget-text-editor\" data-id=\"df5913f\" data-element_type=\"widget\" data-e-type=\"widget\" data-widget_type=\"text-editor.default\">\n\t\t\t\t<div class=\"elementor-widget-container\">\n\t\t\t\t\t\t\t\t\t<p>Avisos<\/p>\t\t\t\t\t\t\t\t<\/div>\n\t\t\t\t<\/div>\n\t\t\t\t<div class=\"elementor-element elementor-element-7376f98 elementor-widget elementor-widget-text-editor\" data-id=\"7376f98\" data-element_type=\"widget\" data-e-type=\"widget\" data-widget_type=\"text-editor.default\">\n\t\t\t\t<div class=\"elementor-widget-container\">\n\t\t\t\t\t\t\t\t\t<p>Selecione o ano que pretende consultar<\/p>\t\t\t\t\t\t\t\t<\/div>\n\t\t\t\t<\/div>\n\t\t\t\t\t<\/div>\n\t\t<\/div>\n\t\t\t\t<div class=\"elementor-column elementor-col-50 elementor-top-column elementor-element elementor-element-0b263ae\" data-id=\"0b263ae\" data-element_type=\"column\" data-e-type=\"column\" data-settings=\"{&quot;background_background&quot;:&quot;classic&quot;}\">\n\t\t\t<div class=\"elementor-widget-wrap elementor-element-populated\">\n\t\t\t\t\t\t<div class=\"elementor-element elementor-element-675e0a7 elementor-widget elementor-widget-tme-accordion\" data-id=\"675e0a7\" data-element_type=\"widget\" data-e-type=\"widget\" data-widget_type=\"tme-accordion.default\">\n\t\t\t\t<div class=\"elementor-widget-container\">\n\t\t\t\t\t            <div class=\"tme-accordions\" data-selfclose=\"false\" data-opensingle=\"true\" data-openspeed=\"200\" data-closespeed=\"200\" data-autoscroll=\"false\" data-scrollspeed=\"400\" data-scrolloffset=\"0\">\n               \n                <div id=\"tme-fadd849-311281737\"  class=\"tmeaccordion is-default\" data-tmeaccordion-options='{\"selfBlock\": false}'>\n                    <h5 class=\"tmeaccordion__head\">\t\t\t\t\t\t<i aria-hidden=\"true\" class=\"im im-archive\"><\/i>\t\t\t\t\t\t\t\t\t\t\t\t2021                    <\/h5>                    <div class=\"tmeaccordion__body\">\n                        <ul><li><a href=\"https:\/\/www.cm-benavente.pt\/wp-content\/uploads\/2021\/08\/Benavente-2021-Aviso-3610-2021.pdf\">Aviso N.\u00ba 3610\/2021 - Altera\u00e7\u00e3o por adapta\u00e7\u00e3o do Plano Diretor Municipal de Benavente ao PORNET e ao PROFLVT<\/a><\/li><li><a href=\"https:\/\/www.cm-benavente.pt\/wp-content\/uploads\/2021\/08\/Avisos-324-2020-Mapa-de-pessoal.pdf\">Aviso N.\u00ba 324\/2021 - Mapa de pessoal para o ano de 2021<\/a><\/li><\/ul>                    <\/div>\n                <\/div>\n               \n                <div id=\"tme-0831dd7-311281737\"  class=\"tmeaccordion is-default\" data-tmeaccordion-options='{\"selfBlock\": false}'>\n                    <h5 class=\"tmeaccordion__head\">\t\t\t\t\t\t<i aria-hidden=\"true\" class=\"im im-archive\"><\/i>\t\t\t\t\t\t\t\t\t\t\t\t2020                    <\/h5>                    <div class=\"tmeaccordion__body\">\n                        <ul><li><a href=\"https:\/\/www.cm-benavente.pt\/wp-content\/uploads\/2021\/07\/Aviso_53_2020_vf.pdf\">Aviso N.\u00ba 53\/2020 - Aprova\u00e7\u00e3o da revis\u00e3o do regulamento Municipal de apoios sociais<\/a><\/li><li><a href=\"https:\/\/www.cm-benavente.pt\/wp-content\/uploads\/2021\/07\/Aviso_52_2020_vf.pdf\">Aviso N.\u00ba 52\/2020 - Aprova\u00e7\u00e3o da revis\u00e3o do regulamento Municipal para atribui\u00e7\u00e3o e gest\u00e3o de habita\u00e7\u00f5es sociais<\/a><\/li><li><a href=\"https:\/\/www.cm-benavente.pt\/wp-content\/uploads\/2021\/07\/Aviso_51_2020_vf.pdf\">Aviso N.\u00ba 51\/2020 - Aprova\u00e7\u00e3o da revis\u00e3o do regulamento Municipal para atribui\u00e7\u00e3o de bolsas de estudo<\/a><\/li><li><a href=\"https:\/\/www.cm-benavente.pt\/wp-content\/uploads\/2021\/08\/Aviso_inicio_procedimento_RMUCVM.pdf\">Aviso N.\u00ba 46\/2020 - Publicita\u00e7\u00e3o de Inicio do Procedimento de elabora\u00e7\u00e3o do Regulamento Municipal de Ced\u00eancia e Utiliza\u00e7\u00e3o de Viaturas Municipais<\/a><\/li><\/ul>                    <\/div>\n                <\/div>\n                \n            <\/div>\n            \t\t\t\t<\/div>\n\t\t\t\t<\/div>\n\t\t\t\t\t<\/div>\n\t\t<\/div>\n\t\t\t\t\t<\/div>\n\t\t<\/section>\n\t\t\t\t<section class=\"elementor-section elementor-top-section elementor-element elementor-element-3a2c8a9 elementor-section-boxed elementor-section-height-default elementor-section-height-default\" data-id=\"3a2c8a9\" data-element_type=\"section\" data-e-type=\"section\" data-settings=\"{&quot;background_background&quot;:&quot;classic&quot;,&quot;tmea_shape_divider_top&quot;:&quot;none&quot;,&quot;tmea_shape_divider_bottom&quot;:&quot;none&quot;}\">\n\t\t\t\t\t\t<div class=\"elementor-container elementor-column-gap-default\">\n\t\t\t\t\t<div class=\"elementor-column elementor-col-50 elementor-top-column elementor-element elementor-element-4a86b31\" data-id=\"4a86b31\" data-element_type=\"column\" data-e-type=\"column\">\n\t\t\t<div class=\"elementor-widget-wrap elementor-element-populated\">\n\t\t\t\t\t\t<div class=\"elementor-element elementor-element-a04ff6f elementor-widget elementor-widget-text-editor\" data-id=\"a04ff6f\" data-element_type=\"widget\" data-e-type=\"widget\" data-widget_type=\"text-editor.default\">\n\t\t\t\t<div class=\"elementor-widget-container\">\n\t\t\t\t\t\t\t\t\t<p>Editais<\/p>\t\t\t\t\t\t\t\t<\/div>\n\t\t\t\t<\/div>\n\t\t\t\t<div class=\"elementor-element elementor-element-e0a808b elementor-widget elementor-widget-text-editor\" data-id=\"e0a808b\" data-element_type=\"widget\" data-e-type=\"widget\" data-widget_type=\"text-editor.default\">\n\t\t\t\t<div class=\"elementor-widget-container\">\n\t\t\t\t\t\t\t\t\t<p>Selecione o ano que pretende consultar<\/p>\t\t\t\t\t\t\t\t<\/div>\n\t\t\t\t<\/div>\n\t\t\t\t\t<\/div>\n\t\t<\/div>\n\t\t\t\t<div class=\"elementor-column elementor-col-50 elementor-top-column elementor-element elementor-element-80dedb8\" data-id=\"80dedb8\" data-element_type=\"column\" data-e-type=\"column\" data-settings=\"{&quot;background_background&quot;:&quot;classic&quot;}\">\n\t\t\t<div class=\"elementor-widget-wrap elementor-element-populated\">\n\t\t\t\t\t\t<div class=\"elementor-element elementor-element-7ba0017 elementor-widget elementor-widget-tme-accordion\" data-id=\"7ba0017\" data-element_type=\"widget\" data-e-type=\"widget\" data-widget_type=\"tme-accordion.default\">\n\t\t\t\t<div class=\"elementor-widget-container\">\n\t\t\t\t\t            <div class=\"tme-accordions\" data-selfclose=\"false\" data-opensingle=\"true\" data-openspeed=\"200\" data-closespeed=\"200\" data-autoscroll=\"false\" data-scrollspeed=\"400\" data-scrolloffset=\"0\">\n               \n                <div id=\"tme-839c09c-1577744803\"  class=\"tmeaccordion is-default\" data-tmeaccordion-options='{\"selfBlock\": false}'>\n                    <h5 class=\"tmeaccordion__head\">\t\t\t\t\t\t\t\t\t\t\t\t\t\t\t\t\t\t2024                    <\/h5>                    <div class=\"tmeaccordion__body\">\n                        <ul><li><a href=\"https:\/\/www.cm-benavente.pt\/wp-content\/uploads\/2024\/07\/Edital-Renovacao-Aparcamento-de-gado-N.o-06MG-Epoca-venatoria-20242025.pdf\">Edital - Renova\u00e7\u00e3o Aparcamento de gado N.\u00ba 06\/MG - \u00c9poca venat\u00f3ria 2024\/2025<\/a><\/li><li><a href=\"https:\/\/www.cm-benavente.pt\/wp-content\/uploads\/2024\/07\/Edital-Renovacao-Aparcamento-de-gado-N.o-53RO-Epoca-venatoria-20242025.pdf\">Edital - Renova\u00e7\u00e3o Aparcamento de gado N.\u00ba 53\/RO - \u00c9poca venat\u00f3ria 2024\/2025<\/a><\/li><\/ul>                    <\/div>\n                <\/div>\n               \n                <div id=\"tme-fadd849-1577744803\"  class=\"tmeaccordion is-default\" data-tmeaccordion-options='{\"selfBlock\": false}'>\n                    <h5 class=\"tmeaccordion__head\">\t\t\t\t\t\t<i aria-hidden=\"true\" class=\"im im-archive\"><\/i>\t\t\t\t\t\t\t\t\t\t\t\t2021                    <\/h5>                    <div class=\"tmeaccordion__body\">\n                        <ul><li><a class=\"doclink\" href=\"https:\/\/www.cm-benavente.pt\/wp-content\/uploads\/2021\/08\/edital.150_4213.pdf\">Edital N.\u00ba 150\/2021 - Trabalhos de corte de \u00e1rvores e limpeza do mato \/ Aviso aos propriet\u00e1rios de terrenos<\/a><\/li><li><a href=\"https:\/\/www.cm-benavente.pt\/wp-content\/uploads\/2021\/08\/Edital0122021.pdf\">Edital N.\u00ba 012\/2021 - Venda de lotes de terreno sitos nas Urbaniza\u00e7\u00f5es do Vale do Bispo, na Barrosa, e Urbaniza\u00e7\u00e3o do Sapal Entre \u00c1guas, em Porto Alto, Samora Correia<\/a><\/li><\/ul>                    <\/div>\n                <\/div>\n               \n                <div id=\"tme-0831dd7-1577744803\"  class=\"tmeaccordion is-default\" data-tmeaccordion-options='{\"selfBlock\": false}'>\n                    <h5 class=\"tmeaccordion__head\">\t\t\t\t\t\t<i aria-hidden=\"true\" class=\"im im-archive\"><\/i>\t\t\t\t\t\t\t\t\t\t\t\t2020                    <\/h5>                    <div class=\"tmeaccordion__body\">\n                        <ul><li><a href=\"https:\/\/www.cm-benavente.pt\/wp-content\/uploads\/2021\/08\/Editalgado.pdf\">Edital - Renova\u00e7\u00e3o \/ Aparcamento de gado N.\u00ba 53\/RO<\/a>\u00a0<\/li><li><a href=\"https:\/\/www.cm-benavente.pt\/wp-content\/uploads\/2021\/08\/Edital_RMAS.pdf\">Edital N.\u00ba 77\/2020 - Revis\u00e3o do Regulamento Municipal de Apoios Sociais<\/a><\/li><li><a href=\"https:\/\/www.cm-benavente.pt\/wp-content\/uploads\/2021\/08\/Edital_-RRMGAHS.pdf\">Edital N.\u00ba 76\/2020 - Revis\u00e3o do Regulamento Municipal para Atribui\u00e7\u00e3o e Gest\u00e3o de Habita\u00e7\u00f5es Sociais<\/a><\/li><li><a href=\"https:\/\/www.cm-benavente.pt\/wp-content\/uploads\/2021\/08\/Edital_-RRMABE.pdf\">Edital N.\u00ba 75\/2020 - Revis\u00e3o do Regulamento Municipal para Atribui\u00e7\u00e3o de Bolsas de Estudo<\/a>\u00a0<\/li><\/ul>                    <\/div>\n                <\/div>\n                \n            <\/div>\n            \t\t\t\t<\/div>\n\t\t\t\t<\/div>\n\t\t\t\t\t<\/div>\n\t\t<\/div>\n\t\t\t\t\t<\/div>\n\t\t<\/section>\n\t\t\t\t<section class=\"elementor-section elementor-top-section elementor-element elementor-element-e45dff4 elementor-section-boxed elementor-section-height-default elementor-section-height-default\" data-id=\"e45dff4\" data-element_type=\"section\" data-e-type=\"section\" data-settings=\"{&quot;background_background&quot;:&quot;classic&quot;,&quot;tmea_shape_divider_top&quot;:&quot;none&quot;,&quot;tmea_shape_divider_bottom&quot;:&quot;none&quot;}\">\n\t\t\t\t\t\t<div class=\"elementor-container elementor-column-gap-default\">\n\t\t\t\t\t<div class=\"elementor-column elementor-col-50 elementor-top-column elementor-element elementor-element-233741f\" data-id=\"233741f\" data-element_type=\"column\" data-e-type=\"column\">\n\t\t\t<div class=\"elementor-widget-wrap elementor-element-populated\">\n\t\t\t\t\t\t<div class=\"elementor-element elementor-element-b939f38 elementor-widget elementor-widget-text-editor\" data-id=\"b939f38\" data-element_type=\"widget\" data-e-type=\"widget\" data-widget_type=\"text-editor.default\">\n\t\t\t\t<div class=\"elementor-widget-container\">\n\t\t\t\t\t\t\t\t\t<p>Certid\u00f5es de Afixa\u00e7\u00e3o<\/p>\t\t\t\t\t\t\t\t<\/div>\n\t\t\t\t<\/div>\n\t\t\t\t<div class=\"elementor-element elementor-element-cc3148a elementor-widget elementor-widget-text-editor\" data-id=\"cc3148a\" data-element_type=\"widget\" data-e-type=\"widget\" data-widget_type=\"text-editor.default\">\n\t\t\t\t<div class=\"elementor-widget-container\">\n\t\t\t\t\t\t\t\t\t<p>Selecione o ano que pretende consultar<\/p>\t\t\t\t\t\t\t\t<\/div>\n\t\t\t\t<\/div>\n\t\t\t\t\t<\/div>\n\t\t<\/div>\n\t\t\t\t<div class=\"elementor-column elementor-col-50 elementor-top-column elementor-element elementor-element-d7293e3\" data-id=\"d7293e3\" data-element_type=\"column\" data-e-type=\"column\" data-settings=\"{&quot;background_background&quot;:&quot;classic&quot;}\">\n\t\t\t<div class=\"elementor-widget-wrap elementor-element-populated\">\n\t\t\t\t\t\t<div class=\"elementor-element elementor-element-c155835 elementor-widget elementor-widget-tme-accordion\" data-id=\"c155835\" data-element_type=\"widget\" data-e-type=\"widget\" data-widget_type=\"tme-accordion.default\">\n\t\t\t\t<div class=\"elementor-widget-container\">\n\t\t\t\t\t            <div class=\"tme-accordions\" data-selfclose=\"false\" data-opensingle=\"true\" data-openspeed=\"200\" data-closespeed=\"200\" data-autoscroll=\"false\" data-scrollspeed=\"400\" data-scrolloffset=\"0\">\n               \n                <div id=\"tme-fadd849-882523552\"  class=\"tmeaccordion is-default\" data-tmeaccordion-options='{\"selfBlock\": false}'>\n                    <h5 class=\"tmeaccordion__head\">\t\t\t\t\t\t<i aria-hidden=\"true\" class=\"im im-archive\"><\/i>\t\t\t\t\t\t\t\t\t\t\t\t2021                    <\/h5>                    <div class=\"tmeaccordion__body\">\n                                            <\/div>\n                <\/div>\n               \n                <div id=\"tme-0831dd7-882523552\"  class=\"tmeaccordion is-default\" data-tmeaccordion-options='{\"selfBlock\": false}'>\n                    <h5 class=\"tmeaccordion__head\">\t\t\t\t\t\t<i aria-hidden=\"true\" class=\"im im-archive\"><\/i>\t\t\t\t\t\t\t\t\t\t\t\t2020                    <\/h5>                    <div class=\"tmeaccordion__body\">\n                                            <\/div>\n                <\/div>\n                \n            <\/div>\n            \t\t\t\t<\/div>\n\t\t\t\t<\/div>\n\t\t\t\t\t<\/div>\n\t\t<\/div>\n\t\t\t\t\t<\/div>\n\t\t<\/section>\n\t\t\t\t<\/div>\n\t\t","protected":false},"excerpt":{"rendered":"<p>Avisos, Editais e Certid\u00f5es Avisos Selecione o ano que pretende consultar 2021 Aviso N.\u00ba 3610\/2021 &#8211; Altera\u00e7\u00e3o por adapta\u00e7\u00e3o do Plano Diretor Municipal de Benavente ao PORNET e ao PROFLVT Aviso N.\u00ba 324\/2021 &#8211; Mapa de pessoal para o ano de 2021 2020 Aviso N.\u00ba 53\/2020 &#8211; Aprova\u00e7\u00e3o da revis\u00e3o do regulamento Municipal de apoios [&hellip;]<\/p>\n","protected":false},"author":6,"featured_media":0,"parent":1240,"menu_order":0,"comment_status":"closed","ping_status":"closed","template":"","meta":{"_vp_format_video_url":"","_vp_image_focal_point":[],"footnotes":""},"class_list":["post-3757","page","type-page","status-publish","hentry"],"_links":{"self":[{"href":"https:\/\/www.cm-benavente.pt\/index.php\/wp-json\/wp\/v2\/pages\/3757","targetHints":{"allow":["GET"]}}],"collection":[{"href":"https:\/\/www.cm-benavente.pt\/index.php\/wp-json\/wp\/v2\/pages"}],"about":[{"href":"https:\/\/www.cm-benavente.pt\/index.php\/wp-json\/wp\/v2\/types\/page"}],"author":[{"embeddable":true,"href":"https:\/\/www.cm-benavente.pt\/index.php\/wp-json\/wp\/v2\/users\/6"}],"replies":[{"embeddable":true,"href":"https:\/\/www.cm-benavente.pt\/index.php\/wp-json\/wp\/v2\/comments?post=3757"}],"version-history":[{"count":7,"href":"https:\/\/www.cm-benavente.pt\/index.php\/wp-json\/wp\/v2\/pages\/3757\/revisions"}],"predecessor-version":[{"id":57811,"href":"https:\/\/www.cm-benavente.pt\/index.php\/wp-json\/wp\/v2\/pages\/3757\/revisions\/57811"}],"up":[{"embeddable":true,"href":"https:\/\/www.cm-benavente.pt\/index.php\/wp-json\/wp\/v2\/pages\/1240"}],"wp:attachment":[{"href":"https:\/\/www.cm-benavente.pt\/index.php\/wp-json\/wp\/v2\/media?parent=3757"}],"curies":[{"name":"wp","href":"https:\/\/api.w.org\/{rel}","templated":true}]}}