{"id":3750,"date":"2021-06-05T14:15:53","date_gmt":"2021-06-05T14:15:53","guid":{"rendered":"https:\/\/terradasideias.net\/cmb\/?page_id=530"},"modified":"2026-03-31T14:55:45","modified_gmt":"2026-03-31T14:55:45","slug":"presidente","status":"publish","type":"page","link":"https:\/\/www.cm-benavente.pt\/index.php\/municipio\/presidente\/","title":{"rendered":"Org\u00e3os municipais"},"content":{"rendered":"\t\t<div data-elementor-type=\"wp-page\" data-elementor-id=\"3750\" class=\"elementor elementor-3750\" data-elementor-post-type=\"page\">\n\t\t\t\t\t\t<section class=\"elementor-section elementor-top-section elementor-element elementor-element-81b8548 elementor-section-boxed elementor-section-height-default elementor-section-height-default\" data-id=\"81b8548\" data-element_type=\"section\" data-e-type=\"section\" data-settings=\"{&quot;tmea_shape_divider_top&quot;:&quot;none&quot;,&quot;tmea_shape_divider_bottom&quot;:&quot;none&quot;}\">\n\t\t\t\t\t\t<div class=\"elementor-container elementor-column-gap-default\">\n\t\t\t\t\t<div class=\"elementor-column elementor-col-100 elementor-top-column elementor-element elementor-element-20f92f8\" data-id=\"20f92f8\" data-element_type=\"column\" data-e-type=\"column\">\n\t\t\t<div class=\"elementor-widget-wrap\">\n\t\t\t\t\t\t\t<\/div>\n\t\t<\/div>\n\t\t\t\t\t<\/div>\n\t\t<\/section>\n\t\t\t\t<section class=\"elementor-section elementor-top-section elementor-element elementor-element-56fdb7e elementor-section-full_width elementor-section-height-default elementor-section-height-default\" data-id=\"56fdb7e\" data-element_type=\"section\" data-e-type=\"section\" data-settings=\"{&quot;background_background&quot;:&quot;classic&quot;,&quot;tmea_shape_divider_top&quot;:&quot;none&quot;,&quot;tmea_shape_divider_bottom&quot;:&quot;none&quot;}\">\n\t\t\t\t\t\t<div class=\"elementor-container elementor-column-gap-default\">\n\t\t\t\t\t<div class=\"elementor-column elementor-col-100 elementor-top-column elementor-element elementor-element-96da317\" data-id=\"96da317\" data-element_type=\"column\" data-e-type=\"column\" data-settings=\"{&quot;background_background&quot;:&quot;classic&quot;}\">\n\t\t\t<div class=\"elementor-widget-wrap elementor-element-populated\">\n\t\t\t\t\t\t<div class=\"elementor-element elementor-element-729a7f6 elementor-skin-carousel elementor-widget elementor-widget-media-carousel\" data-id=\"729a7f6\" data-element_type=\"widget\" data-e-type=\"widget\" data-settings=\"{&quot;autoplay_speed&quot;:6000,&quot;speed&quot;:1000,&quot;effect&quot;:&quot;fade&quot;,&quot;_animation&quot;:&quot;none&quot;,&quot;_animation_delay&quot;:0,&quot;skin&quot;:&quot;carousel&quot;,&quot;autoplay&quot;:&quot;yes&quot;,&quot;loop&quot;:&quot;yes&quot;,&quot;pause_on_hover&quot;:&quot;yes&quot;,&quot;space_between&quot;:{&quot;unit&quot;:&quot;px&quot;,&quot;size&quot;:10,&quot;sizes&quot;:[]},&quot;space_between_widescreen&quot;:{&quot;unit&quot;:&quot;px&quot;,&quot;size&quot;:10,&quot;sizes&quot;:[]},&quot;space_between_laptop&quot;:{&quot;unit&quot;:&quot;px&quot;,&quot;size&quot;:10,&quot;sizes&quot;:[]},&quot;space_between_tablet_extra&quot;:{&quot;unit&quot;:&quot;px&quot;,&quot;size&quot;:10,&quot;sizes&quot;:[]},&quot;space_between_tablet&quot;:{&quot;unit&quot;:&quot;px&quot;,&quot;size&quot;:10,&quot;sizes&quot;:[]},&quot;space_between_mobile_extra&quot;:{&quot;unit&quot;:&quot;px&quot;,&quot;size&quot;:10,&quot;sizes&quot;:[]},&quot;space_between_mobile&quot;:{&quot;unit&quot;:&quot;px&quot;,&quot;size&quot;:10,&quot;sizes&quot;:[]}}\" data-widget_type=\"media-carousel.default\">\n\t\t\t\t<div class=\"elementor-widget-container\">\n\t\t\t\t\t\t\t\t\t<div class=\"elementor-swiper\">\n\t\t\t\t\t<div class=\"elementor-main-swiper swiper\" role=\"region\" aria-roledescription=\"carousel\" aria-label=\"Slides\">\n\t\t\t\t<div class=\"swiper-wrapper\">\n\t\t\t\t\t\t\t\t\t\t\t<div class=\"swiper-slide\" role=\"group\" aria-roledescription=\"slide\">\n\t\t\t\t\t\t\t\t\t<div class=\"elementor-carousel-image\" role=\"img\" aria-label=\"IMG_1644 copiar_smallbk\" style=\"background-image: url(&#039;https:\/\/www.cm-benavente.pt\/wp-content\/uploads\/2023\/03\/IMG_1644-copiar_smallbk.jpg&#039;)\">\n\n\t\t\t\n\t\t\t\t\t<\/div>\n\t\t\t\t\t\t\t\t<\/div>\n\t\t\t\t\t\t\t\t\t<\/div>\n\t\t\t\t\t\t\t<\/div>\n\t\t\t\t<\/div>\n\t\t\t\t\t\t\t\t<\/div>\n\t\t\t\t<\/div>\n\t\t\t\t\t<\/div>\n\t\t<\/div>\n\t\t\t\t\t<\/div>\n\t\t<\/section>\n\t\t\t\t<section class=\"elementor-section elementor-top-section elementor-element elementor-element-46d1234 elementor-section-boxed elementor-section-height-default elementor-section-height-default\" data-id=\"46d1234\" data-element_type=\"section\" data-e-type=\"section\" data-settings=\"{&quot;tmea_shape_divider_top&quot;:&quot;none&quot;,&quot;tmea_shape_divider_bottom&quot;:&quot;none&quot;}\">\n\t\t\t\t\t\t<div class=\"elementor-container elementor-column-gap-default\">\n\t\t\t\t\t<div class=\"elementor-column elementor-col-100 elementor-top-column elementor-element elementor-element-d30d71b elementor-invisible\" data-id=\"d30d71b\" data-element_type=\"column\" data-e-type=\"column\" data-settings=\"{&quot;animation&quot;:&quot;fadeIn&quot;}\">\n\t\t\t<div class=\"elementor-widget-wrap elementor-element-populated\">\n\t\t\t\t\t\t<div class=\"elementor-element elementor-element-07cfc13 elementor-widget elementor-widget-image\" data-id=\"07cfc13\" data-element_type=\"widget\" data-e-type=\"widget\" data-widget_type=\"image.default\">\n\t\t\t\t<div class=\"elementor-widget-container\">\n\t\t\t\t\t\t\t\t\t\t\t\t\t\t\t<img fetchpriority=\"high\" decoding=\"async\" width=\"1280\" height=\"1920\" src=\"https:\/\/www.cm-benavente.pt\/wp-content\/uploads\/2025\/11\/Sonia-Ferreia-sem-fundo-1.png\" class=\"attachment-full size-full wp-image-80721\" alt=\"\" srcset=\"https:\/\/www.cm-benavente.pt\/wp-content\/uploads\/2025\/11\/Sonia-Ferreia-sem-fundo-1.png 1280w, https:\/\/www.cm-benavente.pt\/wp-content\/uploads\/2025\/11\/Sonia-Ferreia-sem-fundo-1-200x300.png 200w, https:\/\/www.cm-benavente.pt\/wp-content\/uploads\/2025\/11\/Sonia-Ferreia-sem-fundo-1-683x1024.png 683w, https:\/\/www.cm-benavente.pt\/wp-content\/uploads\/2025\/11\/Sonia-Ferreia-sem-fundo-1-768x1152.png 768w, https:\/\/www.cm-benavente.pt\/wp-content\/uploads\/2025\/11\/Sonia-Ferreia-sem-fundo-1-1024x1536.png 1024w, https:\/\/www.cm-benavente.pt\/wp-content\/uploads\/2025\/11\/Sonia-Ferreia-sem-fundo-1-500x750.png 500w, https:\/\/www.cm-benavente.pt\/wp-content\/uploads\/2025\/11\/Sonia-Ferreia-sem-fundo-1-800x1200.png 800w\" sizes=\"(max-width: 1280px) 100vw, 1280px\" \/>\t\t\t\t\t\t\t\t\t\t\t\t\t\t\t<\/div>\n\t\t\t\t<\/div>\n\t\t\t\t\t<\/div>\n\t\t<\/div>\n\t\t\t\t\t<\/div>\n\t\t<\/section>\n\t\t\t\t<section class=\"elementor-section elementor-top-section elementor-element elementor-element-857cea1 elementor-section-boxed elementor-section-height-default elementor-section-height-default elementor-invisible\" data-id=\"857cea1\" data-element_type=\"section\" data-e-type=\"section\" data-settings=\"{&quot;animation&quot;:&quot;fadeIn&quot;,&quot;tmea_shape_divider_top&quot;:&quot;none&quot;,&quot;tmea_shape_divider_bottom&quot;:&quot;none&quot;}\">\n\t\t\t\t\t\t<div class=\"elementor-container elementor-column-gap-default\">\n\t\t\t\t\t<div class=\"elementor-column elementor-col-100 elementor-top-column elementor-element elementor-element-eb6a069 elementor-invisible\" data-id=\"eb6a069\" data-element_type=\"column\" data-e-type=\"column\" data-settings=\"{&quot;animation&quot;:&quot;fadeIn&quot;}\">\n\t\t\t<div class=\"elementor-widget-wrap elementor-element-populated\">\n\t\t\t\t\t\t<div class=\"elementor-element elementor-element-b19a099 elementor-widget elementor-widget-heading\" data-id=\"b19a099\" data-element_type=\"widget\" data-e-type=\"widget\" data-widget_type=\"heading.default\">\n\t\t\t\t<div class=\"elementor-widget-container\">\n\t\t\t\t\t<h2 class=\"elementor-heading-title elementor-size-default\">Mensagem\n<br>da Presidente <\/h2>\t\t\t\t<\/div>\n\t\t\t\t<\/div>\n\t\t\t\t<div class=\"elementor-element elementor-element-03a094a elementor-widget elementor-widget-heading\" data-id=\"03a094a\" data-element_type=\"widget\" data-e-type=\"widget\" data-widget_type=\"heading.default\">\n\t\t\t\t<div class=\"elementor-widget-container\">\n\t\t\t\t\t<h2 class=\"elementor-heading-title elementor-size-default\">S\u00f3nia Ferreira<\/h2>\t\t\t\t<\/div>\n\t\t\t\t<\/div>\n\t\t\t\t<div class=\"elementor-element elementor-element-37ab97f elementor-widget elementor-widget-heading\" data-id=\"37ab97f\" data-element_type=\"widget\" data-e-type=\"widget\" data-widget_type=\"heading.default\">\n\t\t\t\t<div class=\"elementor-widget-container\">\n\t\t\t\t\t<h2 class=\"elementor-heading-title elementor-size-default\">Presidente da C\u00e2mara<br> Municipal de Benavente <\/h2>\t\t\t\t<\/div>\n\t\t\t\t<\/div>\n\t\t\t\t\t<\/div>\n\t\t<\/div>\n\t\t\t\t\t<\/div>\n\t\t<\/section>\n\t\t\t\t<section class=\"elementor-section elementor-top-section elementor-element elementor-element-a1309fd elementor-section-boxed elementor-section-height-default elementor-section-height-default\" data-id=\"a1309fd\" data-element_type=\"section\" data-e-type=\"section\" data-settings=\"{&quot;background_background&quot;:&quot;classic&quot;,&quot;tmea_shape_divider_top&quot;:&quot;none&quot;,&quot;tmea_shape_divider_bottom&quot;:&quot;none&quot;}\">\n\t\t\t\t\t\t<div class=\"elementor-container elementor-column-gap-default\">\n\t\t\t\t\t<div class=\"elementor-column elementor-col-100 elementor-top-column elementor-element elementor-element-8240cb0\" data-id=\"8240cb0\" data-element_type=\"column\" data-e-type=\"column\">\n\t\t\t<div class=\"elementor-widget-wrap elementor-element-populated\">\n\t\t\t\t\n\t\t<div class=\"elementor-element elementor-element-6bf898a elementor-widget elementor-widget-text-editor\" data-id=\"6bf898a\" data-element_type=\"widget\" data-e-type=\"widget\" data-widget_type=\"text-editor.default\">\n\t\t\t\t<div class=\"elementor-widget-container\">\n\t\t\t\t\t\t\t\t\t<p>Caros mun\u00edcipes,<\/p>\t\t\t\t\t\t\t\t<\/div>\n\t\t\t\t<\/div>\n\t\t\t\t<div class=\"elementor-element elementor-element-bd19720 elementor-widget elementor-widget-text-editor\" data-id=\"bd19720\" data-element_type=\"widget\" data-e-type=\"widget\" data-widget_type=\"text-editor.default\">\n\t\t\t\t<div class=\"elementor-widget-container\">\n\t\t\t\t\t\t\t\t\t<p>Sejam bem-vindos ao <strong>portal oficial da C\u00e2mara Municipal de Benavente<\/strong>.<br \/>Este espa\u00e7o foi criado para refor\u00e7ar a proximidade entre a Autarquia e todos os que vivem, trabalham ou visitam o nosso concelho, disponibilizando informa\u00e7\u00e3o atualizada sobre os projetos em curso, as obras municipais, a cultura, o turismo, o desporto e os servi\u00e7os que colocamos ao dispor da popula\u00e7\u00e3o.<\/p><p>Benavente \u00e9 um territ\u00f3rio em movimento, que honra as suas ra\u00edzes ribatejanas ao mesmo tempo que aposta na inova\u00e7\u00e3o, na sustentabilidade e na qualidade de vida.<br \/>Valorizamos a educa\u00e7\u00e3o como base de uma cidadania ativa e respons\u00e1vel, e acreditamos que o desenvolvimento deve ser feito com equil\u00edbrio, preservando o nosso patrim\u00f3nio natural e cultural.<\/p><p>Vivemos um tempo de grandes oportunidades e de novos desafios. <strong>A concretiza\u00e7\u00e3o de projetos estruturantes para a regi\u00e3o exigir\u00e1 planeamento, determina\u00e7\u00e3o e vis\u00e3o estrat\u00e9gica<\/strong>. Estamos preparados para encarar esse futuro com confian\u00e7a, promovendo o crescimento econ\u00f3mico, a coes\u00e3o social e um modelo de mobilidade mais sustent\u00e1vel e eficiente.<\/p><p>Este site \u00e9 tamb\u00e9m <strong>um canal aberto de comunica\u00e7\u00e3o e participa\u00e7\u00e3o<\/strong>. Aqui poder\u00e1 acompanhar o trabalho municipal, apresentar sugest\u00f5es, pedir esclarecimentos ou partilhar preocupa\u00e7\u00f5es. A sua opini\u00e3o \u00e9 essencial para que possamos continuar a melhorar e a servir com maior efic\u00e1cia.<\/p><p>Com o compromisso de continuar a fazer mais e melhor, em nome do bem-estar de todos os Mun\u00edcipes, deixo uma palavra de agradecimento pela confian\u00e7a e pela colabora\u00e7\u00e3o de cada um.<\/p><p>A Presidente da C\u00e2mara Municipal de Benavente<\/p><p><strong>S\u00f3nia Ferreira<\/strong><\/p><p><a href=\"mailto:gap@cm-benavente.pt\" target=\"_blank\" rel=\"noopener\">Email <\/a><\/p>\t\t\t\t\t\t\t\t<\/div>\n\t\t\t\t<\/div>\n\t\t\t\t<div class=\"elementor-element elementor-element-0c38c71 elementor-widget-divider--view-line elementor-widget elementor-widget-divider\" data-id=\"0c38c71\" data-element_type=\"widget\" data-e-type=\"widget\" data-widget_type=\"divider.default\">\n\t\t\t\t<div class=\"elementor-widget-container\">\n\t\t\t\t\t\t\t<div class=\"elementor-divider\">\n\t\t\t<span class=\"elementor-divider-separator\">\n\t\t\t\t\t\t<\/span>\n\t\t<\/div>\n\t\t\t\t\t\t<\/div>\n\t\t\t\t<\/div>\n\t\t\t\t<div class=\"elementor-element elementor-element-cf13fa6 elementor-widget elementor-widget-text-editor\" data-id=\"cf13fa6\" data-element_type=\"widget\" data-e-type=\"widget\" data-widget_type=\"text-editor.default\">\n\t\t\t\t<div class=\"elementor-widget-container\">\n\t\t\t\t\t\t\t\t\t<p><strong>Para consulta:<\/strong><\/p><ul><li><a href=\"https:\/\/www.cm-benavente.pt\/wp-content\/uploads\/2026\/03\/Despacho-no-75-2026-Distribuicao-de-funcoes-pelos-membros-da-Camara.pdf\">Despacho n\u00ba 75-2026 &#8211; Distribui\u00e7\u00e3o de fun\u00e7\u00f5es pelos membros da C\u00e2mara<\/a><\/li><li><a href=\"https:\/\/www.cm-benavente.pt\/wp-content\/uploads\/2026\/03\/Despacho-no-73-Designacao-de-Vereador-em-regime-de-tempo-interiro.pdf\">Despacho n\u00ba 73 &#8211; Designa\u00e7\u00e3o de Vereador em regime de tempo interiro<\/a><\/li><li><a href=\"https:\/\/www.cm-benavente.pt\/wp-content\/uploads\/2025\/11\/Despacho-no-568-2025-distribuicao-de-pelouros.pdf\" target=\"_blank\" rel=\"noopener\">Despacho n\u00ba 568\/2025 &#8211; distribui\u00e7\u00e3o de pelouros &#8211; mandato 2025-2029<\/a><\/li><li><a href=\"https:\/\/www.cm-benavente.pt\/wp-content\/uploads\/2024\/10\/Despacho-no-4652024-Distribuicao-de-Funcoes-pelos-Membros-da-Camara.pdf\">Despacho n\u00ba 465\/2024 &#8211; Distribui\u00e7\u00e3o de Fun\u00e7\u00f5es pelos Membros da C\u00e2mara<\/a><\/li><li><a href=\"https:\/\/www.cm-benavente.pt\/wp-content\/uploads\/2024\/10\/Edital-no-4662024-Distribuicao-de-Funcoes-pelos-Membros-da-Camara.pdf\">Edital n\u00ba 466\/2024 &#8211; Distribui\u00e7\u00e3o de Fun\u00e7\u00f5es pelos Membros da C\u00e2mara<\/a><\/li><li><a href=\"http:\/\/www.pgdlisboa.pt\/leis\/lei_mostra_articulado.php?nid=2116&amp;tabela=leis\" target=\"_blank\" rel=\"alternate noopener noreferrer\">Estatuto dos Eleitos Locais\u00a0<\/a><\/li><li><a class=\"doclink\" href=\"https:\/\/www.cm-benavente.pt\/wp-content\/uploads\/2024\/01\/Edital-N.o-189-2021-Alteracao-ao-Regimento-da-Camara-Municipal-de-Benavente.pdf\" target=\"_blank\" rel=\"noopener\">Edital N.\u00ba 189\/ 2021 &#8211; Altera\u00e7\u00e3o ao Regimento da C\u00e2mara Municipal de Benavente<\/a><\/li><li><a class=\"doclink\" href=\"https:\/\/www.cm-benavente.pt\/wp-content\/uploads\/2024\/01\/Regimento-da-Camara-Municipal-de-Benavnete-Mandato-20172021.pdf\" target=\"_blank\" rel=\"noopener\">Regimento da C\u00e2mara Municipal de Benavente &#8211; Mandato 2017\/2021<\/a><\/li><\/ul>\t\t\t\t\t\t\t\t<\/div>\n\t\t\t\t<\/div>\n\t\t\t\t\t<\/div>\n\t\t<\/div>\n\t\t\t\t\t<\/div>\n\t\t<\/section>\n\t\t\t\t<section class=\"elementor-section elementor-top-section elementor-element elementor-element-a53fb49 elementor-section-boxed elementor-section-height-default elementor-section-height-default\" data-id=\"a53fb49\" data-element_type=\"section\" data-e-type=\"section\" data-settings=\"{&quot;tmea_shape_divider_top&quot;:&quot;none&quot;,&quot;tmea_shape_divider_bottom&quot;:&quot;none&quot;}\">\n\t\t\t\t\t\t<div class=\"elementor-container elementor-column-gap-extended\">\n\t\t\t\t\t<div class=\"elementor-column elementor-col-25 elementor-top-column elementor-element elementor-element-50f7ae6\" data-id=\"50f7ae6\" data-element_type=\"column\" data-e-type=\"column\" data-settings=\"{&quot;background_background&quot;:&quot;classic&quot;}\">\n\t\t\t<div class=\"elementor-widget-wrap elementor-element-populated\">\n\t\t\t\t\t\t<div class=\"elementor-element elementor-element-a064bea elementor-widget elementor-widget-heading\" data-id=\"a064bea\" data-element_type=\"widget\" data-e-type=\"widget\" data-widget_type=\"heading.default\">\n\t\t\t\t<div class=\"elementor-widget-container\">\n\t\t\t\t\t<h2 class=\"elementor-heading-title elementor-size-default\"><a href=\"https:\/\/www.cm-benavente.pt\/index.php\/municipio\/composicao\/\">Composi\u00e7\u00e3o<\/a><\/h2>\t\t\t\t<\/div>\n\t\t\t\t<\/div>\n\t\t\t\t<div class=\"elementor-element elementor-element-0ee03df elementor-widget elementor-widget-text-editor\" data-id=\"0ee03df\" data-element_type=\"widget\" data-e-type=\"widget\" data-widget_type=\"text-editor.default\">\n\t\t\t\t<div class=\"elementor-widget-container\">\n\t\t\t\t\t\t\t\t\t<p><a href=\"https:\/\/www.cm-benavente.pt\/index.php\/municipio\/composicao\/\" data-wplink-edit=\"true\">Veja mais<\/a><\/p>\t\t\t\t\t\t\t\t<\/div>\n\t\t\t\t<\/div>\n\t\t\t\t\t<\/div>\n\t\t<\/div>\n\t\t\t\t<div class=\"elementor-column elementor-col-25 elementor-top-column elementor-element elementor-element-4c41ddc\" data-id=\"4c41ddc\" data-element_type=\"column\" data-e-type=\"column\" data-settings=\"{&quot;background_background&quot;:&quot;classic&quot;}\">\n\t\t\t<div class=\"elementor-widget-wrap elementor-element-populated\">\n\t\t\t\t\t\t<div class=\"elementor-element elementor-element-315df8e elementor-widget elementor-widget-heading\" data-id=\"315df8e\" data-element_type=\"widget\" data-e-type=\"widget\" data-widget_type=\"heading.default\">\n\t\t\t\t<div class=\"elementor-widget-container\">\n\t\t\t\t\t<h2 class=\"elementor-heading-title elementor-size-default\"><a href=\"https:\/\/www.cm-benavente.pt\/index.php\/municipio\/atas-e-deliberacoes\/\">Atas e Delibera\u00e7\u00f5es<\/a><\/h2>\t\t\t\t<\/div>\n\t\t\t\t<\/div>\n\t\t\t\t<div class=\"elementor-element elementor-element-012fbcf elementor-widget elementor-widget-text-editor\" data-id=\"012fbcf\" data-element_type=\"widget\" data-e-type=\"widget\" data-widget_type=\"text-editor.default\">\n\t\t\t\t<div class=\"elementor-widget-container\">\n\t\t\t\t\t\t\t\t\t<p><a href=\"https:\/\/www.cm-benavente.pt\/index.php\/municipio\/atas-e-deliberacoes\/\" data-wplink-edit=\"true\">Veja mais<\/a><\/p>\t\t\t\t\t\t\t\t<\/div>\n\t\t\t\t<\/div>\n\t\t\t\t\t<\/div>\n\t\t<\/div>\n\t\t\t\t<div class=\"elementor-column elementor-col-25 elementor-top-column elementor-element elementor-element-5144bcc\" data-id=\"5144bcc\" data-element_type=\"column\" data-e-type=\"column\" data-settings=\"{&quot;background_background&quot;:&quot;classic&quot;}\">\n\t\t\t<div class=\"elementor-widget-wrap elementor-element-populated\">\n\t\t\t\t\t\t<div class=\"elementor-element elementor-element-3633fec elementor-widget elementor-widget-heading\" data-id=\"3633fec\" data-element_type=\"widget\" data-e-type=\"widget\" data-widget_type=\"heading.default\">\n\t\t\t\t<div class=\"elementor-widget-container\">\n\t\t\t\t\t<h2 class=\"elementor-heading-title elementor-size-default\"><a href=\"https:\/\/www.cm-benavente.pt\/index.php\/municipio\/ordem-do-dia\/\">Ordem do dia<\/a><\/h2>\t\t\t\t<\/div>\n\t\t\t\t<\/div>\n\t\t\t\t<div class=\"elementor-element elementor-element-5335166 elementor-widget elementor-widget-text-editor\" data-id=\"5335166\" data-element_type=\"widget\" data-e-type=\"widget\" data-widget_type=\"text-editor.default\">\n\t\t\t\t<div class=\"elementor-widget-container\">\n\t\t\t\t\t\t\t\t\t<p><a href=\"https:\/\/www.cm-benavente.pt\/index.php\/municipio\/ordem-do-dia\/\" data-wplink-edit=\"true\">Veja mais<\/a><\/p>\t\t\t\t\t\t\t\t<\/div>\n\t\t\t\t<\/div>\n\t\t\t\t\t<\/div>\n\t\t<\/div>\n\t\t\t\t<div class=\"elementor-column elementor-col-25 elementor-top-column elementor-element elementor-element-eb6a851\" data-id=\"eb6a851\" data-element_type=\"column\" data-e-type=\"column\" data-settings=\"{&quot;background_background&quot;:&quot;classic&quot;}\">\n\t\t\t<div class=\"elementor-widget-wrap elementor-element-populated\">\n\t\t\t\t\t\t<div class=\"elementor-element elementor-element-0a9e7f6 elementor-widget elementor-widget-heading\" data-id=\"0a9e7f6\" data-element_type=\"widget\" data-e-type=\"widget\" data-widget_type=\"heading.default\">\n\t\t\t\t<div class=\"elementor-widget-container\">\n\t\t\t\t\t<h2 class=\"elementor-heading-title elementor-size-default\"><a href=\"https:\/\/www.cm-benavente.pt\/index.php\/municipio\/reunioes-publicas\/\">Reuni\u00f5es<\/a><\/h2>\t\t\t\t<\/div>\n\t\t\t\t<\/div>\n\t\t\t\t<div class=\"elementor-element elementor-element-f587ca2 elementor-widget elementor-widget-text-editor\" data-id=\"f587ca2\" data-element_type=\"widget\" data-e-type=\"widget\" data-widget_type=\"text-editor.default\">\n\t\t\t\t<div class=\"elementor-widget-container\">\n\t\t\t\t\t\t\t\t\t<p><a href=\"https:\/\/www.cm-benavente.pt\/index.php\/municipio\/reunioes-publicas\/\" data-wplink-edit=\"true\">Veja mais<\/a><\/p>\t\t\t\t\t\t\t\t<\/div>\n\t\t\t\t<\/div>\n\t\t\t\t\t<\/div>\n\t\t<\/div>\n\t\t\t\t\t<\/div>\n\t\t<\/section>\n\t\t\t\t<\/div>\n\t\t","protected":false},"excerpt":{"rendered":"<p>Mensagem da Presidente S\u00f3nia Ferreira Presidente da C\u00e2mara Municipal de Benavente Caros mun\u00edcipes, Sejam bem-vindos ao portal oficial da C\u00e2mara Municipal de Benavente.Este espa\u00e7o foi criado para refor\u00e7ar a proximidade entre a Autarquia e todos os que vivem, trabalham ou visitam o nosso concelho, disponibilizando informa\u00e7\u00e3o atualizada sobre os projetos em curso, as obras municipais, [&hellip;]<\/p>\n","protected":false},"author":6,"featured_media":0,"parent":3746,"menu_order":0,"comment_status":"closed","ping_status":"closed","template":"","meta":{"_vp_format_video_url":"","_vp_image_focal_point":[],"footnotes":""},"class_list":["post-3750","page","type-page","status-publish","hentry"],"_links":{"self":[{"href":"https:\/\/www.cm-benavente.pt\/index.php\/wp-json\/wp\/v2\/pages\/3750","targetHints":{"allow":["GET"]}}],"collection":[{"href":"https:\/\/www.cm-benavente.pt\/index.php\/wp-json\/wp\/v2\/pages"}],"about":[{"href":"https:\/\/www.cm-benavente.pt\/index.php\/wp-json\/wp\/v2\/types\/page"}],"author":[{"embeddable":true,"href":"https:\/\/www.cm-benavente.pt\/index.php\/wp-json\/wp\/v2\/users\/6"}],"replies":[{"embeddable":true,"href":"https:\/\/www.cm-benavente.pt\/index.php\/wp-json\/wp\/v2\/comments?post=3750"}],"version-history":[{"count":65,"href":"https:\/\/www.cm-benavente.pt\/index.php\/wp-json\/wp\/v2\/pages\/3750\/revisions"}],"predecessor-version":[{"id":83687,"href":"https:\/\/www.cm-benavente.pt\/index.php\/wp-json\/wp\/v2\/pages\/3750\/revisions\/83687"}],"up":[{"embeddable":true,"href":"https:\/\/www.cm-benavente.pt\/index.php\/wp-json\/wp\/v2\/pages\/3746"}],"wp:attachment":[{"href":"https:\/\/www.cm-benavente.pt\/index.php\/wp-json\/wp\/v2\/media?parent=3750"}],"curies":[{"name":"wp","href":"https:\/\/api.w.org\/{rel}","templated":true}]}}