{"id":2162,"date":"2021-06-20T19:17:08","date_gmt":"2021-06-20T19:17:08","guid":{"rendered":"https:\/\/terradasideias.net\/cmb\/?page_id=2162"},"modified":"2024-01-16T15:46:17","modified_gmt":"2024-01-16T15:46:17","slug":"estatisticas","status":"publish","type":"page","link":"https:\/\/www.cm-benavente.pt\/index.php\/servicos\/estatisticas\/","title":{"rendered":"Estat\u00edsticas"},"content":{"rendered":"\t\t<div data-elementor-type=\"wp-page\" data-elementor-id=\"2162\" class=\"elementor elementor-2162\" data-elementor-post-type=\"page\">\n\t\t\t\t\t\t<section class=\"elementor-section elementor-top-section elementor-element elementor-element-d9105c3 elementor-section-boxed elementor-section-height-default elementor-section-height-default\" data-id=\"d9105c3\" data-element_type=\"section\" data-e-type=\"section\" data-settings=\"{&quot;tmea_shape_divider_top&quot;:&quot;none&quot;,&quot;tmea_shape_divider_bottom&quot;:&quot;none&quot;}\">\n\t\t\t\t\t\t<div class=\"elementor-container elementor-column-gap-default\">\n\t\t\t\t\t<div class=\"elementor-column elementor-col-100 elementor-top-column elementor-element elementor-element-0d81147\" data-id=\"0d81147\" data-element_type=\"column\" data-e-type=\"column\">\n\t\t\t<div class=\"elementor-widget-wrap\">\n\t\t\t\t\t\t\t<\/div>\n\t\t<\/div>\n\t\t\t\t\t<\/div>\n\t\t<\/section>\n\t\t\t\t<section class=\"elementor-section elementor-top-section elementor-element elementor-element-29b3105 elementor-section-height-min-height elementor-section-boxed elementor-section-height-default elementor-section-items-middle\" data-id=\"29b3105\" data-element_type=\"section\" data-e-type=\"section\" data-settings=\"{&quot;background_background&quot;:&quot;slideshow&quot;,&quot;background_slideshow_ken_burns&quot;:&quot;yes&quot;,&quot;background_slideshow_gallery&quot;:[{&quot;id&quot;:47541,&quot;url&quot;:&quot;https:\\\/\\\/www.cm-benavente.pt\\\/wp-content\\\/uploads\\\/2023\\\/06\\\/estatisticas-lupa.jpg&quot;}],&quot;tmea_shape_divider_top&quot;:&quot;none&quot;,&quot;tmea_shape_divider_bottom&quot;:&quot;none&quot;,&quot;background_slideshow_loop&quot;:&quot;yes&quot;,&quot;background_slideshow_slide_duration&quot;:5000,&quot;background_slideshow_slide_transition&quot;:&quot;fade&quot;,&quot;background_slideshow_transition_duration&quot;:500,&quot;background_slideshow_ken_burns_zoom_direction&quot;:&quot;in&quot;}\">\n\t\t\t\t\t\t\t<div class=\"elementor-background-overlay\"><\/div>\n\t\t\t\t\t\t\t<div class=\"elementor-container elementor-column-gap-default\">\n\t\t\t\t\t<div class=\"elementor-column elementor-col-100 elementor-top-column elementor-element elementor-element-eb85f8f elementor-invisible\" data-id=\"eb85f8f\" data-element_type=\"column\" data-e-type=\"column\" data-settings=\"{&quot;animation&quot;:&quot;fadeIn&quot;}\">\n\t\t\t<div class=\"elementor-widget-wrap elementor-element-populated\">\n\t\t\t\t\t\t<div class=\"elementor-element elementor-element-5e23353 elementor-widget elementor-widget-heading\" data-id=\"5e23353\" data-element_type=\"widget\" data-e-type=\"widget\" data-widget_type=\"heading.default\">\n\t\t\t\t<div class=\"elementor-widget-container\">\n\t\t\t\t\t<h2 class=\"elementor-heading-title elementor-size-default\">SERVI\u00c7OS<\/h2>\t\t\t\t<\/div>\n\t\t\t\t<\/div>\n\t\t\t\t<div class=\"elementor-element elementor-element-4caba3f elementor-widget elementor-widget-heading\" data-id=\"4caba3f\" data-element_type=\"widget\" data-e-type=\"widget\" data-widget_type=\"heading.default\">\n\t\t\t\t<div class=\"elementor-widget-container\">\n\t\t\t\t\t<h2 class=\"elementor-heading-title elementor-size-default\">Estat\u00edsticas<\/h2>\t\t\t\t<\/div>\n\t\t\t\t<\/div>\n\t\t\t\t\t<\/div>\n\t\t<\/div>\n\t\t\t\t\t<\/div>\n\t\t<\/section>\n\t\t\t\t<section class=\"elementor-section elementor-top-section elementor-element elementor-element-4942904 elementor-section-boxed elementor-section-height-default elementor-section-height-default\" data-id=\"4942904\" data-element_type=\"section\" data-e-type=\"section\" data-settings=\"{&quot;background_background&quot;:&quot;classic&quot;,&quot;tmea_shape_divider_top&quot;:&quot;none&quot;,&quot;tmea_shape_divider_bottom&quot;:&quot;none&quot;}\">\n\t\t\t\t\t\t<div class=\"elementor-container elementor-column-gap-default\">\n\t\t\t\t\t<div class=\"elementor-column elementor-col-100 elementor-top-column elementor-element elementor-element-fe78812\" data-id=\"fe78812\" data-element_type=\"column\" data-e-type=\"column\">\n\t\t\t<div class=\"elementor-widget-wrap elementor-element-populated\">\n\t\t\t\t\n\t\t<div class=\"elementor-element elementor-element-048b9d4 elementor-widget elementor-widget-text-editor\" data-id=\"048b9d4\" data-element_type=\"widget\" data-e-type=\"widget\" data-widget_type=\"text-editor.default\">\n\t\t\t\t<div class=\"elementor-widget-container\">\n\t\t\t\t\t\t\t\t\t<p>O <strong>Instituto Nacional de Estat\u00edsticas<\/strong> \u00e9 a entidade respons\u00e1vel pela apresenta\u00e7\u00e3o dos trabalhos censit\u00e1rios realizados no nosso pa\u00eds de 10 em 10 anos.<br \/>No que se refere ao concelho de Benavente, s\u00e3o conhecidos os resultados preliminares divulgados pelo I.N.E. relativamente \u00e0s freguesias do concelho.<\/p>\t\t\t\t\t\t\t\t<\/div>\n\t\t\t\t<\/div>\n\t\t\t\t<div class=\"elementor-element elementor-element-3032608 elementor-widget elementor-widget-image\" data-id=\"3032608\" data-element_type=\"widget\" data-e-type=\"widget\" data-widget_type=\"image.default\">\n\t\t\t\t<div class=\"elementor-widget-container\">\n\t\t\t\t\t\t\t\t\t\t\t\t\t\t\t\t<a href=\"https:\/\/www.ine.pt\/xportal\/xmain?xpgid=censos21_hist_pt&#038;xpid=CENSOS21&#038;xlang=pt\" target=\"_blank\" rel=\"noopener\">\n\t\t\t\t\t\t\t<img decoding=\"async\" src=\"https:\/\/www.cm-benavente.pt\/wp-content\/uploads\/elementor\/thumbs\/ine_reduced-jpg-qcmtvoi1tyin79pzmj9lmbb3ks3qk9xop5w3xe3mdq.webp\" title=\"ine_reduced\" alt=\"ine_reduced\" class=\"elementor-animation-grow\" loading=\"lazy\" \/>\t\t\t\t\t\t\t\t<\/a>\n\t\t\t\t\t\t\t\t\t\t\t\t\t\t\t<\/div>\n\t\t\t\t<\/div>\n\t\t\t\t\t<\/div>\n\t\t<\/div>\n\t\t\t\t\t<\/div>\n\t\t<\/section>\n\t\t\t\t<section class=\"elementor-section elementor-top-section elementor-element elementor-element-54f7773d elementor-section-height-min-height elementor-section-boxed elementor-section-height-default elementor-section-items-middle\" data-id=\"54f7773d\" data-element_type=\"section\" data-e-type=\"section\" data-settings=\"{&quot;background_background&quot;:&quot;gradient&quot;,&quot;tmea_shape_divider_top&quot;:&quot;none&quot;,&quot;tmea_shape_divider_bottom&quot;:&quot;none&quot;}\">\n\t\t\t\t\t\t\t<div class=\"elementor-background-overlay\"><\/div>\n\t\t\t\t\t\t\t<div class=\"elementor-container elementor-column-gap-extended\">\n\t\t\t\t\t<div class=\"elementor-column elementor-col-25 elementor-top-column elementor-element elementor-element-6c53088b\" data-id=\"6c53088b\" data-element_type=\"column\" data-e-type=\"column\">\n\t\t\t<div class=\"elementor-widget-wrap elementor-element-populated\">\n\t\t\t\t\t\t<div class=\"elementor-element elementor-element-7f9c6370 elementor-widget elementor-widget-tme-counter\" data-id=\"7f9c6370\" data-element_type=\"widget\" data-e-type=\"widget\" data-widget_type=\"tme-counter.default\">\n\t\t\t\t<div class=\"elementor-widget-container\">\n\t\t\t\t\t        <div id=\"tme-counter-7f9c6370\" class=\"tme-counter v-layout\">\n                        <div class=\"tme-counter-icon\"><i aria-hidden=\"true\" class=\"fas fa-user-friends\"><\/i><\/div>\n\t\t\t\t\t\t\t\n            <div class=\"tme-counter-number\" data-endingnumber=\"9174\" data-animduration=\"1000\" data-scrollanim >\n                <span>0<\/span>            <\/div>\n            \t\t\t        <\/div>\n\t\t\t\t\t<\/div>\n\t\t\t\t<\/div>\n\t\t\t\t\t<\/div>\n\t\t<\/div>\n\t\t\t\t<div class=\"elementor-column elementor-col-25 elementor-top-column elementor-element elementor-element-e45f3b0\" data-id=\"e45f3b0\" data-element_type=\"column\" data-e-type=\"column\">\n\t\t\t<div class=\"elementor-widget-wrap elementor-element-populated\">\n\t\t\t\t\t\t<div class=\"elementor-element elementor-element-5a4a0f8 elementor-widget elementor-widget-tme-counter\" data-id=\"5a4a0f8\" data-element_type=\"widget\" data-e-type=\"widget\" data-widget_type=\"tme-counter.default\">\n\t\t\t\t<div class=\"elementor-widget-container\">\n\t\t\t\t\t        <div id=\"tme-counter-5a4a0f8\" class=\"tme-counter v-layout\">\n                        <div class=\"tme-counter-icon\"><i aria-hidden=\"true\" class=\"fas fa-user-friends\"><\/i><\/div>\n\t\t\t\t\t\t\t\n            <div class=\"tme-counter-number\" data-endingnumber=\"17123\" data-animduration=\"1000\" data-scrollanim >\n                <span>0<\/span>            <\/div>\n            \t\t\t        <\/div>\n\t\t\t\t\t<\/div>\n\t\t\t\t<\/div>\n\t\t\t\t\t<\/div>\n\t\t<\/div>\n\t\t\t\t<div class=\"elementor-column elementor-col-25 elementor-top-column elementor-element elementor-element-30c4209\" data-id=\"30c4209\" data-element_type=\"column\" data-e-type=\"column\">\n\t\t\t<div class=\"elementor-widget-wrap elementor-element-populated\">\n\t\t\t\t\t\t<div class=\"elementor-element elementor-element-733349e elementor-widget elementor-widget-tme-counter\" data-id=\"733349e\" data-element_type=\"widget\" data-e-type=\"widget\" data-widget_type=\"tme-counter.default\">\n\t\t\t\t<div class=\"elementor-widget-container\">\n\t\t\t\t\t        <div id=\"tme-counter-733349e\" class=\"tme-counter v-layout\">\n                        <div class=\"tme-counter-icon\"><i aria-hidden=\"true\" class=\"fas fa-user-friends\"><\/i><\/div>\n\t\t\t\t\t\t\t\n            <div class=\"tme-counter-number\" data-endingnumber=\"1997\" data-animduration=\"1000\" data-scrollanim >\n                <span>0<\/span>            <\/div>\n            \t\t\t        <\/div>\n\t\t\t\t\t<\/div>\n\t\t\t\t<\/div>\n\t\t\t\t\t<\/div>\n\t\t<\/div>\n\t\t\t\t<div class=\"elementor-column elementor-col-25 elementor-top-column elementor-element elementor-element-679f630\" data-id=\"679f630\" data-element_type=\"column\" data-e-type=\"column\">\n\t\t\t<div class=\"elementor-widget-wrap elementor-element-populated\">\n\t\t\t\t\t\t<div class=\"elementor-element elementor-element-f20ac33 elementor-widget elementor-widget-tme-counter\" data-id=\"f20ac33\" data-element_type=\"widget\" data-e-type=\"widget\" data-widget_type=\"tme-counter.default\">\n\t\t\t\t<div class=\"elementor-widget-container\">\n\t\t\t\t\t        <div id=\"tme-counter-f20ac33\" class=\"tme-counter v-layout\">\n                        <div class=\"tme-counter-icon\"><i aria-hidden=\"true\" class=\"fas fa-user-friends\"><\/i><\/div>\n\t\t\t\t\t\t\t\n            <div class=\"tme-counter-number\" data-endingnumber=\"621\" data-animduration=\"1000\" data-scrollanim >\n                <span>0<\/span>            <\/div>\n            \t\t\t        <\/div>\n\t\t\t\t\t<\/div>\n\t\t\t\t<\/div>\n\t\t\t\t\t<\/div>\n\t\t<\/div>\n\t\t\t\t\t<\/div>\n\t\t<\/section>\n\t\t\t\t<section class=\"elementor-section elementor-top-section elementor-element elementor-element-0ba6d77 elementor-section-height-min-height elementor-section-boxed elementor-section-height-default elementor-section-items-middle\" data-id=\"0ba6d77\" data-element_type=\"section\" data-e-type=\"section\" data-settings=\"{&quot;background_background&quot;:&quot;gradient&quot;,&quot;tmea_shape_divider_top&quot;:&quot;none&quot;,&quot;tmea_shape_divider_bottom&quot;:&quot;none&quot;}\">\n\t\t\t\t\t\t\t<div class=\"elementor-background-overlay\"><\/div>\n\t\t\t\t\t\t\t<div class=\"elementor-container elementor-column-gap-extended\">\n\t\t\t\t\t<div class=\"elementor-column elementor-col-25 elementor-top-column elementor-element elementor-element-8495596\" data-id=\"8495596\" data-element_type=\"column\" data-e-type=\"column\">\n\t\t\t<div class=\"elementor-widget-wrap elementor-element-populated\">\n\t\t\t\t\t\t<div class=\"elementor-element elementor-element-7aa5ec3 elementor-widget elementor-widget-text-editor\" data-id=\"7aa5ec3\" data-element_type=\"widget\" data-e-type=\"widget\" data-widget_type=\"text-editor.default\">\n\t\t\t\t<div class=\"elementor-widget-container\">\n\t\t\t\t\t\t\t\t\t<p>Moradores<\/p><p><strong>BENAVENTE<\/strong><\/p>\t\t\t\t\t\t\t\t<\/div>\n\t\t\t\t<\/div>\n\t\t\t\t\t<\/div>\n\t\t<\/div>\n\t\t\t\t<div class=\"elementor-column elementor-col-25 elementor-top-column elementor-element elementor-element-8dde811\" data-id=\"8dde811\" data-element_type=\"column\" data-e-type=\"column\">\n\t\t\t<div class=\"elementor-widget-wrap elementor-element-populated\">\n\t\t\t\t\t\t<div class=\"elementor-element elementor-element-f9bb911 elementor-widget elementor-widget-text-editor\" data-id=\"f9bb911\" data-element_type=\"widget\" data-e-type=\"widget\" data-widget_type=\"text-editor.default\">\n\t\t\t\t<div class=\"elementor-widget-container\">\n\t\t\t\t\t\t\t\t\t<p>Moradores<\/p><p><strong>SAMORA CORREIA<\/strong><\/p>\t\t\t\t\t\t\t\t<\/div>\n\t\t\t\t<\/div>\n\t\t\t\t\t<\/div>\n\t\t<\/div>\n\t\t\t\t<div class=\"elementor-column elementor-col-25 elementor-top-column elementor-element elementor-element-88cf445\" data-id=\"88cf445\" data-element_type=\"column\" data-e-type=\"column\">\n\t\t\t<div class=\"elementor-widget-wrap elementor-element-populated\">\n\t\t\t\t\t\t<div class=\"elementor-element elementor-element-66a65ef elementor-widget elementor-widget-text-editor\" data-id=\"66a65ef\" data-element_type=\"widget\" data-e-type=\"widget\" data-widget_type=\"text-editor.default\">\n\t\t\t\t<div class=\"elementor-widget-container\">\n\t\t\t\t\t\t\t\t\t<p>Moradores<\/p><p><strong>SANTO EST\u00caV\u00c3O<\/strong><\/p>\t\t\t\t\t\t\t\t<\/div>\n\t\t\t\t<\/div>\n\t\t\t\t\t<\/div>\n\t\t<\/div>\n\t\t\t\t<div class=\"elementor-column elementor-col-25 elementor-top-column elementor-element elementor-element-7c32b7f\" data-id=\"7c32b7f\" data-element_type=\"column\" data-e-type=\"column\">\n\t\t\t<div class=\"elementor-widget-wrap elementor-element-populated\">\n\t\t\t\t\t\t<div class=\"elementor-element elementor-element-d22732c elementor-widget elementor-widget-text-editor\" data-id=\"d22732c\" data-element_type=\"widget\" data-e-type=\"widget\" data-widget_type=\"text-editor.default\">\n\t\t\t\t<div class=\"elementor-widget-container\">\n\t\t\t\t\t\t\t\t\t<p>Moradores<\/p><p><strong>BARROSA<\/strong><\/p>\t\t\t\t\t\t\t\t<\/div>\n\t\t\t\t<\/div>\n\t\t\t\t\t<\/div>\n\t\t<\/div>\n\t\t\t\t\t<\/div>\n\t\t<\/section>\n\t\t\t\t<section class=\"elementor-section elementor-top-section elementor-element elementor-element-b006faf elementor-section-boxed elementor-section-height-default elementor-section-height-default\" data-id=\"b006faf\" data-element_type=\"section\" data-e-type=\"section\" data-settings=\"{&quot;tmea_shape_divider_top&quot;:&quot;none&quot;,&quot;tmea_shape_divider_bottom&quot;:&quot;none&quot;}\">\n\t\t\t\t\t\t<div class=\"elementor-container elementor-column-gap-default\">\n\t\t\t\t\t<div class=\"elementor-column elementor-col-100 elementor-top-column elementor-element elementor-element-4547177\" data-id=\"4547177\" data-element_type=\"column\" data-e-type=\"column\">\n\t\t\t<div class=\"elementor-widget-wrap elementor-element-populated\">\n\t\t\t\t\t\t<div class=\"elementor-element elementor-element-0b0db53 elementor-widget elementor-widget-tme-portfolio_grid\" data-id=\"0b0db53\" data-element_type=\"widget\" data-e-type=\"widget\" data-widget_type=\"tme-portfolio_grid.default\">\n\t\t\t\t<div class=\"elementor-widget-container\">\n\t\t\t\t\t\n       <form id=\"tmea_fpg_form-0b0db53\" name=\"tmea_fpg_form-0b0db53\" class=\"tmea-fpg-toolbar\">\n                                 <\/form>\n        \n                  <ol class=\"tmea-fpg-container tmea-fpg-grid-view below-img tmea-fpg-zoom-in\" style=\"display:none;\">\n           \n            <li data-filter=\"benavente\" class=\"elementor-repeater-item-813ee6a\">\n            <div class=\"tmea-fpg-inner elementor-animation-float\">\n                          <figure>\n                                <figcaption>\n                <h4 class=\"tmea-fpg-title\">Benavente <\/h4><p class=\"tmea-fpg-info\">Em Benavente, os Censos registaram em 2001 uma popula\u00e7\u00e3o residente de 8.304, sendo que as opera\u00e7\u00f5es estat\u00edsticas em 2011 revelam n\u00fameros superiores, como seriam de esperar, s\u00e3o <b>9.174<\/b> moradores.  \n<br><br>\nN\u00ba de eleitores inscritos: 7495<\/p>                <\/figcaption>\n              <\/figure>\n                          <\/div>\n            <\/li>\n           \n            <li data-filter=\"benavente\" class=\"elementor-repeater-item-05ebbcc\">\n            <div class=\"tmea-fpg-inner elementor-animation-float\">\n                          <figure>\n                                <figcaption>\n                <h4 class=\"tmea-fpg-title\">Samora Correia<\/h4><p class=\"tmea-fpg-info\">Em Samora Correia, o crescimento foi mais acentuado, mas perfeitamente dentro dos par\u00e2metros normais. Em 2001 os Censos apontavam para 12.710 residentes fixos. Segundo os Censos de 2011 esta freguesia registou <b>17.123<\/b> moradores.\n<br><br>\nN\u00ba de eleitores inscritos: 13298<\/p>                <\/figcaption>\n              <\/figure>\n                          <\/div>\n            <\/li>\n           \n            <li data-filter=\"benavente\" class=\"elementor-repeater-item-788fc89\">\n            <div class=\"tmea-fpg-inner elementor-animation-float\">\n                          <figure>\n                                <figcaption>\n                <h4 class=\"tmea-fpg-title\">Santo Est\u00eav\u00e3o <\/h4><p class=\"tmea-fpg-info\">Em Santo Estev\u00e3o, no ano de 2001, moravam 1.372 pessoas;  em 2011, os Censos apontam para <b>1997<\/b> residentes fixos.\n<br><br>\nN\u00ba de eleitores inscritos: 1551<\/p>                <\/figcaption>\n              <\/figure>\n                          <\/div>\n            <\/li>\n           \n            <li data-filter=\"benavente\" class=\"elementor-repeater-item-96e35f8\">\n            <div class=\"tmea-fpg-inner elementor-animation-float\">\n                          <figure>\n                                <figcaption>\n                <h4 class=\"tmea-fpg-title\">Barrosa<\/h4><p class=\"tmea-fpg-info\">A freguesia da Barrosa apresenta no ano de 2001, 744 pessoas residentes, acrescentando agora os Censos em 2011 dados que referem existirem <b>725<\/b> moradores.\n<br><br>\nN\u00ba de eleitores inscritos: 621<\/p>                <\/figcaption>\n              <\/figure>\n                          <\/div>\n            <\/li>\n                    <\/ol>\n    \t\t\t\t<\/div>\n\t\t\t\t<\/div>\n\t\t\t\t\t<\/div>\n\t\t<\/div>\n\t\t\t\t\t<\/div>\n\t\t<\/section>\n\t\t\t\t<section class=\"elementor-section elementor-top-section elementor-element elementor-element-2d60d71 elementor-section-boxed elementor-section-height-default elementor-section-height-default\" data-id=\"2d60d71\" data-element_type=\"section\" data-e-type=\"section\" data-settings=\"{&quot;background_background&quot;:&quot;classic&quot;,&quot;tmea_shape_divider_top&quot;:&quot;none&quot;,&quot;tmea_shape_divider_bottom&quot;:&quot;none&quot;}\">\n\t\t\t\t\t\t<div class=\"elementor-container elementor-column-gap-default\">\n\t\t\t\t\t<div class=\"elementor-column elementor-col-33 elementor-top-column elementor-element elementor-element-1517a74\" data-id=\"1517a74\" data-element_type=\"column\" data-e-type=\"column\">\n\t\t\t<div class=\"elementor-widget-wrap elementor-element-populated\">\n\t\t\t\t\t\t<div class=\"elementor-element elementor-element-584f797 elementor-widget elementor-widget-heading\" data-id=\"584f797\" data-element_type=\"widget\" data-e-type=\"widget\" data-widget_type=\"heading.default\">\n\t\t\t\t<div class=\"elementor-widget-container\">\n\t\t\t\t\t<h2 class=\"elementor-heading-title elementor-size-default\">Censos em 2021<\/h2>\t\t\t\t<\/div>\n\t\t\t\t<\/div>\n\t\t\t\t\t<\/div>\n\t\t<\/div>\n\t\t\t\t<div class=\"elementor-column elementor-col-66 elementor-top-column elementor-element elementor-element-9b54740\" data-id=\"9b54740\" data-element_type=\"column\" data-e-type=\"column\">\n\t\t\t<div class=\"elementor-widget-wrap elementor-element-populated\">\n\t\t\t\t\t\t<div class=\"elementor-element elementor-element-5bf7805 elementor-widget elementor-widget-image\" data-id=\"5bf7805\" data-element_type=\"widget\" data-e-type=\"widget\" data-widget_type=\"image.default\">\n\t\t\t\t<div class=\"elementor-widget-container\">\n\t\t\t\t\t\t\t\t\t\t\t\t\t\t\t\t<a href=\"https:\/\/www.ine.pt\/xportal\/xmain?xpgid=censos21_hist_pt&#038;xpid=CENSOS21&#038;xlang=pt\" target=\"_blank\" rel=\"noopener\">\n\t\t\t\t\t\t\t<img decoding=\"async\" src=\"https:\/\/www.cm-benavente.pt\/wp-content\/uploads\/elementor\/thumbs\/ine_reduced-jpg-qcmtvoi1tyin79pzmj9lmbb3ks3qk9xop5w3xe3mdq.webp\" title=\"ine_reduced\" alt=\"ine_reduced\" class=\"elementor-animation-grow\" loading=\"lazy\" \/>\t\t\t\t\t\t\t\t<\/a>\n\t\t\t\t\t\t\t\t\t\t\t\t\t\t\t<\/div>\n\t\t\t\t<\/div>\n\t\t\t\t\t<\/div>\n\t\t<\/div>\n\t\t\t\t\t<\/div>\n\t\t<\/section>\n\t\t\t\t<\/div>\n\t\t","protected":false},"excerpt":{"rendered":"<p>SERVI\u00c7OS Estat\u00edsticas O Instituto Nacional de Estat\u00edsticas \u00e9 a entidade respons\u00e1vel pela apresenta\u00e7\u00e3o dos trabalhos censit\u00e1rios realizados no nosso pa\u00eds de 10 em 10 anos.No que se refere ao concelho de Benavente, s\u00e3o conhecidos os resultados preliminares divulgados pelo I.N.E. relativamente \u00e0s freguesias do concelho. 0 0 0 0 Moradores BENAVENTE Moradores SAMORA CORREIA Moradores [&hellip;]<\/p>\n","protected":false},"author":6,"featured_media":0,"parent":3747,"menu_order":0,"comment_status":"closed","ping_status":"closed","template":"","meta":{"_vp_format_video_url":"","_vp_image_focal_point":[],"footnotes":""},"class_list":["post-2162","page","type-page","status-publish","hentry"],"_links":{"self":[{"href":"https:\/\/www.cm-benavente.pt\/index.php\/wp-json\/wp\/v2\/pages\/2162","targetHints":{"allow":["GET"]}}],"collection":[{"href":"https:\/\/www.cm-benavente.pt\/index.php\/wp-json\/wp\/v2\/pages"}],"about":[{"href":"https:\/\/www.cm-benavente.pt\/index.php\/wp-json\/wp\/v2\/types\/page"}],"author":[{"embeddable":true,"href":"https:\/\/www.cm-benavente.pt\/index.php\/wp-json\/wp\/v2\/users\/6"}],"replies":[{"embeddable":true,"href":"https:\/\/www.cm-benavente.pt\/index.php\/wp-json\/wp\/v2\/comments?post=2162"}],"version-history":[{"count":10,"href":"https:\/\/www.cm-benavente.pt\/index.php\/wp-json\/wp\/v2\/pages\/2162\/revisions"}],"predecessor-version":[{"id":52305,"href":"https:\/\/www.cm-benavente.pt\/index.php\/wp-json\/wp\/v2\/pages\/2162\/revisions\/52305"}],"up":[{"embeddable":true,"href":"https:\/\/www.cm-benavente.pt\/index.php\/wp-json\/wp\/v2\/pages\/3747"}],"wp:attachment":[{"href":"https:\/\/www.cm-benavente.pt\/index.php\/wp-json\/wp\/v2\/media?parent=2162"}],"curies":[{"name":"wp","href":"https:\/\/api.w.org\/{rel}","templated":true}]}}