
{"id":1252,"date":"2021-06-17T17:40:28","date_gmt":"2021-06-17T17:40:28","guid":{"rendered":"https:\/\/terradasideias.net\/cmb\/?page_id=1252"},"modified":"2024-05-28T13:34:15","modified_gmt":"2024-05-28T13:34:15","slug":"regulamentos","status":"publish","type":"page","link":"https:\/\/www.cm-benavente.pt\/index.php\/municipio\/regulamentos\/","title":{"rendered":"Regulamento"},"content":{"rendered":"\t\t<div data-elementor-type=\"wp-page\" data-elementor-id=\"1252\" class=\"elementor elementor-1252\" data-elementor-post-type=\"page\">\n\t\t\t\t\t\t<section class=\"elementor-section elementor-top-section elementor-element elementor-element-ae0f262 elementor-section-boxed elementor-section-height-default elementor-section-height-default\" data-id=\"ae0f262\" data-element_type=\"section\" data-e-type=\"section\" data-settings=\"{&quot;tmea_shape_divider_top&quot;:&quot;none&quot;,&quot;tmea_shape_divider_bottom&quot;:&quot;none&quot;}\">\n\t\t\t\t\t\t<div class=\"elementor-container elementor-column-gap-default\">\n\t\t\t\t\t<div class=\"elementor-column elementor-col-100 elementor-top-column elementor-element elementor-element-990eb97\" data-id=\"990eb97\" data-element_type=\"column\" data-e-type=\"column\">\n\t\t\t<div class=\"elementor-widget-wrap\">\n\t\t\t\t\t\t\t<\/div>\n\t\t<\/div>\n\t\t\t\t\t<\/div>\n\t\t<\/section>\n\t\t\t\t<section class=\"elementor-section elementor-top-section elementor-element elementor-element-5390fd8 elementor-section-boxed elementor-section-height-default elementor-section-height-default\" data-id=\"5390fd8\" data-element_type=\"section\" data-e-type=\"section\" data-settings=\"{&quot;animation&quot;:&quot;none&quot;,&quot;tmea_shape_divider_top&quot;:&quot;none&quot;,&quot;tmea_shape_divider_bottom&quot;:&quot;none&quot;}\">\n\t\t\t\t\t\t<div class=\"elementor-container elementor-column-gap-default\">\n\t\t\t\t\t<div class=\"elementor-column elementor-col-100 elementor-top-column elementor-element elementor-element-62b7a22\" data-id=\"62b7a22\" data-element_type=\"column\" data-e-type=\"column\" data-settings=\"{&quot;animation&quot;:&quot;none&quot;}\">\n\t\t\t<div class=\"elementor-widget-wrap elementor-element-populated\">\n\t\t\t\t\t\t<div class=\"elementor-element elementor-element-694d504 elementor-widget elementor-widget-heading\" data-id=\"694d504\" data-element_type=\"widget\" data-e-type=\"widget\" data-widget_type=\"heading.default\">\n\t\t\t\t<div class=\"elementor-widget-container\">\n\t\t\t\t\t<h1 class=\"elementor-heading-title elementor-size-default\">Regulamentos em vigor<\/h1>\t\t\t\t<\/div>\n\t\t\t\t<\/div>\n\t\t\t\t\t<\/div>\n\t\t<\/div>\n\t\t\t\t\t<\/div>\n\t\t<\/section>\n\t\t\t\t<section class=\"elementor-section elementor-top-section elementor-element elementor-element-b3cdddb elementor-section-boxed elementor-section-height-default elementor-section-height-default\" data-id=\"b3cdddb\" data-element_type=\"section\" data-e-type=\"section\" data-settings=\"{&quot;tmea_shape_divider_top&quot;:&quot;none&quot;,&quot;tmea_shape_divider_bottom&quot;:&quot;none&quot;}\">\n\t\t\t\t\t\t<div class=\"elementor-container elementor-column-gap-default\">\n\t\t\t\t\t<div class=\"elementor-column elementor-col-50 elementor-top-column elementor-element elementor-element-2cacce4\" data-id=\"2cacce4\" data-element_type=\"column\" data-e-type=\"column\">\n\t\t\t<div class=\"elementor-widget-wrap elementor-element-populated\">\n\t\t\t\t\t\t<div class=\"elementor-element elementor-element-0079bac elementor-widget elementor-widget-tme-accordion\" data-id=\"0079bac\" data-element_type=\"widget\" data-e-type=\"widget\" data-widget_type=\"tme-accordion.default\">\n\t\t\t\t<div class=\"elementor-widget-container\">\n\t\t\t\t\t            <div class=\"tme-accordions\" data-selfclose=\"false\" data-opensingle=\"true\" data-openspeed=\"200\" data-closespeed=\"200\" data-autoscroll=\"false\" data-scrollspeed=\"400\" data-scrolloffset=\"0\">\n               \n                <div id=\"tme-fadd849-768483177\"  class=\"tmeaccordion is-default\" data-tmeaccordion-options='{\"selfBlock\": false}'>\n                    <h3 class=\"tmeaccordion__head\">\t\t\t\t\t\t\t\t\t\t\t\t\t\t\t\t\t\tA\u00e7\u00e3o Social                    <\/h3>                    <div class=\"tmeaccordion__body\">\n                        <ul><li><a href=\"https:\/\/www.cm-benavente.pt\/wp-content\/uploads\/2021\/08\/Reg-Municipal-do-Cartao-Senior.pdf\" target=\"_blank\" rel=\"noopener\">Regulamento Municipal do Cart\u00e3o S\u00e9nior<\/a><\/li><li><a class=\"doclink k-ui-namespace\" href=\"https:\/\/www.cm-benavente.pt\/wp-content\/uploads\/2023\/02\/Regulamento-Municipal-para-Atribuicao-de-Bolsas-de-Estudo-versao-atualizada.pdf\" target=\"_blank\" rel=\"noopener\" data-processed=\"data-processed\">Regulamento Municipal para Atribui\u00e7\u00e3o de Bolsas de Estudo<\/a><\/li><li><a class=\"doclink k-ui-namespace\" href=\"https:\/\/www.cm-benavente.pt\/wp-content\/uploads\/2021\/08\/Edital_-RRMGAHS-1.pdf\" target=\"_blank\" rel=\"noopener\" data-processed=\"data-processed\">Regulamento Municipal para atribui\u00e7\u00e3o e Gest\u00e3o de Habita\u00e7\u00f5es Sociais<\/a><\/li><li><a class=\"doclink k-ui-namespace\" href=\"https:\/\/www.cm-benavente.pt\/wp-content\/uploads\/2021\/08\/Edital_RMAS-1.pdf\" target=\"_blank\" rel=\"noopener\" data-processed=\"data-processed\">Regulamento Municipal dos Apoios Sociais<\/a><\/li><\/ul>                    <\/div>\n                <\/div>\n               \n                <div id=\"tme-0831dd7-768483177\"  class=\"tmeaccordion is-default\" data-tmeaccordion-options='{\"selfBlock\": false}'>\n                    <h3 class=\"tmeaccordion__head\">\t\t\t\t\t\t\t\t\t\t\t\t\t\t\t\t\t\tAtividades Econ\u00f3micas                    <\/h3>                    <div class=\"tmeaccordion__body\">\n                        <ul><li><a href=\"https:\/\/www.cm-benavente.pt\/wp-content\/uploads\/2021\/08\/1371313714.pdf\" target=\"_blank\" rel=\"noopener noreferrer\">Regulamento\u00a0dos Per\u00edodos de Abertura e Encerramento dos Estabelecimentos de Venda ao\u00a0P\u00fablico e Presta\u00e7\u00e3o de Servi\u00e7os<\/a><\/li><li><a href=\"https:\/\/www.cm-benavente.pt\/wp-content\/uploads\/2021\/08\/regport_reglicenfiscalactividades-diversas.pdf\">Regulamento Sobre Licenciamento e Fiscaliza\u00e7\u00e3o das Actividades Diversas<\/a><\/li><li><a href=\"https:\/\/www.cm-benavente.pt\/wp-content\/uploads\/2021\/08\/REGULAMENTO-DOS-TAXIS.pdf\">Regulamento dos T\u00e1xis<\/a><\/li><li><a href=\"https:\/\/www.cm-benavente.pt\/wp-content\/uploads\/2021\/08\/edital604_605_606.pdf\" target=\"_blank\" rel=\"noopener\">Regulamento de Publicidade do Munic\u00edpio de Benavente - Edital N.\u00ba 604\/2013<\/a><\/li><li><a href=\"https:\/\/www.cm-benavente.pt\/wp-content\/uploads\/2021\/08\/reg_publicidade_municipio_benavente.pdf\" target=\"_blank\" rel=\"noopener\">Regulamento de Publicidade do Munic\u00edpio de Benavente<\/a><\/li><\/ul>                    <\/div>\n                <\/div>\n               \n                <div id=\"tme-8339b2f-768483177\"  class=\"tmeaccordion is-default\" data-tmeaccordion-options='{\"selfBlock\": false}'>\n                    <h3 class=\"tmeaccordion__head\">\t\t\t\t\t\t\t\t\t\t\t\t\t\t\t\t\t\tAmbiente                    <\/h3>                    <div class=\"tmeaccordion__body\">\n                        <ul><li><a href=\"https:\/\/www.cm-benavente.pt\/wp-content\/uploads\/2021\/08\/Regulamento-Municipal-das-Hortas-ComunitArias.pdf\" target=\"_blank\" rel=\"noopener\">Regulamento Municipal das Hortas Comunit\u00e1rias-\u00a0Munic\u00edpio de Benavente<\/a><\/li><li><a href=\"https:\/\/www.cm-benavente.pt\/wp-content\/uploads\/2021\/08\/Regulamento-Residuos-Solidos.pdf\">Regulamento de Res\u00edduos S\u00f3lidos Urbanos e Higiene P\u00fablica<\/a><\/li><li><a href=\"https:\/\/www.cm-benavente.pt\/wp-content\/uploads\/2021\/08\/Edital-403.pdf\">Edital N.\u00ba 403\/2015 - Regulamento de res\u00edduos s\u00f3lidos urbanos e higiene p\u00fablica<\/a><\/li><li><a href=\"https:\/\/www.cm-benavente.pt\/wp-content\/uploads\/2021\/08\/regport_regremocaoveiculos.pdf\">Regulamento Municipal de remo\u00e7\u00e3o e recolha de ve\u00edculos abandonados e gest\u00e3o ve\u00edculos em fim de vida<\/a><\/li><\/ul>                    <\/div>\n                <\/div>\n               \n                <div id=\"tme-fe86768-768483177\"  class=\"tmeaccordion is-default\" data-tmeaccordion-options='{\"selfBlock\": false}'>\n                    <h3 class=\"tmeaccordion__head\">\t\t\t\t\t\t\t\t\t\t\t\t\t\t\t\t\t\tCentro de Recolha Oficial (CRO)                    <\/h3>                    <div class=\"tmeaccordion__body\">\n                                            <\/div>\n                <\/div>\n               \n                <div id=\"tme-05e775e-768483177\"  class=\"tmeaccordion is-default\" data-tmeaccordion-options='{\"selfBlock\": false}'>\n                    <h3 class=\"tmeaccordion__head\">\t\t\t\t\t\t\t\t\t\t\t\t\t\t\t\t\t\tCultura                    <\/h3>                    <div class=\"tmeaccordion__body\">\n                        <ul><li><a href=\"https:\/\/www.cm-benavente.pt\/wp-content\/uploads\/2021\/08\/regport_regmunapoioassociativismo.pdf\" target=\"_blank\" rel=\"noopener\">Regulamento Municipal de Apoio ao Associativismo<\/a><\/li><li><a href=\"https:\/\/www.cm-benavente.pt\/wp-content\/uploads\/2021\/08\/0433604337.pdf\" target=\"_blank\" rel=\"noopener noreferrer\">1\u00aa Altera\u00e7\u00e3o ao Regulamento Municipal de Apoio ao Associativismo<\/a><\/li><li><a href=\"https:\/\/www.cm-benavente.pt\/wp-content\/uploads\/2021\/08\/edital-228_2017.pdf\" target=\"_blank\" rel=\"noopener\">Edital N.\u00ba 228\/2017 - Altera\u00e7\u00e3o e Retifica\u00e7\u00e3o do Regulamento Municipal de Apoio ao Associativismo do Munic\u00edpio de Benavente<\/a><\/li><li><a href=\"https:\/\/www.cm-benavente.pt\/wp-content\/uploads\/2021\/08\/Alteracao-Retificacao-RMAAMB.pdf\" target=\"_blank\" rel=\"noopener\">Altera\u00e7\u00e3o e retifica\u00e7\u00e3o do Regulamento Municipal de Apoio ao Associativismo do Munic\u00edpio de Benavente<\/a><\/li><li><a class=\"doclink k-ui-namespace\" href=\"https:\/\/www.cm-benavente.pt\/wp-content\/uploads\/2021\/08\/museu.pdf\" target=\"_blank\" rel=\"noopener\" data-processed=\"data-processed\">Regulamento do Museu Municipal de Benavente<\/a><\/li><li><a href=\"https:\/\/www.cm-benavente.pt\/wp-content\/uploads\/2023\/03\/regulamento-cineteatro-benavente.pdf\" target=\"_blank\" rel=\"noopener\">Regulamento do Cine-Teatro de Benavente<\/a><\/li><li><a href=\"https:\/\/www.cm-benavente.pt\/wp-content\/uploads\/2021\/08\/Funcionamento-Utilizacao-e-Gestao-do-Centro-Cultural-de-Samora-Correia.pdf\" target=\"_blank\" rel=\"noopener\">Regulamento de Funcionamento, Utiliza\u00e7\u00e3o e Gest\u00e3o do Centro Cultural de Samora Correia<\/a><\/li><li><a href=\"https:\/\/www.cm-benavente.pt\/wp-content\/uploads\/2021\/08\/REGULAMENTO-DAS-BIBLIOTECAS.pdf\" target=\"_blank\" rel=\"noopener\">Regulamento das Bibliotecas<\/a><\/li><li><a href=\"https:\/\/www.cm-benavente.pt\/wp-content\/uploads\/2023\/03\/regport_regarquivocmb.pdf\" target=\"_blank\" rel=\"noopener\">Regulamento do Arquivo Municipal de Benavente<\/a><\/li><\/ul>                    <\/div>\n                <\/div>\n                \n            <\/div>\n            \t\t\t\t<\/div>\n\t\t\t\t<\/div>\n\t\t\t\t\t<\/div>\n\t\t<\/div>\n\t\t\t\t<div class=\"elementor-column elementor-col-50 elementor-top-column elementor-element elementor-element-704fedd\" data-id=\"704fedd\" data-element_type=\"column\" data-e-type=\"column\">\n\t\t\t<div class=\"elementor-widget-wrap elementor-element-populated\">\n\t\t\t\t\t\t<div class=\"elementor-element elementor-element-7f6e63c elementor-widget elementor-widget-tme-accordion\" data-id=\"7f6e63c\" data-element_type=\"widget\" data-e-type=\"widget\" data-widget_type=\"tme-accordion.default\">\n\t\t\t\t<div class=\"elementor-widget-container\">\n\t\t\t\t\t            <div class=\"tme-accordions\" data-selfclose=\"false\" data-opensingle=\"true\" data-openspeed=\"200\" data-closespeed=\"200\" data-autoscroll=\"false\" data-scrollspeed=\"400\" data-scrolloffset=\"0\">\n               \n                <div id=\"tme-fadd849-1093239730\"  class=\"tmeaccordion is-default\" data-tmeaccordion-options='{\"selfBlock\": false}'>\n                    <h3 class=\"tmeaccordion__head\">\t\t\t\t\t\t\t\t\t\t\t\t\t\t\t\t\t\tDesporto                    <\/h3>                    <div class=\"tmeaccordion__body\">\n                        <ul><li><a href=\"https:\/\/www.cm-benavente.pt\/wp-content\/uploads\/2021\/08\/regport_regmunapoioassociativismo-1.pdf\">Regulamento\u00a0Municipal de\u00a0Apoio\u00a0ao\u00a0Associativismo<\/a><\/li><li><a href=\"https:\/\/www.cm-benavente.pt\/wp-content\/uploads\/2021\/08\/0433604337-1.pdf\" target=\"_blank\" rel=\"noopener noreferrer\">1\u00aa Altera\u00e7\u00e3o ao Regulamento Municipal de Apoio ao Associativismo<\/a><\/li><li><a href=\"https:\/\/www.cm-benavente.pt\/wp-content\/uploads\/2021\/08\/edital-228_2017-1.pdf\">Edital N.\u00ba 228\/2017 - Altera\u00e7\u00e3o e Retifica\u00e7\u00e3o do Regulamento Municipal de Apoio ao Associativismo do Munic\u00edpio de Benavente<\/a><\/li><li><a href=\"https:\/\/www.cm-benavente.pt\/wp-content\/uploads\/2021\/07\/Alteracao-Retificacao-RMAAMB.pdf\">Altera\u00e7\u00e3o e retifica\u00e7\u00e3o do Regulamento Municipal de Apoio ao Associativismo do Munic\u00edpio de Benavente<\/a><\/li><li><a href=\"https:\/\/www.cm-benavente.pt\/wp-content\/uploads\/2021\/08\/regport_regmuninstalcoesdesportivas.pdf\">Regulamento Municipal Sobre a Gest\u00e3o, a Utiliza\u00e7\u00e3o e Ced\u00eancia das Instala\u00e7\u00f5es Desportivas Municipais<\/a><\/li><li><a href=\"https:\/\/www.cm-benavente.pt\/wp-content\/uploads\/2021\/08\/3149531495.pdf\">1\u00aa Rectifica\u00e7\u00e3o e altera\u00e7\u00e3o ao Regulamento Municipal Sobre a Gest\u00e3o, a Utiliza\u00e7\u00e3o e a Ced\u00eancia das Instala\u00e7\u00f5es Desportivas\u00a0Municipais\u00a0)<\/a><\/li><\/ul>                    <\/div>\n                <\/div>\n               \n                <div id=\"tme-0831dd7-1093239730\"  class=\"tmeaccordion is-default\" data-tmeaccordion-options='{\"selfBlock\": false}'>\n                    <h3 class=\"tmeaccordion__head\">\t\t\t\t\t\t\t\t\t\t\t\t\t\t\t\t\t\tEduca\u00e7\u00e3o                    <\/h3>                    <div class=\"tmeaccordion__body\">\n                        <ul><li><a href=\"https:\/\/www.cm-benavente.pt\/wp-content\/uploads\/2021\/08\/Regulamento-CMJuventude.pdf\">Regulamento do Conselho Municipal de Juventude de Benavente<\/a><\/li><\/ul>                    <\/div>\n                <\/div>\n               \n                <div id=\"tme-8339b2f-1093239730\"  class=\"tmeaccordion is-default\" data-tmeaccordion-options='{\"selfBlock\": false}'>\n                    <h3 class=\"tmeaccordion__head\">\t\t\t\t\t\t\t\t\t\t\t\t\t\t\t\t\t\tObras                    <\/h3>                    <div class=\"tmeaccordion__body\">\n                        <ul><li><a href=\"https:\/\/www.cm-benavente.pt\/wp-content\/uploads\/2021\/08\/regport_regmunurbanizacaoedificacao.pdf\">Regulamento Municipal da Urbaniza\u00e7\u00e3o e da Edifica\u00e7\u00e3o<\/a><\/li><li><a href=\"https:\/\/www.cm-benavente.pt\/wp-content\/uploads\/2021\/08\/edital606_2013.pdf\">Regulamento de Ocupa\u00e7\u00e3o do Espa\u00e7o P\u00fablico - Edital N.\u00ba 606\/2013<\/a><\/li><li><a href=\"https:\/\/www.cm-benavente.pt\/wp-content\/uploads\/2021\/08\/REG.-DE-OCUPACAO-DO-ESPACO-PUBLICO-TEXTO-APOS-APROVACAO-DA-AM-DE-26.04.2013-PARA-PUB.-EM-DR.pdf\">Regulamento de Ocupa\u00e7\u00e3o do Espa\u00e7o P\u00fablico<\/a><\/li><li><a href=\"https:\/\/www.cm-benavente.pt\/wp-content\/uploads\/2021\/08\/edital604_605_606-1.pdf\">Regulamento de Obras e Trabalhos no Espa\u00e7o P\u00fablico Relativos \u00e0 Constru\u00e7\u00e3o, Instala\u00e7\u00e3o, Uso e Conserva\u00e7\u00e3o de Infraestruturas no Munic\u00edpio de Benavente - Edital N.\u00ba 605\/2013<\/a><\/li><li><a href=\"https:\/\/www.cm-benavente.pt\/wp-content\/uploads\/2021\/08\/reg_obras_trabalhos-1.pdf\">Regulamento de obras e trabalhos no espa\u00e7o p\u00fablico relativos \u00e0 constru\u00e7\u00e3o, instala\u00e7\u00e3o, uso e conserva\u00e7\u00e3o de infraestruturas<\/a><\/li><li><a href=\"https:\/\/www.cm-benavente.pt\/wp-content\/uploads\/2021\/08\/regport_regarquivocmb.pdf\">Regulamento do Arquivo da C\u00e2mara Municipal de Benavente<\/a><\/li><li><a href=\"https:\/\/www.cm-benavente.pt\/wp-content\/uploads\/2021\/08\/reg_toponimia_numeracao_policial.pdf\">Regulamento Municipal de Topon\u00edmia e Numera\u00e7\u00e3o Policial<\/a><\/li><li><a href=\"https:\/\/www.cm-benavente.pt\/wp-content\/uploads\/2021\/08\/ALTERACOES-AO-REG.-MUN.-DE-TOPONIMIA-E-NUMERACAO-POLICIAL.pdf\">Altera\u00e7\u00f5es ao Regulamento de Topon\u00edmia e Numera\u00e7\u00e3o Policial<\/a>\u00a0)<\/li><\/ul>                    <\/div>\n                <\/div>\n               \n                <div id=\"tme-2042215-1093239730\"  class=\"tmeaccordion is-default\" data-tmeaccordion-options='{\"selfBlock\": false}'>\n                    <h3 class=\"tmeaccordion__head\">\t\t\t\t\t\t\t\t\t\t\t\t\t\t\t\t\t\tTaxas                    <\/h3>                    <div class=\"tmeaccordion__body\">\n                        <ul><li>Para consulta das tabelas de taxas atualizadas, clicar <a href=\"https:\/\/www.cm-benavente.pt\/index.php\/municipio\/transparencia-municipal\/documentos-de-gestao\/\" target=\"_blank\" rel=\"noopener noreferrer\">aqui<\/a><\/li><li><a href=\"https:\/\/www.cm-benavente.pt\/wp-content\/uploads\/2021\/08\/regport_regtaxasmunbnv.pdf\">Regulamento de Taxas do Munic\u00edpio de Benavente<\/a>\u00a0(em vigor a partir de 15-06-2010)<\/li><li><a href=\"https:\/\/www.cm-benavente.pt\/wp-content\/uploads\/2021\/08\/regport_1altregtaxasmunbnv.pdf\">1\u00aa Altera\u00e7\u00e3o ao Regulamento de Taxas do Munic\u00edpio de Benavente<\/a>\u00a0(em vigor a partir de 21-07-2011)<\/li><li><a href=\"https:\/\/www.cm-benavente.pt\/wp-content\/uploads\/2021\/08\/regport_2altregtaxasmunbnv.pdf\">2\u00aa Altera\u00e7\u00e3o e Rectifica\u00e7\u00e3o \u00e0 1\u00aa Altera\u00e7\u00e3o ao Regulamento de Taxas do Munic\u00edpio de Benavente<\/a>\u00a0(em vigor a partir de 01-11-2011)<\/li><li><a href=\"https:\/\/www.cm-benavente.pt\/wp-content\/uploads\/2021\/08\/3586735950.pdf\" target=\"_blank\" rel=\"noopener noreferrer\">3\u00aa Altera\u00e7\u00e3o ao Regulamento de Taxas do Munic\u00edpio<\/a>\u00a0de Benavente\u00a0(em vigor a partir de 01\/01\/2014)\u00a0<\/li><li><a href=\"https:\/\/www.cm-benavente.pt\/wp-content\/uploads\/2021\/08\/4alteracaoaoregulamentodetaxasdomunicipiodebenavente.pdf\">4\u00aa Altera\u00e7\u00e3o ao Regulamento de Taxas do Munic\u00edpio de Benavente<\/a>\u00a0(em vigor a\u00a0partir\u00a0de 31\/03\/2015)\u00a0<\/li><li>Republica\u00e7\u00e3o (em vigor a partir de 31.03.2015):<\/li><li><a href=\"https:\/\/www.cm-benavente.pt\/wp-content\/uploads\/2021\/08\/RTMB-4alteracao-republicacao-articulado-e-anexo-IV-1.pdf\">Articulado e Anexo IV<\/a><\/li><\/ul>                    <\/div>\n                <\/div>\n               \n                <div id=\"tme-06a40f4-1093239730\"  class=\"tmeaccordion is-default\" data-tmeaccordion-options='{\"selfBlock\": false}'>\n                    <h3 class=\"tmeaccordion__head\">\t\t\t\t\t\t\t\t\t\t\t\t\t\t\t\t\t\tOutros                    <\/h3>                    <div class=\"tmeaccordion__body\">\n                        <ul><li><a href=\"https:\/\/www.cm-benavente.pt\/wp-content\/uploads\/2024\/01\/Regulamento-do-sistema-de-bicicletas-partilhadas-do-Municipio-de-Benavente@05092023.pdf\">Regulamento do sistema de bicicletas partilhadas do Munic\u00edpio de Benavente<\/a><\/li><li><a href=\"https:\/\/www.cm-benavente.pt\/wp-content\/uploads\/2023\/03\/Regulamento-n-10352022-Regulamento-Municipal-de-Apoio-a-Fixacao-de-Medicos-\u2014-Unidade-de-Cuidados-de-Saude-Personalizados-UCSP-de-Benavente.pdf\">Regulamento n\u00ba 1035\/2022 - Regulamento Municipal de Apoio \u00e0 Fixa\u00e7\u00e3o de M\u00e9dicos \u2014 Unidade de Cuidados de Sa\u00fade Personalizados (UCSP) de Benavente<\/a><\/li><\/ul>                    <\/div>\n                <\/div>\n                \n            <\/div>\n            \t\t\t\t<\/div>\n\t\t\t\t<\/div>\n\t\t\t\t\t<\/div>\n\t\t<\/div>\n\t\t\t\t\t<\/div>\n\t\t<\/section>\n\t\t\t\t<\/div>\n\t\t","protected":false},"excerpt":{"rendered":"<p>Regulamentos em vigor A\u00e7\u00e3o Social Regulamento Municipal do Cart\u00e3o S\u00e9nior Regulamento Municipal para Atribui\u00e7\u00e3o de Bolsas de Estudo Regulamento Municipal para atribui\u00e7\u00e3o e Gest\u00e3o de Habita\u00e7\u00f5es Sociais Regulamento Municipal dos Apoios Sociais Atividades Econ\u00f3micas Regulamento\u00a0dos Per\u00edodos de Abertura e Encerramento dos Estabelecimentos de Venda ao\u00a0P\u00fablico e Presta\u00e7\u00e3o de Servi\u00e7os Regulamento Sobre Licenciamento e Fiscaliza\u00e7\u00e3o das [&hellip;]<\/p>\n","protected":false},"author":6,"featured_media":0,"parent":3746,"menu_order":0,"comment_status":"closed","ping_status":"closed","template":"","meta":{"_vp_format_video_url":"","_vp_image_focal_point":[],"footnotes":""},"class_list":["post-1252","page","type-page","status-publish","hentry"],"_links":{"self":[{"href":"https:\/\/www.cm-benavente.pt\/index.php\/wp-json\/wp\/v2\/pages\/1252","targetHints":{"allow":["GET"]}}],"collection":[{"href":"https:\/\/www.cm-benavente.pt\/index.php\/wp-json\/wp\/v2\/pages"}],"about":[{"href":"https:\/\/www.cm-benavente.pt\/index.php\/wp-json\/wp\/v2\/types\/page"}],"author":[{"embeddable":true,"href":"https:\/\/www.cm-benavente.pt\/index.php\/wp-json\/wp\/v2\/users\/6"}],"replies":[{"embeddable":true,"href":"https:\/\/www.cm-benavente.pt\/index.php\/wp-json\/wp\/v2\/comments?post=1252"}],"version-history":[{"count":30,"href":"https:\/\/www.cm-benavente.pt\/index.php\/wp-json\/wp\/v2\/pages\/1252\/revisions"}],"predecessor-version":[{"id":56935,"href":"https:\/\/www.cm-benavente.pt\/index.php\/wp-json\/wp\/v2\/pages\/1252\/revisions\/56935"}],"up":[{"embeddable":true,"href":"https:\/\/www.cm-benavente.pt\/index.php\/wp-json\/wp\/v2\/pages\/3746"}],"wp:attachment":[{"href":"https:\/\/www.cm-benavente.pt\/index.php\/wp-json\/wp\/v2\/media?parent=1252"}],"curies":[{"name":"wp","href":"https:\/\/api.w.org\/{rel}","templated":true}]}}